{"id":55027,"date":"2022-09-26T17:24:03","date_gmt":"2022-09-26T14:24:03","guid":{"rendered":"https:\/\/irlanyahomes.com\/?page_id=55027"},"modified":"2022-09-26T17:50:17","modified_gmt":"2022-09-26T14:50:17","slug":"what-is-iskan-for-real-estate-in-turkey-and-what-types-of-it-exist","status":"publish","type":"page","link":"https:\/\/irlanyahomes.com\/tr\/blog\/what-is-iskan-for-real-estate-in-turkey-and-what-types-of-it-exist\/","title":{"rendered":"Ferdi iskan ile genel iskan aras\u0131ndaki fark nedir?"},"content":{"rendered":"<p>[vc_row][vc_column width=&#8221;1\/3&#8243;][vc_single_image image=&#8221;55028&#8243; img_size=&#8221;medium&#8221; onclick=&#8221;link_image&#8221;][\/vc_column][vc_column width=&#8221;2\/3&#8243;]<div class=\"mh-heading-wrapper--left \">\r\n\t\r\n        <div class=\"mh-heading-wrapper\">\r\n            <h4            class=\"mh-heading  mh-heading--bottom-separator   \"\r\n            style=\"font-weight:700;\">\r\n\t\t\tFerdi iskan ile genel iskan aras\u0131ndaki fark nedir?        <\/h4>\r\n\r\n\t\t    <\/div>\r\n\r\n\t<\/div>[vc_column_text]\u0130skan belgesi, herhangi bir in\u015faat\u0131n yap\u0131m\u0131n\u0131n bitmesi sonucu ba\u011fl\u0131 bulundu\u011fu belediyeden al\u0131nan izin olarak ifade ediliyor. Bu izin; &#8220;Genel \u0130skan&#8221; ve &#8220;Ferdi \u0130skan&#8221; olmak \u00fczere iki \u015fekilde kar\u015f\u0131m\u0131za \u00e7\u0131k\u0131yor. Peki ferdi iskan ile genel iskan aras\u0131ndaki fark nedir? diyorsan\u0131z i\u015fte yan\u0131t\u0131&#8230;[\/vc_column_text][\/vc_column][\/vc_row][vc_row][vc_column][vc_column_text]<\/p>\n<p>Ferdi iskan ile genel iskan aras\u0131ndaki fark&#8230;<\/p>\n<p>Ferdi iskan belgesi, s\u00f6z konusu ba\u011f\u0131ms\u0131z b\u00f6l\u00fcm\u00fcn bulundu\u011fu binan\u0131n, yap\u0131 kullanma izin belgesi (Genel \u0130skan Belgesi) var ise al\u0131nabiliyor. Ferdi iskan i\u00e7in ba\u015fvuruda bulunan ki\u015fi sahip oldu\u011fu m\u00fclk\u00fcn metrekare ve binanin s\u0131n\u0131f\u0131na g\u00f6re vergi dairesine har\u00e7lar\u0131n\u0131 yat\u0131r\u0131yor. Daha sonra tapuda yap\u0131lan cins de\u011fi\u015fikli\u011fi sonras\u0131 dairesinin tapusunu ve ferdi iskan\u0131n\u0131 al\u0131yor.<\/p>\n<p>&nbsp;<\/p>\n<p>Genel \u0130skan Belgesi yani Yap\u0131 Kullanma \u0130zin Belgesi, b\u00fct\u00fcn ba\u011f\u0131ms\u0131z b\u00f6l\u00fcmleri kapsayan komple bina ile ilgili genel bir izin belgesi oluyor. Binan\u0131n projesine uygun \u015fekilde in\u015faa edilerek tamamland\u0131\u011f\u0131n\u0131 g\u00f6sterir mahalli belediyesince tasdik edilmi\u015f olan bir belgedir. Yap\u0131 Kullanma \u0130zin Belgesi (Genel \u0130skan Belgesi) masraflar\u0131 ise genellikle m\u00fcteahhit firma taraf\u0131ndan kar\u015f\u0131lan\u0131yor.<\/p>\n<p>&nbsp;<\/p>\n<p>Genel ve Ferdi iskanda \u00f6denecek bedeller \u015fu \u015fekilde..<\/p>\n<p>Su saya\u00e7 bedeli: Abonesi taraf\u0131ndan \u00f6deniyor.<\/p>\n<p>Topraklama bedeli: M\u00fcteahhit taraf\u0131ndan \u00f6deniyor.<\/p>\n<p>DASK: Abonesi taraf\u0131ndan \u00f6deniyor.<\/p>\n<p>[\/vc_column_text][\/vc_column][\/vc_row]<\/p>\n","protected":false},"excerpt":{"rendered":"<p>[vc_row][vc_column width=&#8221;1\/3&#8243;][vc_single_image image=&#8221;55028&#8243; img_size=&#8221;medium&#8221; onclick=&#8221;link_image&#8221;][\/vc_column][vc_column width=&#8221;2\/3&#8243;][vc_column_text]\u0130skan belgesi, herhangi bir in\u015faat\u0131n yap\u0131m\u0131n\u0131n bitmesi sonucu ba\u011fl\u0131 bulundu\u011fu belediyeden al\u0131nan izin olarak ifade ediliyor. Bu izin; &#8220;Genel \u0130skan&#8221; ve &#8220;Ferdi \u0130skan&#8221; olmak \u00fczere iki \u015fekilde kar\u015f\u0131m\u0131za \u00e7\u0131k\u0131yor. Peki ferdi iskan ile genel iskan aras\u0131ndaki fark nedir? diyorsan\u0131z i\u015fte yan\u0131t\u0131&#8230;[\/vc_column_text][\/vc_column][\/vc_row][vc_row][vc_column][vc_column_text] Ferdi iskan ile genel iskan aras\u0131ndaki fark&#8230; Ferdi iskan [&hellip;]<\/p>\n","protected":false},"author":14,"featured_media":55028,"parent":1721,"menu_order":0,"comment_status":"closed","ping_status":"closed","template":"","meta":{"footnotes":""},"_links":{"self":[{"href":"https:\/\/irlanyahomes.com\/tr\/wp-json\/wp\/v2\/pages\/55027"}],"collection":[{"href":"https:\/\/irlanyahomes.com\/tr\/wp-json\/wp\/v2\/pages"}],"about":[{"href":"https:\/\/irlanyahomes.com\/tr\/wp-json\/wp\/v2\/types\/page"}],"author":[{"embeddable":true,"href":"https:\/\/irlanyahomes.com\/tr\/wp-json\/wp\/v2\/users\/14"}],"replies":[{"embeddable":true,"href":"https:\/\/irlanyahomes.com\/tr\/wp-json\/wp\/v2\/comments?post=55027"}],"version-history":[{"count":4,"href":"https:\/\/irlanyahomes.com\/tr\/wp-json\/wp\/v2\/pages\/55027\/revisions"}],"predecessor-version":[{"id":55039,"href":"https:\/\/irlanyahomes.com\/tr\/wp-json\/wp\/v2\/pages\/55027\/revisions\/55039"}],"up":[{"embeddable":true,"href":"https:\/\/irlanyahomes.com\/tr\/wp-json\/wp\/v2\/pages\/1721"}],"wp:featuredmedia":[{"embeddable":true,"href":"https:\/\/irlanyahomes.com\/tr\/wp-json\/wp\/v2\/media\/55028"}],"wp:attachment":[{"href":"https:\/\/irlanyahomes.com\/tr\/wp-json\/wp\/v2\/media?parent=55027"}],"curies":[{"name":"wp","href":"https:\/\/api.w.org\/{rel}","templated":true}]}}