{"id":55025,"date":"2022-11-21T14:09:46","date_gmt":"2022-11-21T11:09:46","guid":{"rendered":"https:\/\/irlanyahomes.com\/?page_id=55025"},"modified":"2022-11-21T14:09:46","modified_gmt":"2022-11-21T11:09:46","slug":"how-to-choose-a-real-estate-agency-in-turkey","status":"publish","type":"page","link":"https:\/\/irlanyahomes.com\/tr\/blog\/how-to-choose-a-real-estate-agency-in-turkey\/","title":{"rendered":"T\u00fcrkiye&#8217;de bir emlak firmas\u0131 nas\u0131l se\u00e7ilir"},"content":{"rendered":"<p>[vc_row][vc_column width=&#8221;1\/3&#8243;][vc_single_image image=&#8221;59035&#8243; img_size=&#8221;medium&#8221; onclick=&#8221;link_image&#8221;][\/vc_column][vc_column width=&#8221;2\/3&#8243;]<div class=\"mh-heading-wrapper--left \">\r\n\t\r\n        <div class=\"mh-heading-wrapper\">\r\n            <h4            class=\"mh-heading  mh-heading--bottom-separator   \"\r\n            style=\"font-weight:700;\">\r\n\t\t\tT\u00fcrkiye&#039;de bir emlak firmas\u0131 nas\u0131l se\u00e7ilir?        <\/h4>\r\n\r\n\t\t    <\/div>\r\n\r\n\t<\/div>[vc_column_text]<\/p>\n<p>Sadece T\u00fcrkiye&#8217;de de\u011fil herhangi bir \u00fclkede emlak ofisi se\u00e7erken \u015fu noktalara dikkat etmeniz gerekiyor:<\/p>\n<p>Ajans anla\u015fman\u0131n ne kadar\u0131n\u0131 veya tamam\u0131n\u0131 ele alacak?<br \/>\n&#8211; Gayrimenkul araman\u0131zda size yard\u0131mc\u0131 olacaklar m\u0131 yoksa sadece kendi buldu\u011funuz nesnenin tasar\u0131m\u0131na e\u015flik edecekler mi? Gerekirse yenileme\/tefri\u015fat ve di\u011fer sat\u0131\u015f sonras\u0131 hizmetler i\u00e7in yard\u0131m olacak m\u0131 ve bunun i\u00e7in \u00fccret alacaklar m\u0131? Gelecekte kirac\u0131 veya yeniden sat\u0131\u015f bulman\u0131za yard\u0131mc\u0131 olacaklar m\u0131?<br \/>\n&#8211; Ajans\u0131n emlak piyasas\u0131nda sadece arac\u0131l\u0131k deneyimi var m\u0131 ve ne t\u00fcr gayrimenkul: birincil, ikincil, konut, ticari? Kendi geli\u015ftirme projelerinizi geli\u015ftirme konusunda deneyiminiz var m\u0131?<br \/>\n&#8211; T\u00fcm a\u015famalarda size tek bir y\u00f6netici mi e\u015flik edecek yoksa s\u00fcrekli de\u011fi\u015fecek mi?<\/p>\n<p>[\/vc_column_text][\/vc_column][\/vc_row][vc_row][vc_column][vc_column_text]<\/p>\n<p>Bir di\u011fer \u00f6nemli kriter ise kesinlikle \u015firketin ge\u00e7mi\u015fidir: piyasada var oldu\u011fu s\u00fcre, itibar ve geni\u015f \u00e7evrelerde marka bilinirli\u011fi. Son i\u015flemlerin deneyimi, ba\u015far\u0131lar\u0131 ve m\u00fc\u015fteri hizmetlerinin kalitesi.<br \/>\nT\u00fcrkiye&#8217;de hala g\u00fcvene dayal\u0131 bir\u00e7ok anla\u015fman\u0131n s\u00f6zde yap\u0131lmas\u0131na ra\u011fmen, ajansla yap\u0131lan Anla\u015fmadaki t\u00fcm n\u00fcanslar\u0131n yaz\u0131lmas\u0131 son derece arzu edilir. Bu, huzurlu uykunuzu koruyacak ve sizi gelecekteki \u00e7at\u0131\u015fma durumlar\u0131ndan koruyacakt\u0131r.<br \/>\nTabii ki, t\u00fcm a\u015famalarda ajans ve \u00e7al\u0131\u015fanlar\u0131 ile etkile\u015fimde rahat olmal\u0131s\u0131n\u0131z. Herhangi bir ek soru, rahats\u0131zl\u0131k veya stres yaratmamal\u0131d\u0131r, \u00e7\u00fcnk\u00fc emlak sat\u0131n almak, ister kendisi i\u00e7in ister yat\u0131r\u0131m ama\u00e7l\u0131 olsun, her insan\u0131n hayat\u0131nda \u00f6nemli bir ad\u0131md\u0131r.<\/p>\n<p>Yukar\u0131daki t\u00fcm kriterler bir aradaysa, Irlanya Homes&#8217;un profesyonel ekibinin emin ellerindesiniz ve i\u015fleminiz ba\u015far\u0131ya mahkum! M\u00fc\u015fterilerimiz \u00f6m\u00fcr boyu bizimle kal\u0131yor ve \u00e7ocuklar\u0131n\u0131z b\u00fcy\u00fcrken, ba\u015far\u0131ya ula\u015f\u0131rken ve kendilerini a\u015farken her birinizi g\u00f6rmekten mutluluk duyuyoruz!<\/p>\n<p>[\/vc_column_text][\/vc_column][\/vc_row]<\/p>\n","protected":false},"excerpt":{"rendered":"<p>[vc_row][vc_column width=&#8221;1\/3&#8243;][vc_single_image image=&#8221;59035&#8243; img_size=&#8221;medium&#8221; onclick=&#8221;link_image&#8221;][\/vc_column][vc_column width=&#8221;2\/3&#8243;][vc_column_text] Sadece T\u00fcrkiye&#8217;de de\u011fil herhangi bir \u00fclkede emlak ofisi se\u00e7erken \u015fu noktalara dikkat etmeniz gerekiyor: Ajans anla\u015fman\u0131n ne kadar\u0131n\u0131 veya tamam\u0131n\u0131 ele alacak? &#8211; Gayrimenkul araman\u0131zda size yard\u0131mc\u0131 olacaklar m\u0131 yoksa sadece kendi buldu\u011funuz nesnenin tasar\u0131m\u0131na e\u015flik edecekler mi? Gerekirse yenileme\/tefri\u015fat ve di\u011fer sat\u0131\u015f sonras\u0131 hizmetler i\u00e7in yard\u0131m olacak m\u0131 [&hellip;]<\/p>\n","protected":false},"author":14,"featured_media":59035,"parent":1721,"menu_order":0,"comment_status":"closed","ping_status":"closed","template":"","meta":{"footnotes":""},"_links":{"self":[{"href":"https:\/\/irlanyahomes.com\/tr\/wp-json\/wp\/v2\/pages\/55025"}],"collection":[{"href":"https:\/\/irlanyahomes.com\/tr\/wp-json\/wp\/v2\/pages"}],"about":[{"href":"https:\/\/irlanyahomes.com\/tr\/wp-json\/wp\/v2\/types\/page"}],"author":[{"embeddable":true,"href":"https:\/\/irlanyahomes.com\/tr\/wp-json\/wp\/v2\/users\/14"}],"replies":[{"embeddable":true,"href":"https:\/\/irlanyahomes.com\/tr\/wp-json\/wp\/v2\/comments?post=55025"}],"version-history":[{"count":2,"href":"https:\/\/irlanyahomes.com\/tr\/wp-json\/wp\/v2\/pages\/55025\/revisions"}],"predecessor-version":[{"id":59067,"href":"https:\/\/irlanyahomes.com\/tr\/wp-json\/wp\/v2\/pages\/55025\/revisions\/59067"}],"up":[{"embeddable":true,"href":"https:\/\/irlanyahomes.com\/tr\/wp-json\/wp\/v2\/pages\/1721"}],"wp:featuredmedia":[{"embeddable":true,"href":"https:\/\/irlanyahomes.com\/tr\/wp-json\/wp\/v2\/media\/59035"}],"wp:attachment":[{"href":"https:\/\/irlanyahomes.com\/tr\/wp-json\/wp\/v2\/media?parent=55025"}],"curies":[{"name":"wp","href":"https:\/\/api.w.org\/{rel}","templated":true}]}}