{"id":27317,"date":"2021-07-16T10:04:35","date_gmt":"2021-07-16T07:04:35","guid":{"rendered":"https:\/\/irlanyahomes.com\/?page_id=27317"},"modified":"2021-07-16T10:05:02","modified_gmt":"2021-07-16T07:05:02","slug":"privacy-policy","status":"publish","type":"page","link":"https:\/\/irlanyahomes.com\/tr\/privacy-policy\/","title":{"rendered":"Gizlilik Politikas\u0131"},"content":{"rendered":"<p>Bu \u00c7erez Politikas\u0131 (\u201cPolitika\u201d); Irlanya Emlak \u0130n\u015f. Tur. Tic. Ltd. \u015eti. (\u201c\u015eirket\u201d) taraf\u0131ndan y\u00fcr\u00fct\u00fclen ve \u015eirkete ait olan https:\/\/irlanyahomes.com internet sitesi (\u201c\u0130nternet Sitesi\u201d) i\u00e7in ge\u00e7erli olup, \u00e7erez kullan\u0131m\u0131na ili\u015fkin ilkeleri a\u00e7\u0131klamaktad\u0131r.<\/p>\n<p>\u0130nternet sitemiz ziyaret edildi\u011finde site kullan\u0131m\u0131na ili\u015fkin bilgi toplamak i\u00e7in \u00e7erezler kullan\u0131lmaktad\u0131r. Buradaki \u015firketimiz taraf\u0131ndan g\u00fcd\u00fclen ama\u00e7; internet sitemizi kullanan siz de\u011ferli ziyaret\u00e7ilerimizin kullan\u0131m\u0131n\u0131 kolayla\u015ft\u0131rmak ve internet sitemizi daha iyiye nas\u0131l ta\u015f\u0131yabilece\u011fimizi \u00f6l\u00e7mektir.<\/p>\n<p>\u0130nternet Sitesini kullanarak ve \u00e7erez politikalar\u0131na r\u0131za g\u00f6stererek, \u00e7erezlerin i\u015fbu Politika ile uyumlu \u015fekilde kullan\u0131lmas\u0131na ve zaman zaman ki\u015fisel verilerinizi de i\u00e7erebilecek \u015fekilde verilerinizin bu Politika kapsam\u0131nda i\u015flenmesine, aktar\u0131lmas\u0131na onay vermi\u015f olursunuz.<\/p>\n<p>\u00c7erezler arac\u0131l\u0131\u011f\u0131 ile ki\u015fisel veri toplanmas\u0131 m\u00fcmk\u00fcn olmakla birlikte, \u00e7erezler arac\u0131l\u0131\u011f\u0131yla toplanan her t\u00fcrl\u00fc veri ki\u015fisel veri niteli\u011fi ta\u015f\u0131mayabilecektir. Bu nedenle \u00e7erezler arac\u0131l\u0131\u011f\u0131yla elde edilen verilerin ancak T\u00fcrk Hukuku \u00e7er\u00e7evesinde ki\u015fisel veri te\u015fkil ettikleri \u00f6lc\u0327\u00fcde, i\u015fbu Politika ve Ki\u015fisel Verilerin Korunmas\u0131 Kanunu (KVKK) kapsam\u0131nda de\u011ferlendirilece\u011fi dikkate al\u0131nmal\u0131d\u0131r.<\/p>\n","protected":false},"excerpt":{"rendered":"<p>Bu \u00c7erez Politikas\u0131 (\u201cPolitika\u201d); Irlanya Emlak \u0130n\u015f. Tur. Tic. Ltd. \u015eti. (\u201c\u015eirket\u201d) taraf\u0131ndan y\u00fcr\u00fct\u00fclen ve \u015eirkete ait olan https:\/\/irlanyahomes.com internet sitesi (\u201c\u0130nternet Sitesi\u201d) i\u00e7in ge\u00e7erli olup, \u00e7erez kullan\u0131m\u0131na ili\u015fkin ilkeleri a\u00e7\u0131klamaktad\u0131r. \u0130nternet sitemiz ziyaret edildi\u011finde site kullan\u0131m\u0131na ili\u015fkin bilgi toplamak i\u00e7in \u00e7erezler kullan\u0131lmaktad\u0131r. Buradaki \u015firketimiz taraf\u0131ndan g\u00fcd\u00fclen ama\u00e7; internet sitemizi kullanan siz de\u011ferli ziyaret\u00e7ilerimizin kullan\u0131m\u0131n\u0131 [&hellip;]<\/p>\n","protected":false},"author":14,"featured_media":0,"parent":0,"menu_order":0,"comment_status":"closed","ping_status":"closed","template":"","meta":{"footnotes":""},"_links":{"self":[{"href":"https:\/\/irlanyahomes.com\/tr\/wp-json\/wp\/v2\/pages\/27317"}],"collection":[{"href":"https:\/\/irlanyahomes.com\/tr\/wp-json\/wp\/v2\/pages"}],"about":[{"href":"https:\/\/irlanyahomes.com\/tr\/wp-json\/wp\/v2\/types\/page"}],"author":[{"embeddable":true,"href":"https:\/\/irlanyahomes.com\/tr\/wp-json\/wp\/v2\/users\/14"}],"replies":[{"embeddable":true,"href":"https:\/\/irlanyahomes.com\/tr\/wp-json\/wp\/v2\/comments?post=27317"}],"version-history":[{"count":3,"href":"https:\/\/irlanyahomes.com\/tr\/wp-json\/wp\/v2\/pages\/27317\/revisions"}],"predecessor-version":[{"id":27912,"href":"https:\/\/irlanyahomes.com\/tr\/wp-json\/wp\/v2\/pages\/27317\/revisions\/27912"}],"wp:attachment":[{"href":"https:\/\/irlanyahomes.com\/tr\/wp-json\/wp\/v2\/media?parent=27317"}],"curies":[{"name":"wp","href":"https:\/\/api.w.org\/{rel}","templated":true}]}}