{"id":2708,"date":"2018-06-16T12:55:31","date_gmt":"2018-06-16T12:55:31","guid":{"rendered":"https:\/\/myhometheme.net\/market\/?page_id=2708"},"modified":"2021-11-22T16:48:00","modified_gmt":"2021-11-22T13:48:00","slug":"services","status":"publish","type":"page","link":"https:\/\/irlanyahomes.com\/tr\/services\/","title":{"rendered":"Hizmetlerimiz"},"content":{"rendered":"<p>[vc_row full_width=&#8221;stretch_row&#8221; css=&#8221;.vc_custom_1579420767104{margin-bottom: 24px !important;}&#8221;][vc_column][vc_column_text]<\/p>\n<h4>Misyonumuz, vizyonumuz ve temel de\u011ferlerimizle olu\u015fturdu\u011fumuz y\u00fcksek kalite politikam\u0131z do\u011frultusunda, \u00fcr\u00fcn ve hizmetlerimizin yaratt\u0131\u011f\u0131 m\u00fc\u015fteri memnuniyetinin b\u00fcy\u00fck \u00f6nemine de inan\u0131yoruz.<\/h4>\n<p>Size m\u00fcmk\u00fcn olan en iyi hizmeti sunmak i\u00e7in, &#8220;<strong>\u0130rlanya Homes\u00a0<\/strong>&#8221; olarak, m\u00fc\u015fteri ili\u015fkileri s\u00fcre\u00e7lerini iyile\u015ftirmeye y\u00f6nelik genel stratejiler ve \u00e7abalar yoluyla m\u00fc\u015fteri memnuniyetine olan ba\u011fl\u0131l\u0131\u011f\u0131m\u0131z\u0131 g\u00fc\u00e7lendirdik.<\/p>\n<p>Irlanya Homes, yurtd\u0131\u015f\u0131nda bir m\u00fclk sat\u0131n almaya veya satmaya \u00e7al\u0131\u015f\u0131rken endi\u015fenizi sizden al\u0131yor \u00e7\u00fcnk\u00fc bunun b\u00fcy\u00fck bir endi\u015fe olabilece\u011fini ve \u00e7o\u011fu zaman \u00f6nemli bir yat\u0131r\u0131m\u0131 temsil etti\u011fini biliyorsunuz. Verimli bir m\u00fc\u015fteri hizmeti sunmak, T\u00fcrkiye&#8217;yi, insanlar\u0131n\u0131, dilini anlamak ve kendi sistemi i\u00e7inde \u00e7al\u0131\u015fabilmek demektir. \u00c7e\u015fitli otoritelerin nas\u0131l \u00e7al\u0131\u015ft\u0131\u011f\u0131n\u0131, i\u015flerin yasal, h\u0131zl\u0131 ve etkili bir \u015fekilde nas\u0131l yap\u0131laca\u011f\u0131n\u0131 bilmek anlam\u0131na gelir. Bu, herhangi bir zamanda ihtiya\u00e7 duyulabilecek \u00f6zel hizmetlerden herhangi birini arayacak g\u00fcvenilir profesyonellerden olu\u015fan bir ekibe sahip olmak anlam\u0131na gelir.<\/p>\n<p>T\u00fcrkiye&#8217;deki m\u00fclk\u00fcn\u00fcz \u00f6nemli bir yat\u0131r\u0131m\u0131 temsil eder &#8211; aileniz ve arkada\u015flar\u0131n\u0131z i\u00e7in \u00f6nemli bir varl\u0131k olarak kal\u0131rken bir zevk ve s\u00fcregelen zevk kayna\u011f\u0131d\u0131r. Kal\u0131c\u0131 olarak ikamet etmiyorsan\u0131z, ikinci bir eve sahip olmak, i\u015fletmek ve korumakla ilgili i\u015fler de\u011ferli zaman\u0131n\u0131z\u0131n \u00e7o\u011funu alacakt\u0131r.[\/vc_column_text]<div class=\"mh-heading-wrapper--left \">\r\n\t\r\n        <div class=\"mh-heading-wrapper\">\r\n            <h4            class=\"mh-heading  mh-heading--bottom-separator   \"\r\n            style=\"font-weight:700;\">\r\n\t\t\tSundu\u011fumuz hizmetler!        <\/h4>\r\n\r\n\t\t    <\/div>\r\n\r\n\t<\/div>[vc_column_text]\u00d6zel bir hizmet t\u00fcr\u00fc sunuyoruz.<br \/>\nBizimle emin ellerdesiniz. De\u011ferli zaman\u0131n\u0131z\u0131n tad\u0131n\u0131 \u00e7\u0131kar\u0131n. \u0130htiyac\u0131n\u0131z ne olursa olsun, yan\u0131n\u0131zda olaca\u011f\u0131z.[\/vc_column_text][\/vc_column][\/vc_row][vc_row][vc_column width=&#8221;1\/3&#8243;]\n<div id=\"interactive-banner-1-wrap-6670\" class=\"ult-banner-block ult-adjust-bottom-margin ult-bb-box ult-banner-block-custom-height banner-style01 \"   style=\"height:240px;\">\n\t<img decoding=\"async\" src=\"https:\/\/irlanyahomes.com\/wp-content\/uploads\/2020\/12\/tapu.jpg\" alt=\"null\">\n\t<h2  data-ultimate-target='#interactive-banner-1-wrap-6670 .bb-top-title '  data-responsive-json-new='{\"font-size\":\"\",\"line-height\":\"\"}'  class=\"title-left bb-top-title ult-responsive\" style=\"font-weight:normal;background:#242424;color:#ffffff;\">Tapu<\/h2>\n\t<div class=\"mask opaque-background\" style=\"background:#dd9933;\">\n\t\t<div  data-ultimate-target='#interactive-banner-1-wrap-6670 .bb-description'  data-responsive-json-new='{\"font-size\":\"\",\"line-height\":\"\"}'  class=\"bb-description ult-responsive\" style=\"font-weight:normal;color:#ffffff;\">Tapu, bir gayrimenkul ediniminin resmi kayd\u0131d\u0131r ve sat\u0131n ald\u0131\u011f\u0131n\u0131z m\u00fclk\u00fcn sahibi oldu\u011funuzun tek kan\u0131t\u0131d\u0131r.<\/div>\n\t<\/div><a class=\"bb-link\" href=\"\/tr\/services\/tapu-title-deed\/\" title=\"Tapu\" ><\/a>\n<\/div>[\/vc_column][vc_column width=&#8221;1\/3&#8243;]\n<div id=\"interactive-banner-1-wrap-7779\" class=\"ult-banner-block ult-adjust-bottom-margin ult-bb-box ult-banner-block-custom-height banner-style01 \"   style=\"height:240px;\">\n\t<img decoding=\"async\" src=\"https:\/\/irlanyahomes.com\/wp-content\/uploads\/2021\/05\/after-sales-service-handshake.jpg\" alt=\"null\">\n\t<h2  data-ultimate-target='#interactive-banner-1-wrap-7779 .bb-top-title '  data-responsive-json-new='{\"font-size\":\"\",\"line-height\":\"\"}'  class=\"title-left bb-top-title ult-responsive\" style=\"font-weight:normal;background:#242424;color:#ffffff;\">Evinizi sat\u0131n ald\u0131ktan sonra<\/h2>\n\t<div class=\"mask opaque-background\" style=\"background:#dd9933;\">\n\t\t<div  data-ultimate-target='#interactive-banner-1-wrap-7779 .bb-description'  data-responsive-json-new='{\"font-size\":\"\",\"line-height\":\"\"}'  class=\"bb-description ult-responsive\" style=\"font-weight:normal;color:#ffffff;\">``\u0130rlanya Homes`` da M\u00fc\u015fteri hizmetlerinin sadece i\u015fimizin bir par\u00e7as\u0131 olmad\u0131\u011f\u0131na, hizmetin bizim i\u015fimiz oldu\u011funa inan\u0131yoruz.<\/div>\n\t<\/div><a class=\"bb-link\" href=\"\/tr\/services\/after-sales-service\/\" title=\"Evinizi sat\u0131n ald\u0131ktan sonra\" ><\/a>\n<\/div>[\/vc_column][vc_column width=&#8221;1\/3&#8243;]\n<div id=\"interactive-banner-1-wrap-4916\" class=\"ult-banner-block ult-adjust-bottom-margin ult-bb-box ult-banner-block-custom-height banner-style01 \"   style=\"height:240px;\">\n\t<img decoding=\"async\" src=\"https:\/\/irlanyahomes.com\/wp-content\/uploads\/2020\/12\/mobler.jpg\" alt=\"null\">\n\t<h2  data-ultimate-target='#interactive-banner-1-wrap-4916 .bb-top-title '  data-responsive-json-new='{\"font-size\":\"\",\"line-height\":\"\"}'  class=\"title-left bb-top-title ult-responsive\" style=\"font-weight:normal;background:#242424;color:#ffffff;\">Mobilya ve \u0130\u00e7 Mekan<\/h2>\n\t<div class=\"mask opaque-background\" style=\"background:#dd9933;\">\n\t\t<div  data-ultimate-target='#interactive-banner-1-wrap-4916 .bb-description'  data-responsive-json-new='{\"font-size\":\"\",\"line-height\":\"\"}'  class=\"bb-description ult-responsive\" style=\"font-weight:normal;color:#ffffff;\">``\u0130rlanya Homes``, mobilya ve ev e\u015fyas\u0131 sat\u0131n al\u0131m\u0131nda yard\u0131mc\u0131 olur. Sat\u0131\u015f sonras\u0131 ekibimiz sizi ekstra \u00fccret \u00f6demeden kaliteli ve hizmet sunan se\u00e7kin ma\u011fazalara g\u00f6t\u00fcrecektir.<\/div>\n\t<\/div><a class=\"bb-link\" href=\"\/tr\/services\/furniture-and-interior\/\" title=\"Mobilya ve \u0130\u00e7 Mekan\" ><\/a>\n<\/div>[\/vc_column][\/vc_row][vc_row][vc_column width=&#8221;1\/3&#8243;]\n<div id=\"interactive-banner-1-wrap-8077\" class=\"ult-banner-block ult-adjust-bottom-margin ult-bb-box ult-banner-block-custom-height banner-style01 \"   style=\"height:240px;\">\n\t<img decoding=\"async\" src=\"https:\/\/irlanyahomes.com\/wp-content\/uploads\/2021\/05\/inspection-trip.jpg\" alt=\"null\">\n\t<h2  data-ultimate-target='#interactive-banner-1-wrap-8077 .bb-top-title '  data-responsive-json-new='{\"font-size\":\"\",\"line-height\":\"\"}'  class=\"title-left bb-top-title ult-responsive\" style=\"font-weight:normal;background:#242424;color:#ffffff;\">\u0130nceleme Gezisi<\/h2>\n\t<div class=\"mask opaque-background\" style=\"background:#dd9933;\">\n\t\t<div  data-ultimate-target='#interactive-banner-1-wrap-8077 .bb-description'  data-responsive-json-new='{\"font-size\":\"\",\"line-height\":\"\"}'  class=\"bb-description ult-responsive\" style=\"font-weight:normal;color:#ffffff;\">M\u00fclk\u00fcn inceleme gezisi, size yerle tan\u0131\u015fma ve \u00f6nerilen m\u00fclklerin farkl\u0131 varyasyonlar\u0131n\u0131 g\u00f6rme f\u0131rsat\u0131 veriyor.<\/div>\n\t<\/div><a class=\"bb-link\" href=\"\/tr\/services\/inspection-trip\/\" title=\"\u0130nceleme Gezisi\" ><\/a>\n<\/div>[\/vc_column][vc_column width=&#8221;1\/3&#8243;]\n<div id=\"interactive-banner-1-wrap-4285\" class=\"ult-banner-block ult-adjust-bottom-margin ult-bb-box ult-banner-block-custom-height banner-style01 \"   style=\"height:240px;\">\n\t<img decoding=\"async\" src=\"https:\/\/irlanyahomes.com\/wp-content\/uploads\/2020\/12\/service_after_sale.jpg\" alt=\"null\">\n\t<h2  data-ultimate-target='#interactive-banner-1-wrap-4285 .bb-top-title '  data-responsive-json-new='{\"font-size\":\"\",\"line-height\":\"\"}'  class=\"title-left bb-top-title ult-responsive\" style=\"font-weight:normal;background:#242424;color:#ffffff;\">M\u00fclkiyet Y\u00f6netimi<\/h2>\n\t<div class=\"mask opaque-background\" style=\"background:#dd9933;\">\n\t\t<div  data-ultimate-target='#interactive-banner-1-wrap-4285 .bb-description'  data-responsive-json-new='{\"font-size\":\"\",\"line-height\":\"\"}'  class=\"bb-description ult-responsive\" style=\"font-weight:normal;color:#ffffff;\">Hayalinizdeki eve ta\u015f\u0131nd\u0131\u011f\u0131n\u0131z ilk g\u00fcnden itibaren maksimum konforu aya\u011f\u0131n\u0131za getirecek ve evinizin keyfini s\u00fcrmeye ba\u015flayabilece\u011finiz pratik \u00e7\u00f6z\u00fcmler sunabiliriz.<\/div>\n\t<\/div><a class=\"bb-link\" href=\"\/tr\/services\/property-management\/\" title=\"M\u00fclkiyet Y\u00f6netimi\" ><\/a>\n<\/div>[\/vc_column][vc_column width=&#8221;1\/3&#8243;]\n<div id=\"interactive-banner-1-wrap-2622\" class=\"ult-banner-block ult-adjust-bottom-margin ult-bb-box ult-banner-block-custom-height banner-style01 \"   style=\"height:240px;\">\n\t<img decoding=\"async\" src=\"https:\/\/irlanyahomes.com\/wp-content\/uploads\/2021\/05\/consulting.jpg\" alt=\"null\">\n\t<h2  data-ultimate-target='#interactive-banner-1-wrap-2622 .bb-top-title '  data-responsive-json-new='{\"font-size\":\"\",\"line-height\":\"\"}'  class=\"title-left bb-top-title ult-responsive\" style=\"font-weight:normal;background:#242424;color:#ffffff;\">Dan\u0131\u015fmanl\u0131k<\/h2>\n\t<div class=\"mask opaque-background\" style=\"background:#dd9933;\">\n\t\t<div  data-ultimate-target='#interactive-banner-1-wrap-2622 .bb-description'  data-responsive-json-new='{\"font-size\":\"\",\"line-height\":\"\"}'  class=\"bb-description ult-responsive\" style=\"font-weight:normal;color:#ffffff;\">M\u00fc\u015fterilerimizle ortakla\u015fa karl\u0131 gayrimenkul projelerini hayata ge\u00e7irece\u011fiz<\/div>\n\t<\/div><a class=\"bb-link\" href=\"\/tr\/services\/consulting\/\" title=\"Dan\u0131\u015fmanl\u0131k\" ><\/a>\n<\/div>[\/vc_column][\/vc_row][vc_row][vc_column][vc_empty_space][\/vc_column][\/vc_row]<\/p>\n","protected":false},"excerpt":{"rendered":"<p>[vc_row full_width=&#8221;stretch_row&#8221; css=&#8221;.vc_custom_1579420767104{margin-bottom: 24px !important;}&#8221;][vc_column][vc_column_text] Misyonumuz, vizyonumuz ve temel de\u011ferlerimizle olu\u015fturdu\u011fumuz y\u00fcksek kalite politikam\u0131z do\u011frultusunda, \u00fcr\u00fcn ve hizmetlerimizin yaratt\u0131\u011f\u0131 m\u00fc\u015fteri memnuniyetinin b\u00fcy\u00fck \u00f6nemine de inan\u0131yoruz. Size m\u00fcmk\u00fcn olan en iyi hizmeti sunmak i\u00e7in, &#8220;\u0130rlanya Homes\u00a0&#8221; olarak, m\u00fc\u015fteri ili\u015fkileri s\u00fcre\u00e7lerini iyile\u015ftirmeye y\u00f6nelik genel stratejiler ve \u00e7abalar yoluyla m\u00fc\u015fteri memnuniyetine olan ba\u011fl\u0131l\u0131\u011f\u0131m\u0131z\u0131 g\u00fc\u00e7lendirdik. Irlanya Homes, yurtd\u0131\u015f\u0131nda bir [&hellip;]<\/p>\n","protected":false},"author":1,"featured_media":0,"parent":0,"menu_order":0,"comment_status":"closed","ping_status":"closed","template":"page_full-width-with-top-title.php","meta":{"footnotes":""},"_links":{"self":[{"href":"https:\/\/irlanyahomes.com\/tr\/wp-json\/wp\/v2\/pages\/2708"}],"collection":[{"href":"https:\/\/irlanyahomes.com\/tr\/wp-json\/wp\/v2\/pages"}],"about":[{"href":"https:\/\/irlanyahomes.com\/tr\/wp-json\/wp\/v2\/types\/page"}],"author":[{"embeddable":true,"href":"https:\/\/irlanyahomes.com\/tr\/wp-json\/wp\/v2\/users\/1"}],"replies":[{"embeddable":true,"href":"https:\/\/irlanyahomes.com\/tr\/wp-json\/wp\/v2\/comments?post=2708"}],"version-history":[{"count":4,"href":"https:\/\/irlanyahomes.com\/tr\/wp-json\/wp\/v2\/pages\/2708\/revisions"}],"predecessor-version":[{"id":28488,"href":"https:\/\/irlanyahomes.com\/tr\/wp-json\/wp\/v2\/pages\/2708\/revisions\/28488"}],"wp:attachment":[{"href":"https:\/\/irlanyahomes.com\/tr\/wp-json\/wp\/v2\/media?parent=2708"}],"curies":[{"name":"wp","href":"https:\/\/api.w.org\/{rel}","templated":true}]}}