{"id":23263,"date":"2021-05-17T19:26:47","date_gmt":"2021-05-17T16:26:47","guid":{"rendered":"https:\/\/irlanyahomes.com\/?page_id=23263"},"modified":"2021-11-22T10:09:34","modified_gmt":"2021-11-22T07:09:34","slug":"furniture-interior","status":"publish","type":"page","link":"https:\/\/irlanyahomes.com\/tr\/services\/furniture-interior\/","title":{"rendered":"\u0130\u00e7 Dizayn &#038; Mobilya"},"content":{"rendered":"<p>[vc_row content_placement=&#8221;middle&#8221;][vc_column width=&#8221;1\/3&#8243;][vc_single_image image=&#8221;23313&#8243; img_size=&#8221;full&#8221; onclick=&#8221;link_image&#8221;][\/vc_column][vc_column width=&#8221;2\/3&#8243;][vc_column_text]<\/p>\n<h4>Alanya&#8217;daki m\u00fclk\u00fcn\u00fcz\u00fcn tefri\u015fi ve i\u00e7 tasar\u0131m\u0131 Hayalinizdeki m\u00fclk\u00fc Alanya&#8217;da sat\u0131n ald\u0131n\u0131z ve art\u0131k ki\u015fisel dokunu\u015funuzu yeni evinize getirmeye ba\u015flayabilirsiniz.<\/h4>\n<p>[\/vc_column_text][\/vc_column][\/vc_row][vc_row][vc_column][vc_column_text]Alanya&#8217;daki m\u00fclk\u00fcn\u00fcz\u00fcn tefri\u015fi ve i\u00e7 tasar\u0131m\u0131 Hayalinizdeki m\u00fclk\u00fc Alanya&#8217;da sat\u0131n ald\u0131n\u0131z ve art\u0131k ki\u015fisel dokunu\u015funuzu yeni evinize getirmeye ba\u015flayabilirsiniz.<\/p>\n<p>Ayr\u0131ca bu ad\u0131mla profesyonellere yard\u0131mc\u0131 olaca\u011f\u0131z ve yeni dairenize veya villan\u0131za dikkatsiz ve h\u0131zl\u0131 bir \u015fekilde ta\u015f\u0131nman\u0131za yard\u0131mc\u0131 olaca\u011f\u0131z. Alanya&#8217;daki bir\u00e7ok mobilya ma\u011fazas\u0131yla i\u015fbirli\u011fi yap\u0131yoruz, b\u00f6ylece herkes kendi tarz\u0131nda ve b\u00fct\u00e7esinde bir \u015feyler bulabilir.[\/vc_column_text][\/vc_column][\/vc_row]<\/p>\n","protected":false},"excerpt":{"rendered":"<p>[vc_row content_placement=&#8221;middle&#8221;][vc_column width=&#8221;1\/3&#8243;][vc_single_image image=&#8221;23313&#8243; img_size=&#8221;full&#8221; onclick=&#8221;link_image&#8221;][\/vc_column][vc_column width=&#8221;2\/3&#8243;][vc_column_text] Alanya&#8217;daki m\u00fclk\u00fcn\u00fcz\u00fcn tefri\u015fi ve i\u00e7 tasar\u0131m\u0131 Hayalinizdeki m\u00fclk\u00fc Alanya&#8217;da sat\u0131n ald\u0131n\u0131z ve art\u0131k ki\u015fisel dokunu\u015funuzu yeni evinize getirmeye ba\u015flayabilirsiniz. [\/vc_column_text][\/vc_column][\/vc_row][vc_row][vc_column][vc_column_text]Alanya&#8217;daki m\u00fclk\u00fcn\u00fcz\u00fcn tefri\u015fi ve i\u00e7 tasar\u0131m\u0131 Hayalinizdeki m\u00fclk\u00fc Alanya&#8217;da sat\u0131n ald\u0131n\u0131z ve art\u0131k ki\u015fisel dokunu\u015funuzu yeni evinize getirmeye ba\u015flayabilirsiniz. Ayr\u0131ca bu ad\u0131mla profesyonellere yard\u0131mc\u0131 olaca\u011f\u0131z ve yeni dairenize veya [&hellip;]<\/p>\n","protected":false},"author":1,"featured_media":0,"parent":2708,"menu_order":0,"comment_status":"closed","ping_status":"closed","template":"page_right-sidebar-with-top-title.php","meta":{"footnotes":""},"_links":{"self":[{"href":"https:\/\/irlanyahomes.com\/tr\/wp-json\/wp\/v2\/pages\/23263"}],"collection":[{"href":"https:\/\/irlanyahomes.com\/tr\/wp-json\/wp\/v2\/pages"}],"about":[{"href":"https:\/\/irlanyahomes.com\/tr\/wp-json\/wp\/v2\/types\/page"}],"author":[{"embeddable":true,"href":"https:\/\/irlanyahomes.com\/tr\/wp-json\/wp\/v2\/users\/1"}],"replies":[{"embeddable":true,"href":"https:\/\/irlanyahomes.com\/tr\/wp-json\/wp\/v2\/comments?post=23263"}],"version-history":[{"count":4,"href":"https:\/\/irlanyahomes.com\/tr\/wp-json\/wp\/v2\/pages\/23263\/revisions"}],"predecessor-version":[{"id":28454,"href":"https:\/\/irlanyahomes.com\/tr\/wp-json\/wp\/v2\/pages\/23263\/revisions\/28454"}],"up":[{"embeddable":true,"href":"https:\/\/irlanyahomes.com\/tr\/wp-json\/wp\/v2\/pages\/2708"}],"wp:attachment":[{"href":"https:\/\/irlanyahomes.com\/tr\/wp-json\/wp\/v2\/media?parent=23263"}],"curies":[{"name":"wp","href":"https:\/\/api.w.org\/{rel}","templated":true}]}}