{"id":1719,"date":"2017-05-05T15:22:08","date_gmt":"2017-05-05T15:22:08","guid":{"rendered":"http:\/\/export-1.test-tangibledesign.net\/?page_id=1719"},"modified":"2021-11-16T17:05:33","modified_gmt":"2021-11-16T14:05:33","slug":"about-us","status":"publish","type":"page","link":"https:\/\/irlanyahomes.com\/tr\/about-us\/","title":{"rendered":"Hakk\u0131m\u0131zda"},"content":{"rendered":"<p>[vc_row][vc_column css=&#8221;.vc_custom_1512407858131{padding-top: 12px !important;padding-bottom: 24px !important;}&#8221;]<div class=\"mh-heading-wrapper--left \">\r\n\t\r\n        <div class=\"mh-heading-wrapper\">\r\n            <h3            class=\"mh-heading  mh-heading--bottom-separator    vc_custom_1621158977751\"\r\n            style=\"font-weight:700;\">\r\n\t\t\t``IRLANYA HOMES`` HAKKINDA        <\/h3>\r\n\r\n\t\t    <\/div>\r\n\r\n\t<\/div>[vc_column_text]<strong><span style=\"color: #ff6600;\">Irlanya<\/span> <span style=\"color: #000000;\">Homes<\/span>&#8216;<\/strong>a Ho\u015f Geldiniz<\/p>\n<p>Alanya b\u00f6lgesi ve Antalya&#8217;n\u0131n \u00e7evre b\u00f6lgelerindeki Emlak dan\u0131\u015fman\u0131n\u0131z ve profesyonel orta\u011f\u0131n\u0131z. Antalya \u015fehri ve \u00e7evresi &#8220;A Place in the Sun&#8221;a g\u00f6re Avrupa&#8217;da yat\u0131r\u0131m i\u00e7in en \u00e7ok tercih edilen yerlerden biri olarak se\u00e7ilmi\u015ftir .<\/p>\n<p>\u0130rlanya Homes \u015firketimiz, 25 y\u0131ld\u0131r emlak sekt\u00f6r\u00fcnde ba\u015far\u0131yla faaliyet g\u00f6steren Mehmet Aslan Bey taraf\u0131ndan 2010 y\u0131l\u0131nda kurulmu\u015ftur. L\u00fctfen web sitemizde, y\u0131llard\u0131r onlar i\u00e7in sundu\u011fumuz hizmetten fazlas\u0131yla memnun olan, d\u00fcnyan\u0131n d\u00f6rt bir yan\u0131ndan memnun m\u00fc\u015fterilerimizin bir \u00f6rne\u011fini g\u00f6r\u00fcn.<\/p>\n<p><strong>Sizin i\u00e7in en do\u011fru yat\u0131r\u0131m\u0131 bulmak misyonumuzdur!<\/strong><\/p>\n<p>Yat\u0131r\u0131m yapmak i\u00e7in bir tatil evi veya ticari m\u00fclk ar\u0131yorsan\u0131z, \u00f6zel personelimiz t\u00fcm s\u00fcre\u00e7 boyunca size yard\u0131mc\u0131 olmak i\u00e7in haz\u0131r olacakt\u0131r.<\/p>\n<p>M\u00fc\u015fterilerimize m\u00fclklerini sat\u0131n almalar\u0131nda yard\u0131mc\u0131 olmak i\u00e7in profesyonel ve \u015feffaf bir yasal tavsiye sa\u011fl\u0131yoruz. Ayr\u0131ca m\u00fc\u015fterilerimize sat\u0131n al\u0131mlar\u0131nda ipotek sa\u011flamalar\u0131na yard\u0131mc\u0131 olmak i\u00e7in finansal tavsiyelerde bulunuyoruz.<\/p>\n<p>\u015eirketimizin bir numaral\u0131 \u00f6nceli\u011fi, her zaman m\u00fc\u015fterilerimizin \u00e7\u0131karlar\u0131n\u0131 \u00f6n planda tutmakt\u0131r.<\/p>\n<p>B\u00fct\u00e7enize uygun m\u00fclklerimizin kapsaml\u0131 bir listesi i\u00e7in l\u00fctfen web sitemize g\u00f6z at\u0131n.[\/vc_column_text][\/vc_column][\/vc_row][vc_row full_width=&#8221;stretch_row&#8221; css=&#8221;.vc_custom_1494609476686{background-color: #f4f4f4 !important;}&#8221;][vc_column css=&#8221;.vc_custom_1494333765775{padding-top: 39px !important;padding-bottom: 24px !important;}&#8221;]<div class=\"mh-heading-wrapper--left \">\r\n\t\r\n        <div class=\"mh-heading-wrapper\">\r\n            <h3            class=\"mh-heading  mh-heading--bottom-separator   \"\r\n            style=\"font-weight:700;\">\r\n\t\t\tEkibimiz ile Tan\u0131\u015f\u0131n!        <\/h3>\r\n\r\n\t\t    <\/div>\r\n\r\n\t<\/div>\t<div class=\"owl-carousel owl-carousel--visible-3 \">\n\n\t\t\n\t\t\t<div class=\"mh-agent mh-agent--white\">\n\t\t\t\t<div\n\t\t\t\t   class=\"mh-agent__thumbnail\"\n\t\t\t\t   title=\"Mehmet Aslan\">\n\t\t\t\t\t\t\t<img\r\n\t\t\t\t\t\t\tdata-srcset=\"https:\/\/irlanyahomes.com\/wp-content\/uploads\/2021\/05\/admin-ajax-100x100.jpg 100w, https:\/\/irlanyahomes.com\/wp-content\/uploads\/2021\/05\/admin-ajax-150x150.jpg 150w, https:\/\/irlanyahomes.com\/wp-content\/uploads\/2021\/05\/admin-ajax-200x200.jpg 200w, https:\/\/irlanyahomes.com\/wp-content\/uploads\/2021\/05\/admin-ajax.jpg 250w\"\r\n\t\t\t\tclass=\"lazyload \"\r\n\t\t\t\tdata-sizes=\"auto\"\r\n\t\t\t\t\t\talt=\"Mehmet Aslan\"\r\n\t\t>\r\n\t\t\t\t\t\t<\/div>\n\n\t\t\t\t<div class=\"mh-agent__content\">\n\t\t\t\t\t<h3 class=\"mh-agent__heading\">Mehmet Aslan<\/h3>\n\n\t\t\t\t\t\n\t\t\t\t\t\t\t\t\t\t\t<div class=\"mh-agent__additional-fields\">\n\t\t\t\t\t\t\t\t\t\t\t\t\t\t\t\t\t\t\t\t\t\t\t<div class=\"mh-agent__additional-fields__item organization\">\n                                    <strong>Y\u00f6netim Kurulu Ba\u015fkan\u0131<\/strong>\t\t\t\t\t\t\t\t<\/div>\n\t\t\t\t\t\t\t\t\t\t\t\t\t\t\t\t\t\t\t\t\t\t\t<div class=\"mh-agent__additional-fields__item sort-order\">\n                                        \t\t\t\t\t\t\t\t\t<strong>\n    \t\t\t\t\t\t\t\t\t\tSort Order:\n    \t\t\t\t\t\t\t\t\t<\/strong>\n    \t\t\t\t\t\t\t\t\t1\t\t\t\t\t\t\t\t<\/div>\n\t\t\t\t\t\t\t\t\t\t\t\t\t<\/div>\n\t\t\t\t\t\n\t\t\t\t\t<div class=\"mh-agent-contact\">\n\t\t\t\t\t\t\t\t\t\t\t\t\t\t\t\t\t\t\t\t\t<div class=\"mh-agent-contact__element\">\n\t\t\t\t\t\t\t\t\t<a href=\"mailto:mehmeta@irlanyahomes.com\">\n\t\t\t\t\t\t\t\t\t\t<i class=\"flaticon-mail-2\"><\/i>\n\t\t\t\t\t\t\t\t\t\tmehmeta@irlanyahomes.com\t\t\t\t\t\t\t\t\t<\/a>\n\t\t\t\t\t\t\t\t<\/div>\n\t\t\t\t\t\t\t\t\t\t\t\t\t\n\t\t\t\t\t\t\t\t\t\t\t\t\t\t\t\t\t\t\t\t\t<div class=\"mh-agent-contact__element\">\n\t\t\t\t\t\t\t\t\t<a href=\"tel:+905354645360\">\n\t\t\t\t\t\t\t\t\t\t<i class=\"flaticon-phone\"><\/i>\n\t\t\t\t\t\t\t\t\t\t+90 535 464 53 60\t\t\t\t\t\t\t\t\t<\/a>\n\t\t\t\t\t\t\t\t<\/div>\n\t\t\t\t\t\t\t\t\t\t\t\t\t\t\t\t\t\t<\/div>\n\n\t\t\t\t\t\t\t\t\t\t\t<div class=\"mh-agent__social-wrapper\">\n\t\t\t\t\t\t\t<div class=\"mh-agent__social\">\n\t\t\t\t\t\t\t\t    <a href=\"https:\/\/facebook.com\/irlanya.homes\"\r\n       target=\"_blank\">\r\n        <i class=\"fa fa-facebook\"><\/i>\r\n    <\/a>\r\n    <a href=\"https:\/\/twitter.com\/irlanyahomes\"\r\n       target=\"_blank\">\r\n        <i class=\"fa fa-twitter\"><\/i>\r\n    <\/a>\r\n    <a href=\"https:\/\/instagram.com\/irlanyahomes\"\r\n       target=\"_blank\">\r\n        <i class=\"fa fa-instagram\"><\/i>\r\n    <\/a>\r\n    <a href=\"https:\/\/linkedin.com\"\r\n       target=\"_blank\">\r\n        <i class=\"fa fa-linkedin\"><\/i>\r\n    <\/a>\r\n\t\t\t\t\t\t\t<\/div>\n\t\t\t\t\t\t<\/div>\n\t\t\t\t\t\n\t\t\t\t\t\t\t\t\t<\/div>\n\t\t\t<\/div>\n\n\t\t\n\t\t\t<div class=\"mh-agent mh-agent--white\">\n\t\t\t\t<div\n\t\t\t\t   class=\"mh-agent__thumbnail\"\n\t\t\t\t   title=\"Osman Demir\">\n\t\t\t\t\t\t\t<img\r\n\t\t\t\t\t\t\tdata-srcset=\"https:\/\/irlanyahomes.com\/wp-content\/uploads\/2021\/05\/176615800_10158346725472675_3915745561937470785_n-100x100.jpg 100w, https:\/\/irlanyahomes.com\/wp-content\/uploads\/2021\/05\/176615800_10158346725472675_3915745561937470785_n-300x300.jpg 300w, https:\/\/irlanyahomes.com\/wp-content\/uploads\/2021\/05\/176615800_10158346725472675_3915745561937470785_n-1021x1024.jpg 1021w, https:\/\/irlanyahomes.com\/wp-content\/uploads\/2021\/05\/176615800_10158346725472675_3915745561937470785_n-150x150.jpg 150w, https:\/\/irlanyahomes.com\/wp-content\/uploads\/2021\/05\/176615800_10158346725472675_3915745561937470785_n-768x770.jpg 768w, https:\/\/irlanyahomes.com\/wp-content\/uploads\/2021\/05\/176615800_10158346725472675_3915745561937470785_n-400x400.jpg 400w, https:\/\/irlanyahomes.com\/wp-content\/uploads\/2021\/05\/176615800_10158346725472675_3915745561937470785_n-200x200.jpg 200w, https:\/\/irlanyahomes.com\/wp-content\/uploads\/2021\/05\/176615800_10158346725472675_3915745561937470785_n.jpg 1459w\"\r\n\t\t\t\tclass=\"lazyload \"\r\n\t\t\t\tdata-sizes=\"auto\"\r\n\t\t\t\t\t\talt=\"Osman Demir\"\r\n\t\t>\r\n\t\t\t\t\t\t<\/div>\n\n\t\t\t\t<div class=\"mh-agent__content\">\n\t\t\t\t\t<h3 class=\"mh-agent__heading\">Osman Demir<\/h3>\n\n\t\t\t\t\t\n\t\t\t\t\t\t\t\t\t\t\t<div class=\"mh-agent__additional-fields\">\n\t\t\t\t\t\t\t\t\t\t\t\t\t\t\t\t\t\t\t\t\t\t\t<div class=\"mh-agent__additional-fields__item organization\">\n                                    <strong>Genel M\u00fcd\u00fcr<\/strong>\t\t\t\t\t\t\t\t<\/div>\n\t\t\t\t\t\t\t\t\t\t\t\t\t\t\t\t\t\t\t\t\t\t\t<div class=\"mh-agent__additional-fields__item sort-order\">\n                                        \t\t\t\t\t\t\t\t\t<strong>\n    \t\t\t\t\t\t\t\t\t\tSort Order:\n    \t\t\t\t\t\t\t\t\t<\/strong>\n    \t\t\t\t\t\t\t\t\t2\t\t\t\t\t\t\t\t<\/div>\n\t\t\t\t\t\t\t\t\t\t\t\t\t<\/div>\n\t\t\t\t\t\n\t\t\t\t\t<div class=\"mh-agent-contact\">\n\t\t\t\t\t\t\t\t\t\t\t\t\t\t\t\t\t\t\t\t\t<div class=\"mh-agent-contact__element\">\n\t\t\t\t\t\t\t\t\t<a href=\"mailto:info@irlanyahomes.com\">\n\t\t\t\t\t\t\t\t\t\t<i class=\"flaticon-mail-2\"><\/i>\n\t\t\t\t\t\t\t\t\t\tinfo@irlanyahomes.com\t\t\t\t\t\t\t\t\t<\/a>\n\t\t\t\t\t\t\t\t<\/div>\n\t\t\t\t\t\t\t\t\t\t\t\t\t\n\t\t\t\t\t\t\t\t\t\t\t\t\t\t\t\t\t\t\t\t\t<div class=\"mh-agent-contact__element\">\n\t\t\t\t\t\t\t\t\t<a href=\"tel:+905444121993\">\n\t\t\t\t\t\t\t\t\t\t<i class=\"flaticon-phone\"><\/i>\n\t\t\t\t\t\t\t\t\t\t+90 544 412 1993\t\t\t\t\t\t\t\t\t<\/a>\n\t\t\t\t\t\t\t\t<\/div>\n\t\t\t\t\t\t\t\t\t\t\t\t\t\t\t\t\t\t<\/div>\n\n\t\t\t\t\t\t\t\t\t\t\t<div class=\"mh-agent__social-wrapper\">\n\t\t\t\t\t\t\t<div class=\"mh-agent__social\">\n\t\t\t\t\t\t\t\t    <a href=\"https:\/\/www.facebook.com\/buyapartmentalanya\"\r\n       target=\"_blank\">\r\n        <i class=\"fa fa-facebook\"><\/i>\r\n    <\/a>\r\n    <a href=\"https:\/\/twitter.com\/alanyaproperty\"\r\n       target=\"_blank\">\r\n        <i class=\"fa fa-twitter\"><\/i>\r\n    <\/a>\r\n    <a href=\"https:\/\/www.instagram.com\/irlanyahomes\/\"\r\n       target=\"_blank\">\r\n        <i class=\"fa fa-instagram\"><\/i>\r\n    <\/a>\r\n\t\t\t\t\t\t\t<\/div>\n\t\t\t\t\t\t<\/div>\n\t\t\t\t\t\n\t\t\t\t\t\t\t\t\t<\/div>\n\t\t\t<\/div>\n\n\t\t\n\t\t\t<div class=\"mh-agent mh-agent--white\">\n\t\t\t\t<div\n\t\t\t\t   class=\"mh-agent__thumbnail\"\n\t\t\t\t   title=\"Liza \u00d6zdurak\">\n\t\t\t\t\t\t\t<img\r\n\t\t\t\t\t\t\tdata-srcset=\"https:\/\/irlanyahomes.com\/wp-content\/uploads\/2021\/05\/WhatsApp-Image-2021-05-19-at-14.37.50-100x100.jpeg 100w, https:\/\/irlanyahomes.com\/wp-content\/uploads\/2021\/05\/WhatsApp-Image-2021-05-19-at-14.37.50-150x150.jpeg 150w, https:\/\/irlanyahomes.com\/wp-content\/uploads\/2021\/05\/WhatsApp-Image-2021-05-19-at-14.37.50-400x400.jpeg 400w, https:\/\/irlanyahomes.com\/wp-content\/uploads\/2021\/05\/WhatsApp-Image-2021-05-19-at-14.37.50-200x200.jpeg 200w\"\r\n\t\t\t\tclass=\"lazyload \"\r\n\t\t\t\tdata-sizes=\"auto\"\r\n\t\t\t\t\t\talt=\"Liza \u00d6zdurak\"\r\n\t\t>\r\n\t\t\t\t\t\t<\/div>\n\n\t\t\t\t<div class=\"mh-agent__content\">\n\t\t\t\t\t<h3 class=\"mh-agent__heading\">Liza \u00d6zdurak<\/h3>\n\n\t\t\t\t\t\n\t\t\t\t\t\t\t\t\t\t\t<div class=\"mh-agent__additional-fields\">\n\t\t\t\t\t\t\t\t\t\t\t\t\t\t\t\t\t\t\t\t\t\t\t<div class=\"mh-agent__additional-fields__item organization\">\n                                    <strong>M\u00fcd\u00fcr Yard\u0131mc\u0131s\u0131<\/strong>\t\t\t\t\t\t\t\t<\/div>\n\t\t\t\t\t\t\t\t\t\t\t\t\t\t\t\t\t\t\t\t\t\t\t<div class=\"mh-agent__additional-fields__item sort-order\">\n                                        \t\t\t\t\t\t\t\t\t<strong>\n    \t\t\t\t\t\t\t\t\t\tSort Order:\n    \t\t\t\t\t\t\t\t\t<\/strong>\n    \t\t\t\t\t\t\t\t\t3\t\t\t\t\t\t\t\t<\/div>\n\t\t\t\t\t\t\t\t\t\t\t\t\t<\/div>\n\t\t\t\t\t\n\t\t\t\t\t<div class=\"mh-agent-contact\">\n\t\t\t\t\t\t\t\t\t\t\t\t\t\t\t\t\t\t\t\t\t<div class=\"mh-agent-contact__element\">\n\t\t\t\t\t\t\t\t\t<a href=\"mailto:liza@irlanyahomes.com\">\n\t\t\t\t\t\t\t\t\t\t<i class=\"flaticon-mail-2\"><\/i>\n\t\t\t\t\t\t\t\t\t\tliza@irlanyahomes.com\t\t\t\t\t\t\t\t\t<\/a>\n\t\t\t\t\t\t\t\t<\/div>\n\t\t\t\t\t\t\t\t\t\t\t\t\t\n\t\t\t\t\t\t\t\t\t\t\t\t\t\t\t\t\t\t\t\t\t<div class=\"mh-agent-contact__element\">\n\t\t\t\t\t\t\t\t\t<a href=\"tel:+905319664428\">\n\t\t\t\t\t\t\t\t\t\t<i class=\"flaticon-phone\"><\/i>\n\t\t\t\t\t\t\t\t\t\t+90 531 966 44 28\t\t\t\t\t\t\t\t\t<\/a>\n\t\t\t\t\t\t\t\t<\/div>\n\t\t\t\t\t\t\t\t\t\t\t\t\t\t\t\t\t\t<\/div>\n\n\t\t\t\t\t\t\t\t\t\t\t<div class=\"mh-agent__social-wrapper\">\n\t\t\t\t\t\t\t<div class=\"mh-agent__social\">\n\t\t\t\t\t\t\t\t    <a href=\"https:\/\/www.facebook.com\/irlanyahomes\"\r\n       target=\"_blank\">\r\n        <i class=\"fa fa-facebook\"><\/i>\r\n    <\/a>\r\n    <a href=\"https:\/\/www.instagram.com\/irlanyahomes\/\"\r\n       target=\"_blank\">\r\n        <i class=\"fa fa-instagram\"><\/i>\r\n    <\/a>\r\n\t\t\t\t\t\t\t<\/div>\n\t\t\t\t\t\t<\/div>\n\t\t\t\t\t\n\t\t\t\t\t\t\t\t\t<\/div>\n\t\t\t<\/div>\n\n\t\t\n\t\t\t<div class=\"mh-agent mh-agent--white\">\n\t\t\t\t<div\n\t\t\t\t   class=\"mh-agent__thumbnail\"\n\t\t\t\t   title=\"Artem Azizov\">\n\t\t\t\t\t\t\t<img\r\n\t\t\t\t\t\t\tdata-srcset=\"https:\/\/irlanyahomes.com\/wp-content\/uploads\/2022\/05\/artem-azizov-100x100.jpg 100w, https:\/\/irlanyahomes.com\/wp-content\/uploads\/2022\/05\/artem-azizov-150x150.jpg 150w, https:\/\/irlanyahomes.com\/wp-content\/uploads\/2022\/05\/artem-azizov-400x400.jpg 400w, https:\/\/irlanyahomes.com\/wp-content\/uploads\/2022\/05\/artem-azizov-200x200.jpg 200w\"\r\n\t\t\t\tclass=\"lazyload \"\r\n\t\t\t\tdata-sizes=\"auto\"\r\n\t\t\t\t\t\talt=\"Artem Azizov\"\r\n\t\t>\r\n\t\t\t\t\t\t<\/div>\n\n\t\t\t\t<div class=\"mh-agent__content\">\n\t\t\t\t\t<h3 class=\"mh-agent__heading\">Artem Azizov<\/h3>\n\n\t\t\t\t\t\n\t\t\t\t\t\t\t\t\t\t\t<div class=\"mh-agent__additional-fields\">\n\t\t\t\t\t\t\t\t\t\t\t\t\t\t\t\t\t\t\t\t\t\t\t<div class=\"mh-agent__additional-fields__item organization\">\n                                    <strong>(English) CEO 8 FOUNDER | YBC (YOUR BUSINESS CONCIERGE) Partner of Irlanya Homes<\/strong>\t\t\t\t\t\t\t\t<\/div>\n\t\t\t\t\t\t\t\t\t\t\t\t\t\t\t\t\t\t\t\t\t\t\t<div class=\"mh-agent__additional-fields__item sort-order\">\n                                        \t\t\t\t\t\t\t\t\t<strong>\n    \t\t\t\t\t\t\t\t\t\tSort Order:\n    \t\t\t\t\t\t\t\t\t<\/strong>\n    \t\t\t\t\t\t\t\t\t12\t\t\t\t\t\t\t\t<\/div>\n\t\t\t\t\t\t\t\t\t\t\t\t\t<\/div>\n\t\t\t\t\t\n\t\t\t\t\t<div class=\"mh-agent-contact\">\n\t\t\t\t\t\t\t\t\t\t\t\t\t\t\t\t\t\t\t\t\t<div class=\"mh-agent-contact__element\">\n\t\t\t\t\t\t\t\t\t<a href=\"mailto:aar@live.ru\">\n\t\t\t\t\t\t\t\t\t\t<i class=\"flaticon-mail-2\"><\/i>\n\t\t\t\t\t\t\t\t\t\taar@live.ru\t\t\t\t\t\t\t\t\t<\/a>\n\t\t\t\t\t\t\t\t<\/div>\n\t\t\t\t\t\t\t\t\t\t\t\t\t\n\t\t\t\t\t\t\t\t\t\t\t\t\t\t\t\t\t\t\t\t\t<div class=\"mh-agent-contact__element\">\n\t\t\t\t\t\t\t\t\t<a href=\"tel:+79162972969\">\n\t\t\t\t\t\t\t\t\t\t<i class=\"flaticon-phone\"><\/i>\n\t\t\t\t\t\t\t\t\t\t+7 916 297-29-69\t\t\t\t\t\t\t\t\t<\/a>\n\t\t\t\t\t\t\t\t<\/div>\n\t\t\t\t\t\t\t\t\t\t\t\t\t\t\t\t\t\t<\/div>\n\n\t\t\t\t\t\n\t\t\t\t\t\t\t\t\t<\/div>\n\t\t\t<\/div>\n\n\t\t\n\t<\/div>\n\n[\/vc_column][\/vc_row][vc_row full_width=&#8221;stretch_row&#8221; css=&#8221;.vc_custom_1608986988736{background-color: #f4f4f4 !important;}&#8221;][vc_column css=&#8221;.vc_custom_1494333727302{padding-top: 39px !important;padding-bottom: 24px !important;}&#8221;]<div class=\" \">\r\n\t\r\n        <div class=\"mh-heading-wrapper\">\r\n            <h4            class=\"mh-heading  mh-heading--bottom-separator    vc_custom_1637070935771\"\r\n            style=\"font-weight:700;\">\r\n\t\t\tReferanslar\u0131m\u0131z        <\/h4>\r\n\r\n\t\t    <\/div>\r\n\r\n\t<\/div>\t<div class=\"owl-carousel mh-clients owl-carousel--visible-4  \">\r\n\t\t\t\t\t<div class=\"item\">\r\n\t\t\t\t<div class=\"mh-client\">\r\n\t\t\t\t\t\t\t\t\t\t<a href=\"https:\/\/irlanyahomes.com\/ba\/properties\/apartments\/avsallar\/new-project-in-avsallar-alanya-directly-from-builder\/\" title=\"Moonlight Residence Avsallar\"\r\n\t\t\t\t\t   target=\"_blank\">\r\n\t\t\t\t\t\t<img loading=\"lazy\" decoding=\"async\" width=\"1253\" height=\"214\" src=\"https:\/\/irlanyahomes.com\/wp-content\/uploads\/2017\/02\/MOONLLIGHT-LOGO.png\" class=\"attachment-full size-full wp-post-image\" alt=\"\" srcset=\"https:\/\/irlanyahomes.com\/wp-content\/uploads\/2017\/02\/MOONLLIGHT-LOGO.png 1253w, https:\/\/irlanyahomes.com\/wp-content\/uploads\/2017\/02\/MOONLLIGHT-LOGO-300x51.png 300w, https:\/\/irlanyahomes.com\/wp-content\/uploads\/2017\/02\/MOONLLIGHT-LOGO-1024x175.png 1024w, https:\/\/irlanyahomes.com\/wp-content\/uploads\/2017\/02\/MOONLLIGHT-LOGO-768x131.png 768w\" sizes=\"(max-width: 1253px) 100vw, 1253px\" \/>\t\t\t\t\t<\/a>\r\n\t\t\t\t\t\t\t\t<\/div>\r\n\t\t\t<\/div>\r\n\t\t\t\t\t<div class=\"item\">\r\n\t\t\t\t<div class=\"mh-client\">\r\n\t\t\t\t\t\t\t\t\t\t<a href=\"https:\/\/www.irlanyahomes.com\" title=\"Mfy Grup\"\r\n\t\t\t\t\t   target=\"_blank\">\r\n\t\t\t\t\t\t<img loading=\"lazy\" decoding=\"async\" width=\"1253\" height=\"214\" src=\"https:\/\/irlanyahomes.com\/wp-content\/uploads\/2017\/02\/MFY.png\" class=\"attachment-full size-full wp-post-image\" alt=\"\" srcset=\"https:\/\/irlanyahomes.com\/wp-content\/uploads\/2017\/02\/MFY.png 1253w, https:\/\/irlanyahomes.com\/wp-content\/uploads\/2017\/02\/MFY-300x51.png 300w, https:\/\/irlanyahomes.com\/wp-content\/uploads\/2017\/02\/MFY-1024x175.png 1024w, https:\/\/irlanyahomes.com\/wp-content\/uploads\/2017\/02\/MFY-768x131.png 768w\" sizes=\"(max-width: 1253px) 100vw, 1253px\" \/>\t\t\t\t\t<\/a>\r\n\t\t\t\t\t\t\t\t<\/div>\r\n\t\t\t<\/div>\r\n\t\t\t\t\t<div class=\"item\">\r\n\t\t\t\t<div class=\"mh-client\">\r\n\t\t\t\t\t\t\t\t\t\t<a href=\"https:\/\/irlanyahomes.com\/properties\/apartments\/avsallar\/new-project-in-avsallar-alanya-from-builder\/\" title=\"Enza Home\"\r\n\t\t\t\t\t   target=\"_blank\">\r\n\t\t\t\t\t\t<img loading=\"lazy\" decoding=\"async\" width=\"1252\" height=\"213\" src=\"https:\/\/irlanyahomes.com\/wp-content\/uploads\/2017\/02\/MFY-LOGO.png\" class=\"attachment-full size-full wp-post-image\" alt=\"\" srcset=\"https:\/\/irlanyahomes.com\/wp-content\/uploads\/2017\/02\/MFY-LOGO.png 1252w, https:\/\/irlanyahomes.com\/wp-content\/uploads\/2017\/02\/MFY-LOGO-300x51.png 300w, https:\/\/irlanyahomes.com\/wp-content\/uploads\/2017\/02\/MFY-LOGO-1024x174.png 1024w, https:\/\/irlanyahomes.com\/wp-content\/uploads\/2017\/02\/MFY-LOGO-768x131.png 768w\" sizes=\"(max-width: 1252px) 100vw, 1252px\" \/>\t\t\t\t\t<\/a>\r\n\t\t\t\t\t\t\t\t<\/div>\r\n\t\t\t<\/div>\r\n\t\t\t\t\t<div class=\"item\">\r\n\t\t\t\t<div class=\"mh-client\">\r\n\t\t\t\t\t\t\t\t\t\t<a href=\"http:\/\/www.leartes.net\" title=\"Leartes.NET\"\r\n\t\t\t\t\t   target=\"_blank\">\r\n\t\t\t\t\t\t<img loading=\"lazy\" decoding=\"async\" width=\"324\" height=\"56\" src=\"https:\/\/irlanyahomes.com\/wp-content\/uploads\/2017\/02\/logo-leartes_net.png\" class=\"attachment-full size-full wp-post-image\" alt=\"\" srcset=\"https:\/\/irlanyahomes.com\/wp-content\/uploads\/2017\/02\/logo-leartes_net.png 324w, https:\/\/irlanyahomes.com\/wp-content\/uploads\/2017\/02\/logo-leartes_net-300x52.png 300w\" sizes=\"(max-width: 324px) 100vw, 324px\" \/>\t\t\t\t\t<\/a>\r\n\t\t\t\t\t\t\t\t<\/div>\r\n\t\t\t<\/div>\r\n\t\t\t<\/div>\r\n[\/vc_column][\/vc_row]<\/p>\n","protected":false},"excerpt":{"rendered":"<p>[vc_row][vc_column css=&#8221;.vc_custom_1512407858131{padding-top: 12px !important;padding-bottom: 24px !important;}&#8221;][vc_column_text]Irlanya Homes&#8216;a Ho\u015f Geldiniz Alanya b\u00f6lgesi ve Antalya&#8217;n\u0131n \u00e7evre b\u00f6lgelerindeki Emlak dan\u0131\u015fman\u0131n\u0131z ve profesyonel orta\u011f\u0131n\u0131z. Antalya \u015fehri ve \u00e7evresi &#8220;A Place in the Sun&#8221;a g\u00f6re Avrupa&#8217;da yat\u0131r\u0131m i\u00e7in en \u00e7ok tercih edilen yerlerden biri olarak se\u00e7ilmi\u015ftir . \u0130rlanya Homes \u015firketimiz, 25 y\u0131ld\u0131r emlak sekt\u00f6r\u00fcnde ba\u015far\u0131yla faaliyet g\u00f6steren Mehmet Aslan Bey [&hellip;]<\/p>\n","protected":false},"author":1,"featured_media":20143,"parent":0,"menu_order":0,"comment_status":"closed","ping_status":"closed","template":"page_full-width-with-top-title.php","meta":{"footnotes":""},"_links":{"self":[{"href":"https:\/\/irlanyahomes.com\/tr\/wp-json\/wp\/v2\/pages\/1719"}],"collection":[{"href":"https:\/\/irlanyahomes.com\/tr\/wp-json\/wp\/v2\/pages"}],"about":[{"href":"https:\/\/irlanyahomes.com\/tr\/wp-json\/wp\/v2\/types\/page"}],"author":[{"embeddable":true,"href":"https:\/\/irlanyahomes.com\/tr\/wp-json\/wp\/v2\/users\/1"}],"replies":[{"embeddable":true,"href":"https:\/\/irlanyahomes.com\/tr\/wp-json\/wp\/v2\/comments?post=1719"}],"version-history":[{"count":4,"href":"https:\/\/irlanyahomes.com\/tr\/wp-json\/wp\/v2\/pages\/1719\/revisions"}],"predecessor-version":[{"id":28396,"href":"https:\/\/irlanyahomes.com\/tr\/wp-json\/wp\/v2\/pages\/1719\/revisions\/28396"}],"wp:featuredmedia":[{"embeddable":true,"href":"https:\/\/irlanyahomes.com\/tr\/wp-json\/wp\/v2\/media\/20143"}],"wp:attachment":[{"href":"https:\/\/irlanyahomes.com\/tr\/wp-json\/wp\/v2\/media?parent=1719"}],"curies":[{"name":"wp","href":"https:\/\/api.w.org\/{rel}","templated":true}]}}