{"id":55025,"date":"2022-11-21T14:09:46","date_gmt":"2022-11-21T11:09:46","guid":{"rendered":"https:\/\/irlanyahomes.com\/?page_id=55025"},"modified":"2022-11-21T14:09:46","modified_gmt":"2022-11-21T11:09:46","slug":"how-to-choose-a-real-estate-agency-in-turkey","status":"publish","type":"page","link":"https:\/\/irlanyahomes.com\/sv\/blog\/how-to-choose-a-real-estate-agency-in-turkey\/","title":{"rendered":"Hur man v\u00e4ljer en fastighetsbyr\u00e5 i Turkiet"},"content":{"rendered":"<p>[vc_row][vc_column width=&#8221;1\/3&#8243;][vc_single_image image=&#8221;59035&#8243; img_size=&#8221;medium&#8221; onclick=&#8221;link_image&#8221;][\/vc_column][vc_column width=&#8221;2\/3&#8243;]<div class=\"mh-heading-wrapper--left \">\r\n\t\r\n        <div class=\"mh-heading-wrapper\">\r\n            <h4            class=\"mh-heading  mh-heading--bottom-separator   \"\r\n            style=\"font-weight:700;\">\r\n\t\t\tHur man v\u00e4ljer en fastighetsbyr\u00e5 i Turkiet?        <\/h4>\r\n\r\n\t\t    <\/div>\r\n\r\n\t<\/div>[vc_column_text]<\/p>\n<p>N\u00e4r du v\u00e4ljer en fastighetsbyr\u00e5 i vilket land som helst, inte bara i Turkiet, m\u00e5ste du vara uppm\u00e4rksam p\u00e5 f\u00f6ljande punkter:<\/p>\n<p>Hur mycket av aff\u00e4ren eller hela aff\u00e4ren kommer byr\u00e5n att hantera?<br \/>\n\u2013 Kommer de att hj\u00e4lpa dig med s\u00f6kandet efter fastigheter eller bara f\u00f6lja med utformningen av objektet du sj\u00e4lv hittat? Kommer det att finnas hj\u00e4lp med renovering\/m\u00f6blering och andra eftermarknadstj\u00e4nster om det beh\u00f6vs och kommer de att ta betalt f\u00f6r det? Kommer de att hj\u00e4lpa dig att hitta hyresg\u00e4ster eller s\u00e4lja vidare i framtiden?<br \/>\n&#8211; Har byr\u00e5n bara f\u00f6rmedlarerfarenhet p\u00e5 fastighetsmarknaden och vilken typ av fastigheter: prim\u00e4r, sekund\u00e4r, bost\u00e4der, kommersiell? Har du erfarenhet av att utveckla egna utvecklingsprojekt?<br \/>\n\u2013 Kommer en chef att f\u00f6lja med dig i alla skeden eller kommer de hela tiden att f\u00f6r\u00e4ndras?<\/p>\n<p>[\/vc_column_text][\/vc_column][\/vc_row][vc_row][vc_column][vc_column_text]<\/p>\n<p>Ett annat viktigt kriterium \u00e4r verkligen f\u00f6retagets historia: perioden f\u00f6r dess existens p\u00e5 marknaden, rykte och varum\u00e4rkesk\u00e4nnedom i vida kretsar. Upplevelsen av de senaste transaktionerna, deras framg\u00e5ng och kvaliteten p\u00e5 kundservice.<br \/>\nTrots att m\u00e5nga \u00f6verenskommelser i Turkiet fortfarande g\u00f6rs i ord, om f\u00f6rtroende, \u00e4r det mycket \u00f6nskv\u00e4rt att skriva ner alla nyanser i avtalet med byr\u00e5n. Detta kommer att h\u00e5lla din vilsamma s\u00f6mn och skydda dig fr\u00e5n konfliktsituationer i framtiden.<br \/>\nNaturligtvis b\u00f6r du i alla skeden vara bekv\u00e4m med att interagera med byr\u00e5n och dess anst\u00e4llda. Eventuella ytterligare fr\u00e5gor b\u00f6r inte orsaka besv\u00e4r eller stress, eftersom k\u00f6p av fastigheter \u00e4r ett viktigt steg i varje persons liv, oavsett om det \u00e4r det f\u00f6rsta k\u00f6pet f\u00f6r sig sj\u00e4lv eller i investeringssyfte.<\/p>\n<p>Om alla kriterierna ovan matchar varandra, \u00e4r du i trygga h\u00e4nder p\u00e5 det professionella teamet av Irlanya Homes, och din transaktion \u00e4r d\u00f6md till framg\u00e5ng! V\u00e5ra kunder stannar hos oss hela livet och vi \u00e4r glada att se var och en av er n\u00e4r era barn v\u00e4xer upp, n\u00e5r framg\u00e5ng och \u00f6vertr\u00e4ffar sig sj\u00e4lva!<\/p>\n<p>[\/vc_column_text][\/vc_column][\/vc_row]<\/p>\n","protected":false},"excerpt":{"rendered":"<p>[vc_row][vc_column width=&#8221;1\/3&#8243;][vc_single_image image=&#8221;59035&#8243; img_size=&#8221;medium&#8221; onclick=&#8221;link_image&#8221;][\/vc_column][vc_column width=&#8221;2\/3&#8243;][vc_column_text] N\u00e4r du v\u00e4ljer en fastighetsbyr\u00e5 i vilket land som helst, inte bara i Turkiet, m\u00e5ste du vara uppm\u00e4rksam p\u00e5 f\u00f6ljande punkter: Hur mycket av aff\u00e4ren eller hela aff\u00e4ren kommer byr\u00e5n att hantera? \u2013 Kommer de att hj\u00e4lpa dig med s\u00f6kandet efter fastigheter eller bara f\u00f6lja med utformningen av objektet [&hellip;]<\/p>\n","protected":false},"author":14,"featured_media":59035,"parent":1721,"menu_order":0,"comment_status":"closed","ping_status":"closed","template":"","meta":{"footnotes":""},"_links":{"self":[{"href":"https:\/\/irlanyahomes.com\/sv\/wp-json\/wp\/v2\/pages\/55025"}],"collection":[{"href":"https:\/\/irlanyahomes.com\/sv\/wp-json\/wp\/v2\/pages"}],"about":[{"href":"https:\/\/irlanyahomes.com\/sv\/wp-json\/wp\/v2\/types\/page"}],"author":[{"embeddable":true,"href":"https:\/\/irlanyahomes.com\/sv\/wp-json\/wp\/v2\/users\/14"}],"replies":[{"embeddable":true,"href":"https:\/\/irlanyahomes.com\/sv\/wp-json\/wp\/v2\/comments?post=55025"}],"version-history":[{"count":2,"href":"https:\/\/irlanyahomes.com\/sv\/wp-json\/wp\/v2\/pages\/55025\/revisions"}],"predecessor-version":[{"id":59067,"href":"https:\/\/irlanyahomes.com\/sv\/wp-json\/wp\/v2\/pages\/55025\/revisions\/59067"}],"up":[{"embeddable":true,"href":"https:\/\/irlanyahomes.com\/sv\/wp-json\/wp\/v2\/pages\/1721"}],"wp:featuredmedia":[{"embeddable":true,"href":"https:\/\/irlanyahomes.com\/sv\/wp-json\/wp\/v2\/media\/59035"}],"wp:attachment":[{"href":"https:\/\/irlanyahomes.com\/sv\/wp-json\/wp\/v2\/media?parent=55025"}],"curies":[{"name":"wp","href":"https:\/\/api.w.org\/{rel}","templated":true}]}}