{"id":28745,"date":"2021-11-27T13:25:27","date_gmt":"2021-11-27T10:25:27","guid":{"rendered":"https:\/\/irlanyahomes.com\/?page_id=28745"},"modified":"2023-01-11T15:54:03","modified_gmt":"2023-01-11T12:54:03","slug":"properties-for-sale-in-turkey","status":"publish","type":"page","link":"https:\/\/irlanyahomes.com\/sv\/properties-for-sale-in-turkey\/","title":{"rendered":"(English) Properties for sale in Turkey"},"content":{"rendered":"<p class=\"qtranxs-available-languages-message qtranxs-available-languages-message-sv\">Tyv\u00e4rr \u00e4r denna artikel enbart tillg\u00e4nglig p\u00e5 <a href=\"https:\/\/irlanyahomes.com\/en\/wp-json\/wp\/v2\/pages\/28745\" class=\"qtranxs-available-language-link qtranxs-available-language-link-en\" title=\"English\">English<\/a>.<\/p>\n","protected":false},"excerpt":{"rendered":"<p>Tyv\u00e4rr \u00e4r denna artikel enbart tillg\u00e4nglig p\u00e5 English.<\/p>\n","protected":false},"author":14,"featured_media":0,"parent":0,"menu_order":0,"comment_status":"closed","ping_status":"closed","template":"","meta":{"footnotes":""},"_links":{"self":[{"href":"https:\/\/irlanyahomes.com\/sv\/wp-json\/wp\/v2\/pages\/28745"}],"collection":[{"href":"https:\/\/irlanyahomes.com\/sv\/wp-json\/wp\/v2\/pages"}],"about":[{"href":"https:\/\/irlanyahomes.com\/sv\/wp-json\/wp\/v2\/types\/page"}],"author":[{"embeddable":true,"href":"https:\/\/irlanyahomes.com\/sv\/wp-json\/wp\/v2\/users\/14"}],"replies":[{"embeddable":true,"href":"https:\/\/irlanyahomes.com\/sv\/wp-json\/wp\/v2\/comments?post=28745"}],"version-history":[{"count":4,"href":"https:\/\/irlanyahomes.com\/sv\/wp-json\/wp\/v2\/pages\/28745\/revisions"}],"predecessor-version":[{"id":65138,"href":"https:\/\/irlanyahomes.com\/sv\/wp-json\/wp\/v2\/pages\/28745\/revisions\/65138"}],"wp:attachment":[{"href":"https:\/\/irlanyahomes.com\/sv\/wp-json\/wp\/v2\/media?parent=28745"}],"curies":[{"name":"wp","href":"https:\/\/api.w.org\/{rel}","templated":true}]}}