{"id":23263,"date":"2021-05-17T19:26:47","date_gmt":"2021-05-17T16:26:47","guid":{"rendered":"https:\/\/irlanyahomes.com\/?page_id=23263"},"modified":"2021-11-22T10:09:34","modified_gmt":"2021-11-22T07:09:34","slug":"furniture-interior","status":"publish","type":"page","link":"https:\/\/irlanyahomes.com\/sv\/services\/furniture-interior\/","title":{"rendered":"M\u00f6bler &#038; Interi\u00f6r"},"content":{"rendered":"<p>[vc_row content_placement=&#8221;middle&#8221;][vc_column width=&#8221;1\/3&#8243;][vc_single_image image=&#8221;23313&#8243; img_size=&#8221;full&#8221; onclick=&#8221;link_image&#8221;][\/vc_column][vc_column width=&#8221;2\/3&#8243;][vc_column_text]<\/p>\n<h4>Inredning och inredning av din fastighet i Alanya Du k\u00f6pte din dr\u00f6mfastighet i Alanya och nu kan du b\u00f6rja ta med din personliga touch i ditt nya hem.<\/h4>\n<p>[\/vc_column_text][\/vc_column][\/vc_row][vc_row][vc_column][vc_column_text]Inredning och inredning av din fastighet i Alanya Du k\u00f6pte din dr\u00f6mfastighet i Alanya och nu kan du b\u00f6rja ta med din personliga touch i ditt nya hem.<\/p>\n<p>\u00c4ven med detta steg hj\u00e4lper vi professionella och hj\u00e4lper dig att flytta in i din nya l\u00e4genhet eller villa slarvig och snabbt. Vi samarbetar med flera m\u00f6belaff\u00e4rer i Alanya, s\u00e5 att alla kan hitta n\u00e5got i sin stil och budget.[\/vc_column_text][\/vc_column][\/vc_row]<\/p>\n","protected":false},"excerpt":{"rendered":"<p>[vc_row content_placement=&#8221;middle&#8221;][vc_column width=&#8221;1\/3&#8243;][vc_single_image image=&#8221;23313&#8243; img_size=&#8221;full&#8221; onclick=&#8221;link_image&#8221;][\/vc_column][vc_column width=&#8221;2\/3&#8243;][vc_column_text] Inredning och inredning av din fastighet i Alanya Du k\u00f6pte din dr\u00f6mfastighet i Alanya och nu kan du b\u00f6rja ta med din personliga touch i ditt nya hem. [\/vc_column_text][\/vc_column][\/vc_row][vc_row][vc_column][vc_column_text]Inredning och inredning av din fastighet i Alanya Du k\u00f6pte din dr\u00f6mfastighet i Alanya och nu kan du b\u00f6rja ta [&hellip;]<\/p>\n","protected":false},"author":1,"featured_media":0,"parent":2708,"menu_order":0,"comment_status":"closed","ping_status":"closed","template":"page_right-sidebar-with-top-title.php","meta":{"footnotes":""},"_links":{"self":[{"href":"https:\/\/irlanyahomes.com\/sv\/wp-json\/wp\/v2\/pages\/23263"}],"collection":[{"href":"https:\/\/irlanyahomes.com\/sv\/wp-json\/wp\/v2\/pages"}],"about":[{"href":"https:\/\/irlanyahomes.com\/sv\/wp-json\/wp\/v2\/types\/page"}],"author":[{"embeddable":true,"href":"https:\/\/irlanyahomes.com\/sv\/wp-json\/wp\/v2\/users\/1"}],"replies":[{"embeddable":true,"href":"https:\/\/irlanyahomes.com\/sv\/wp-json\/wp\/v2\/comments?post=23263"}],"version-history":[{"count":4,"href":"https:\/\/irlanyahomes.com\/sv\/wp-json\/wp\/v2\/pages\/23263\/revisions"}],"predecessor-version":[{"id":28454,"href":"https:\/\/irlanyahomes.com\/sv\/wp-json\/wp\/v2\/pages\/23263\/revisions\/28454"}],"up":[{"embeddable":true,"href":"https:\/\/irlanyahomes.com\/sv\/wp-json\/wp\/v2\/pages\/2708"}],"wp:attachment":[{"href":"https:\/\/irlanyahomes.com\/sv\/wp-json\/wp\/v2\/media?parent=23263"}],"curies":[{"name":"wp","href":"https:\/\/api.w.org\/{rel}","templated":true}]}}