{"id":23255,"date":"2021-05-17T16:21:15","date_gmt":"2021-05-17T13:21:15","guid":{"rendered":"https:\/\/irlanyahomes.com\/?page_id=23255"},"modified":"2021-11-22T10:11:04","modified_gmt":"2021-11-22T07:11:04","slug":"inspection-trip","status":"publish","type":"page","link":"https:\/\/irlanyahomes.com\/sv\/services\/inspection-trip\/","title":{"rendered":"Inspektionsresa"},"content":{"rendered":"<p>[vc_row content_placement=&#8221;middle&#8221;][vc_column width=&#8221;1\/3&#8243;][vc_single_image image=&#8221;23288&#8243; img_size=&#8221;full&#8221; onclick=&#8221;link_image&#8221;][\/vc_column][vc_column width=&#8221;2\/3&#8243;][vc_column_text]Att k\u00f6pa fastigheter \u00e4r ett seri\u00f6st beslut, s\u00e4rskilt om du v\u00e4ljer att k\u00f6pa fastighet utomlands. Vanligtvis har k\u00f6paren begr\u00e4nsad tid och det finns ett stort urval av fastigheter. Det hj\u00e4lper sj\u00e4lvklart att se l\u00e4genheterna online fr\u00e5n kataloger, broschyrer och foton och videoklipp. Modern teknik g\u00f6r att vi kan erbjuda h\u00f6gkvalitativ visuell information, men det \u00e4r inte alltid detta kommer att visa de verkliga f\u00f6rh\u00e5llandena; d\u00e4rf\u00f6r kan vi erbjuda en inspektionsresa.[\/vc_column_text][\/vc_column][\/vc_row][vc_row][vc_column][vc_column_text]Inspektionsrundtur i fastigheten ger dig en m\u00f6jlighet att bekanta dig med platsen och se de olika variationerna av de f\u00f6reslagna fastigheterna. Du f\u00e5r ocks\u00e5 mer kunskap om staden, platsen f\u00f6r fastigheten och att k\u00e4nna hur livet \u00e4r, k\u00e4nslan av rytmen i vardagen i den del av Turkiet du f\u00f6redrar.<\/p>\n<p>Irlanya Homes erbjuder dig dessa tj\u00e4nster:<\/p>\n<ul>\n<li>M\u00f6t dig p\u00e5 flygplatsen, transfer till hotellet<\/li>\n<li>Att bo p\u00e5 hotell i staden eller i l\u00e4genhet i 3-4 dagar<\/li>\n<li>Bes\u00f6k fastigheten<\/li>\n<li>R\u00e5d om k\u00f6p av fastigheter<\/li>\n<li>R\u00e5d om fastighetsmarknaden i Alanya<\/li>\n<li>Transfer till flygplatsen<\/li>\n<\/ul>\n<p>Under ditt bes\u00f6k kommer du att \u00e5tf\u00f6ljas av en licensierad fastighetsspecialist fr\u00e5n v\u00e5r organisation som kommer att svara p\u00e5 alla dina fr\u00e5gor, ge r\u00e5d i processen att k\u00f6pa fastigheter och fastighetstj\u00e4nster efter k\u00f6pet.<\/p>\n<p>S\u00e5dana resor hj\u00e4lper dig att skapa en objektiv \u00e5sikt om fastigheten och vilken niv\u00e5 av kvalitet och stil du f\u00f6redrar i Turkiet.<\/p>\n<p>Om du k\u00f6per fastighet med v\u00e5rt f\u00f6retag IRLANYA HOMES t\u00e4cker f\u00f6retaget alla kostnader f\u00f6r k\u00f6paren, inklusive flyg, transport och boende.<\/p>\n<p><strong>G\u00f6r din egen v\u00e4g<\/strong><\/p>\n<p>Om du g\u00f6r dina egna arrangemang f\u00f6r en resa till Turkiet ordnar vi g\u00e4rna m\u00f6ten \u00e5t dig f\u00f6re avresan. Detta f\u00f6r att s\u00e4kerst\u00e4lla att vi f\u00f6rst\u00e5r dina exakta krav s\u00e5 att vi f\u00f6rbereder din personliga fastighetsportf\u00f6lj f\u00f6re din ankomst till din valda destination. En av v\u00e5ra kollegor ser till att du f\u00e5r se exakt vad du letar efter.<\/p>\n<p>Alternativt \u00e4r du v\u00e4lkommen att kontakta v\u00e5rt kontor i Alanya och v\u00e5r personal kommer g\u00e4rna att ordna s\u00e5 att du kan se fastigheter till salu i Alanya, Oba, Tosmur, Kestel, Mahmutlar, Kargicak, Demirtas, Tepe, Bektas och mer.[\/vc_column_text][\/vc_column][\/vc_row]<\/p>\n","protected":false},"excerpt":{"rendered":"<p>[vc_row content_placement=&#8221;middle&#8221;][vc_column width=&#8221;1\/3&#8243;][vc_single_image image=&#8221;23288&#8243; img_size=&#8221;full&#8221; onclick=&#8221;link_image&#8221;][\/vc_column][vc_column width=&#8221;2\/3&#8243;][vc_column_text]Att k\u00f6pa fastigheter \u00e4r ett seri\u00f6st beslut, s\u00e4rskilt om du v\u00e4ljer att k\u00f6pa fastighet utomlands. Vanligtvis har k\u00f6paren begr\u00e4nsad tid och det finns ett stort urval av fastigheter. Det hj\u00e4lper sj\u00e4lvklart att se l\u00e4genheterna online fr\u00e5n kataloger, broschyrer och foton och videoklipp. Modern teknik g\u00f6r att vi kan erbjuda [&hellip;]<\/p>\n","protected":false},"author":1,"featured_media":0,"parent":2708,"menu_order":0,"comment_status":"closed","ping_status":"closed","template":"page_right-sidebar-with-top-title.php","meta":{"footnotes":""},"_links":{"self":[{"href":"https:\/\/irlanyahomes.com\/sv\/wp-json\/wp\/v2\/pages\/23255"}],"collection":[{"href":"https:\/\/irlanyahomes.com\/sv\/wp-json\/wp\/v2\/pages"}],"about":[{"href":"https:\/\/irlanyahomes.com\/sv\/wp-json\/wp\/v2\/types\/page"}],"author":[{"embeddable":true,"href":"https:\/\/irlanyahomes.com\/sv\/wp-json\/wp\/v2\/users\/1"}],"replies":[{"embeddable":true,"href":"https:\/\/irlanyahomes.com\/sv\/wp-json\/wp\/v2\/comments?post=23255"}],"version-history":[{"count":4,"href":"https:\/\/irlanyahomes.com\/sv\/wp-json\/wp\/v2\/pages\/23255\/revisions"}],"predecessor-version":[{"id":28455,"href":"https:\/\/irlanyahomes.com\/sv\/wp-json\/wp\/v2\/pages\/23255\/revisions\/28455"}],"up":[{"embeddable":true,"href":"https:\/\/irlanyahomes.com\/sv\/wp-json\/wp\/v2\/pages\/2708"}],"wp:attachment":[{"href":"https:\/\/irlanyahomes.com\/sv\/wp-json\/wp\/v2\/media?parent=23255"}],"curies":[{"name":"wp","href":"https:\/\/api.w.org\/{rel}","templated":true}]}}