{"id":20180,"date":"2021-04-24T11:52:02","date_gmt":"2021-04-24T08:52:02","guid":{"rendered":"https:\/\/irlanyahomes.com\/?page_id=20180"},"modified":"2021-11-22T10:07:58","modified_gmt":"2021-11-22T07:07:58","slug":"consulting","status":"publish","type":"page","link":"https:\/\/irlanyahomes.com\/sv\/services\/consulting\/","title":{"rendered":"R\u00e5dgivning"},"content":{"rendered":"<p>[vc_row][vc_column][vc_column_text]<\/p>\n<h4>Vi kommer att leva upp l\u00f6nsamma fastighetsprojekt i partnerskap med v\u00e5ra kunder<\/h4>\n<p>[\/vc_column_text][\/vc_column][\/vc_row][vc_row][vc_column][vc_column_text]Omfattande erfarenhet av den turkiska marknaden, kunskap om fastighetsmarknadens historia, regelbunden \u00f6vervakning av marknaden g\u00f6r att Irlanya Homes kan genomf\u00f6ra unika fastighetsprojekt i Alanya.<br \/>\nDet \u00e4r enkelt: vi utvecklar en strategi, diskuterar budgeten och schemat f\u00f6r genomf\u00f6randet av ditt projekt.<\/p>\n<p>Listan \u00f6ver tj\u00e4nster som tillhandah\u00e5lls av f\u00f6retagets konsulter inkluderar:<\/p>\n<ul>\n<li>Analys av tomter i Alanya<\/li>\n<li>Marknadsanalys<\/li>\n<li>Analys av webbplatsens b\u00e4sta anv\u00e4ndning<\/li>\n<li>Konceptutveckling &#8220;fr\u00e5n grunden&#8221;<\/li>\n<li>Rekommendationer f\u00f6r projektens koncept och infrastrukturinneh\u00e5ll<\/li>\n<li>Konkurrentanalys<\/li>\n<li>Ekonomisk analys av projekt<\/li>\n<li>Investeringsanalys och f\u00f6rberedelse av projekt, utveckling av investeringsmemorandum<\/li>\n<\/ul>\n<p>[\/vc_column_text][\/vc_column][\/vc_row]<\/p>\n","protected":false},"excerpt":{"rendered":"<p>[vc_row][vc_column][vc_column_text] Vi kommer att leva upp l\u00f6nsamma fastighetsprojekt i partnerskap med v\u00e5ra kunder [\/vc_column_text][\/vc_column][\/vc_row][vc_row][vc_column][vc_column_text]Omfattande erfarenhet av den turkiska marknaden, kunskap om fastighetsmarknadens historia, regelbunden \u00f6vervakning av marknaden g\u00f6r att Irlanya Homes kan genomf\u00f6ra unika fastighetsprojekt i Alanya. Det \u00e4r enkelt: vi utvecklar en strategi, diskuterar budgeten och schemat f\u00f6r genomf\u00f6randet av ditt projekt. Listan \u00f6ver [&hellip;]<\/p>\n","protected":false},"author":14,"featured_media":0,"parent":2708,"menu_order":0,"comment_status":"closed","ping_status":"closed","template":"page_right-sidebar-with-top-title.php","meta":{"footnotes":""},"_links":{"self":[{"href":"https:\/\/irlanyahomes.com\/sv\/wp-json\/wp\/v2\/pages\/20180"}],"collection":[{"href":"https:\/\/irlanyahomes.com\/sv\/wp-json\/wp\/v2\/pages"}],"about":[{"href":"https:\/\/irlanyahomes.com\/sv\/wp-json\/wp\/v2\/types\/page"}],"author":[{"embeddable":true,"href":"https:\/\/irlanyahomes.com\/sv\/wp-json\/wp\/v2\/users\/14"}],"replies":[{"embeddable":true,"href":"https:\/\/irlanyahomes.com\/sv\/wp-json\/wp\/v2\/comments?post=20180"}],"version-history":[{"count":5,"href":"https:\/\/irlanyahomes.com\/sv\/wp-json\/wp\/v2\/pages\/20180\/revisions"}],"predecessor-version":[{"id":28453,"href":"https:\/\/irlanyahomes.com\/sv\/wp-json\/wp\/v2\/pages\/20180\/revisions\/28453"}],"up":[{"embeddable":true,"href":"https:\/\/irlanyahomes.com\/sv\/wp-json\/wp\/v2\/pages\/2708"}],"wp:attachment":[{"href":"https:\/\/irlanyahomes.com\/sv\/wp-json\/wp\/v2\/media?parent=20180"}],"curies":[{"name":"wp","href":"https:\/\/api.w.org\/{rel}","templated":true}]}}