{"id":64802,"date":"2023-01-11T10:15:00","date_gmt":"2023-01-11T07:15:00","guid":{"rendered":"https:\/\/irlanyahomes.com\/?page_id=64802"},"modified":"2025-06-16T11:49:50","modified_gmt":"2025-06-16T08:49:50","slug":"properties-in-turkey","status":"publish","type":"page","link":"https:\/\/irlanyahomes.com\/de\/properties-in-turkey\/","title":{"rendered":"Immobilien in der T\u00fcrkei"},"content":{"rendered":"<p>[vc_row full_width=&#8221;stretch_row&#8221; css=&#8221;.vc_custom_1673512664321{background-image: url(https:\/\/irlanyahomes.com\/wp-content\/uploads\/2023\/01\/92d3e202bee3df35b5a65278158677c1.jpg?id=65261) !important;background-position: center !important;background-repeat: no-repeat !important;background-size: cover !important;}&#8221;][vc_column width=&#8221;1\/2&#8243;]\n        <div id=\"textblock_69d027a25a173\" class=\"li-textblock\" >\n        <h2><span style=\"color: #ffffff;\">SCH\u00d6NE ORTE IN DER T\u00dcRKEI<\/span><br \/>\n<span style=\"color: #ffffff;\">LEBEN ODER INVESTIEREN!<\/span><\/h2>\n    <\/div>\n\n\n     \n        <div id=\"textblock_69d027a25a1bb\" class=\"li-textblock\" >\n        <p><strong>Ideale Immobilientypen, um als Expat in der T\u00fcrkei zu kaufen;<\/strong><\/p>\n<p><strong>Ob Sie einen Zweitwohnsitz, eine Ferienwohnung kaufen oder ein solides Einkommen erzielen m\u00f6chten&#8230;<\/strong><\/p>\n<p><strong>Alles, was Sie \u00fcber den Kauf einer Immobilie in der T\u00fcrkei wissen m\u00fcssen<\/strong><\/p>\n<p><strong>Klicken Sie auf den Link, um es herauszufinden!<\/strong><\/p>\n    <\/div>\n\n\n     <div class=\"essbfc-container essbfc-container-profiles essbfc-col-profiles essbfc-template-outlinecolor essbfc-profiles-size-xlarge\"><ul><li class=\"essbfc-facebook\"><a href=\"https:\/\/www.facebook.com\/buyapartmentalanya\" target=\"_blank\" rel=\"nofollow\" title=\"\"><div class=\"essbfc-network\"><i class=\"essbfc-icon essbfc-icon-facebook essbfc-icon-pop\"><\/i><\/div><\/a><\/li><li class=\"essbfc-instagram\"><a href=\"https:\/\/www.instagram.com\/turkishproperty.estate\/\" target=\"_blank\" rel=\"nofollow\" title=\"\"><div class=\"essbfc-network\"><i class=\"essbfc-icon essbfc-icon-instagram essbfc-icon-pop\"><\/i><\/div><\/a><\/li><li class=\"essbfc-youtube\"><a href=\"https:\/\/www.youtube.com\/@TurkishPropertyEstate\" target=\"_blank\" rel=\"nofollow\" title=\"\"><div class=\"essbfc-network\"><i class=\"essbfc-icon essbfc-icon-youtube essbfc-icon-pop\"><\/i><\/div><\/a><\/li><li class=\"essbfc-whatsapp\"><a href=\"https:\/\/wa.me\/905319904176\" target=\"_blank\" rel=\"nofollow\" title=\"\"><div class=\"essbfc-network\"><i class=\"essbfc-icon essbfc-icon-whatsapp essbfc-icon-pop\"><\/i><\/div><\/a><\/li><li class=\"essbfc-telegram\"><a href=\"https:\/\/t.me\/irlanyahomes\" target=\"_blank\" rel=\"nofollow\" title=\"\"><div class=\"essbfc-network\"><i class=\"essbfc-icon essbfc-icon-telegram essbfc-icon-pop\"><\/i><\/div><\/a><\/li><\/ul><\/div>[vc_creativelink url=&#8221;url:https%3A%2F%2Firlanyahomes.com%2Fde%2F||target:%20_blank|&#8221; clr=&#8221;#ffffff&#8221; text=&#8221;Immobilien in Alanya T\u00fcrkei&#8221; bgclr=&#8221;#dbdbdb&#8221; hoverclr=&#8221;#ffffff&#8221;][vc_creativelink url=&#8221;url:https%3A%2F%2Firlanyahomes.com%2Fde%2Fmh%2F%3Flocation%3Distanbul||target:%20_blank|&#8221; clr=&#8221;#ffffff&#8221; text=&#8221;Immobilien in Istanbul T\u00fcrkei&#8221; bgclr=&#8221;#999999&#8243; hoverclr=&#8221;#ffffff&#8221;][\/vc_column][vc_column width=&#8221;1\/2&#8243; css=&#8221;.vc_custom_1673443436002{background-color: #474747 !important;}&#8221;]\n\n\n    <h2 id=\"heading_69d027a25a5ae\" class=\"li-heading  left fw-bold\" style=\"color: #ffffff;\" >\n        KOSTENLOSE BERATUNG!            <\/h2>\n\n\n\n    \n        <div id=\"textblock_69d027a25a5bf\" class=\"li-textblock\" >\n        <h3 class=\"form-title\"><span style=\"color: #ffffff;\"><strong>Unser Beraterteam wartet auf Ihre Anfragen<\/strong><\/span><\/h3>\n    <\/div>\n\n\n     \n<div class=\"wpcf7 no-js\" id=\"wpcf7-f3601-o1\" lang=\"de-DE\" dir=\"ltr\">\n<div class=\"screen-reader-response\"><p role=\"status\" aria-live=\"polite\" aria-atomic=\"true\"><\/p> <ul><\/ul><\/div>\n<form action=\"\/de\/wp-json\/wp\/v2\/pages\/64802#wpcf7-f3601-o1\" method=\"post\" class=\"wpcf7-form init\" aria-label=\"Kontaktformular\" novalidate=\"novalidate\" data-status=\"init\">\n<div style=\"display: none;\">\n<input type=\"hidden\" name=\"_wpcf7\" value=\"3601\" \/>\n<input type=\"hidden\" name=\"_wpcf7_version\" value=\"5.9.8\" \/>\n<input type=\"hidden\" name=\"_wpcf7_locale\" value=\"de_DE\" \/>\n<input type=\"hidden\" name=\"_wpcf7_unit_tag\" value=\"wpcf7-f3601-o1\" \/>\n<input type=\"hidden\" name=\"_wpcf7_container_post\" value=\"0\" \/>\n<input type=\"hidden\" name=\"_wpcf7_posted_data_hash\" value=\"\" \/>\n<input type=\"hidden\" name=\"_wpcf7_recaptcha_response\" value=\"\" \/>\n<\/div>\n<p><label><span class=\"wpcf7-form-control-wrap\" data-name=\"your-name\"><input size=\"40\" maxlength=\"400\" class=\"wpcf7-form-control wpcf7-text wpcf7-validates-as-required\" aria-required=\"true\" aria-invalid=\"false\" placeholder=\"Dein Name*\" value=\"\" type=\"text\" name=\"your-name\" \/><\/span><\/label><br \/>\n<label><span class=\"wpcf7-form-control-wrap\" data-name=\"phonetext-272\"><input size=\"40\" class=\"wpcf7-form-control wpcf7-phonetext wpcf7-validates-as-required wpcf7-text wpcf7-validates-as-phonetext\" aria-required=\"true\" aria-invalid=\"false\" value=\"\" type=\"text\" name=\"phonetext-272\" \/><input type=\"hidden\" name=\"phonetext-272-country-code\" class=\"wpcf7-phonetext-country-code\" \/><\/span><\/label><br \/>\n<label><span class=\"wpcf7-form-control-wrap\" data-name=\"your-email\"><input size=\"40\" maxlength=\"400\" class=\"wpcf7-form-control wpcf7-email wpcf7-validates-as-required wpcf7-text wpcf7-validates-as-email\" aria-required=\"true\" aria-invalid=\"false\" placeholder=\"Deine E-Mail-Adresse*\" value=\"\" type=\"email\" name=\"your-email\" \/><\/span><\/label><br \/>\n<label><span class=\"wpcf7-form-control-wrap\" data-name=\"your-message\"><textarea cols=\"40\" rows=\"10\" maxlength=\"2000\" class=\"wpcf7-form-control wpcf7-textarea\" aria-invalid=\"false\" placeholder=\"Deine Nachricht\" name=\"your-message\"><\/textarea><\/span><\/label><br \/>\n<input class=\"wpcf7-form-control wpcf7-submit has-spinner\" type=\"submit\" value=\"Senden\" \/>\n<\/p><div class=\"wpcf7-response-output\" aria-hidden=\"true\"><\/div>\n<\/form>\n<\/div>\n<div class=\"mh-heading-wrapper--left \">\r\n\t\r\n        <div class=\"mh-heading-wrapper\">\r\n            <h3            class=\"mh-heading mh-color-white    \"\r\n            style=\"font-weight:700;\">\r\n\t\t\tLASSEN SIE UNS SIE NACH HAUSE F\u00dcHREN!        <\/h3>\r\n\r\n\t\t    <\/div>\r\n\r\n\t<\/div>[\/vc_column][\/vc_row][vc_row][vc_column]\t\t<listing-grid\n\t\t\tid=\"myhome-listing-grid\"\n\t\t\tclass=\"\"\n\t\t\tconfig-key='MyHomeListing1775249314'\n\t\t>\n\t\t\t\t\t<\/listing-grid>\n\t\t[\/vc_column][\/vc_row][vc_row][vc_column][\/vc_column][\/vc_row]<\/p>\n","protected":false},"excerpt":{"rendered":"<p>[vc_row full_width=&#8221;stretch_row&#8221; css=&#8221;.vc_custom_1673512664321{background-image: url(https:\/\/irlanyahomes.com\/wp-content\/uploads\/2023\/01\/92d3e202bee3df35b5a65278158677c1.jpg?id=65261) !important;background-position: center !important;background-repeat: no-repeat !important;background-size: cover !important;}&#8221;][vc_column width=&#8221;1\/2&#8243;][vc_creativelink url=&#8221;url:https%3A%2F%2Firlanyahomes.com%2Fde%2F||target:%20_blank|&#8221; clr=&#8221;#ffffff&#8221; text=&#8221;Immobilien in Alanya T\u00fcrkei&#8221; bgclr=&#8221;#dbdbdb&#8221; hoverclr=&#8221;#ffffff&#8221;][vc_creativelink url=&#8221;url:https%3A%2F%2Firlanyahomes.com%2Fde%2Fmh%2F%3Flocation%3Distanbul||target:%20_blank|&#8221; clr=&#8221;#ffffff&#8221; text=&#8221;Immobilien in Istanbul T\u00fcrkei&#8221; bgclr=&#8221;#999999&#8243; hoverclr=&#8221;#ffffff&#8221;][\/vc_column][vc_column width=&#8221;1\/2&#8243; css=&#8221;.vc_custom_1673443436002{background-color: #474747 !important;}&#8221;][\/vc_column][\/vc_row][vc_row][vc_column][\/vc_column][\/vc_row][vc_row][vc_column][\/vc_column][\/vc_row]<\/p>\n","protected":false},"author":14,"featured_media":0,"parent":0,"menu_order":0,"comment_status":"closed","ping_status":"closed","template":"page_full-width.php","meta":{"footnotes":""},"_links":{"self":[{"href":"https:\/\/irlanyahomes.com\/de\/wp-json\/wp\/v2\/pages\/64802"}],"collection":[{"href":"https:\/\/irlanyahomes.com\/de\/wp-json\/wp\/v2\/pages"}],"about":[{"href":"https:\/\/irlanyahomes.com\/de\/wp-json\/wp\/v2\/types\/page"}],"author":[{"embeddable":true,"href":"https:\/\/irlanyahomes.com\/de\/wp-json\/wp\/v2\/users\/14"}],"replies":[{"embeddable":true,"href":"https:\/\/irlanyahomes.com\/de\/wp-json\/wp\/v2\/comments?post=64802"}],"version-history":[{"count":4,"href":"https:\/\/irlanyahomes.com\/de\/wp-json\/wp\/v2\/pages\/64802\/revisions"}],"predecessor-version":[{"id":92425,"href":"https:\/\/irlanyahomes.com\/de\/wp-json\/wp\/v2\/pages\/64802\/revisions\/92425"}],"wp:attachment":[{"href":"https:\/\/irlanyahomes.com\/de\/wp-json\/wp\/v2\/media?parent=64802"}],"curies":[{"name":"wp","href":"https:\/\/api.w.org\/{rel}","templated":true}]}}