{"id":55025,"date":"2022-11-21T14:09:46","date_gmt":"2022-11-21T11:09:46","guid":{"rendered":"https:\/\/irlanyahomes.com\/?page_id=55025"},"modified":"2022-11-21T14:09:46","modified_gmt":"2022-11-21T11:09:46","slug":"how-to-choose-a-real-estate-agency-in-turkey","status":"publish","type":"page","link":"https:\/\/irlanyahomes.com\/de\/blog\/how-to-choose-a-real-estate-agency-in-turkey\/","title":{"rendered":"So w\u00e4hlen Sie eine Immobilienagentur in der T\u00fcrkei aus"},"content":{"rendered":"<p>[vc_row][vc_column width=&#8221;1\/3&#8243;][vc_single_image image=&#8221;59035&#8243; img_size=&#8221;medium&#8221; onclick=&#8221;link_image&#8221;][\/vc_column][vc_column width=&#8221;2\/3&#8243;]<div class=\"mh-heading-wrapper--left \">\r\n\t\r\n        <div class=\"mh-heading-wrapper\">\r\n            <h4            class=\"mh-heading  mh-heading--bottom-separator   \"\r\n            style=\"font-weight:700;\">\r\n\t\t\tSo w\u00e4hlen Sie eine Immobilienagentur in der T\u00fcrkei aus?        <\/h4>\r\n\r\n\t\t    <\/div>\r\n\r\n\t<\/div>[vc_column_text]<\/p>\n<p>Bei der Auswahl einer Immobilienagentur in jedem Land, nicht nur in der T\u00fcrkei, m\u00fcssen Sie auf die folgenden Punkte achten:<\/p>\n<p>Wie viel des Deals oder des gesamten Deals wird die Agentur abwickeln?<br \/>\n&#8211; Werden sie Ihnen bei der Immobiliensuche helfen oder nur die Gestaltung des selbst gefundenen Objekts begleiten? Wird es bei Bedarf Unterst\u00fctzung bei der Renovierung\/M\u00f6blierung und anderen After-Sales-Services geben und wird daf\u00fcr eine Geb\u00fchr erhoben? Werden sie Ihnen helfen, Mieter zu finden oder in Zukunft weiterzuverkaufen?<br \/>\n&#8211; Hat die Agentur nur Vermittlungserfahrung auf dem Immobilienmarkt und welche Art von Immobilien: Prim\u00e4r-, Sekund\u00e4r-, Wohn-, Gewerbeimmobilien? Haben Sie Erfahrung in der Entwicklung eigener Entwicklungsprojekte?<br \/>\n&#8211; Wird Sie ein Manager in allen Phasen begleiten oder werden sie st\u00e4ndig wechseln?<\/p>\n<p>[\/vc_column_text][\/vc_column][\/vc_row][vc_row][vc_column][vc_column_text]<\/p>\n<p>Ein weiteres wichtiges Kriterium ist sicherlich die Historie des Unternehmens: die Zeit seines Bestehens am Markt, Reputation und Bekanntheitsgrad der Marke in weiten Kreisen. Die Erfahrung der letzten Transaktionen, deren Erfolg und die Qualit\u00e4t des Kundenservice.<br \/>\nTrotz der Tatsache, dass viele Vereinbarungen in der T\u00fcrkei immer noch in Worten und auf Vertrauen getroffen werden, ist es sehr w\u00fcnschenswert, alle Nuancen in der Vereinbarung mit der Agentur aufzuschreiben. Das bewahrt Ihren erholsamen Schlaf und sch\u00fctzt Sie in Zukunft vor Konfliktsituationen.<br \/>\nNat\u00fcrlich sollten Sie sich in allen Phasen im Umgang mit der Agentur und ihren Mitarbeitern wohlf\u00fchlen. Alle weiteren Fragen sollten keine Unannehmlichkeiten oder Stress verursachen, denn der Kauf einer Immobilie ist ein wichtiger Schritt im Leben eines jeden Menschen, sei es der erste Kauf f\u00fcr sich selbst oder zu Anlagezwecken.<\/p>\n<p>Wenn alle oben genannten Kriterien zusammenpassen, dann sind Sie in den sicheren H\u00e4nden des professionellen Teams von Irlanya Homes und Ihre Transaktion ist zum Erfolg verurteilt! Unsere Kunden bleiben ein Leben lang bei uns und wir freuen uns, jeden von Ihnen zu sehen, wenn Ihre Kinder aufwachsen, Erfolge erzielen und sich selbst \u00fcbertreffen!<\/p>\n<p>[\/vc_column_text][\/vc_column][\/vc_row]<\/p>\n","protected":false},"excerpt":{"rendered":"<p>[vc_row][vc_column width=&#8221;1\/3&#8243;][vc_single_image image=&#8221;59035&#8243; img_size=&#8221;medium&#8221; onclick=&#8221;link_image&#8221;][\/vc_column][vc_column width=&#8221;2\/3&#8243;][vc_column_text] Bei der Auswahl einer Immobilienagentur in jedem Land, nicht nur in der T\u00fcrkei, m\u00fcssen Sie auf die folgenden Punkte achten: Wie viel des Deals oder des gesamten Deals wird die Agentur abwickeln? &#8211; Werden sie Ihnen bei der Immobiliensuche helfen oder nur die Gestaltung des selbst gefundenen Objekts begleiten? [&hellip;]<\/p>\n","protected":false},"author":14,"featured_media":59035,"parent":1721,"menu_order":0,"comment_status":"closed","ping_status":"closed","template":"","meta":{"footnotes":""},"_links":{"self":[{"href":"https:\/\/irlanyahomes.com\/de\/wp-json\/wp\/v2\/pages\/55025"}],"collection":[{"href":"https:\/\/irlanyahomes.com\/de\/wp-json\/wp\/v2\/pages"}],"about":[{"href":"https:\/\/irlanyahomes.com\/de\/wp-json\/wp\/v2\/types\/page"}],"author":[{"embeddable":true,"href":"https:\/\/irlanyahomes.com\/de\/wp-json\/wp\/v2\/users\/14"}],"replies":[{"embeddable":true,"href":"https:\/\/irlanyahomes.com\/de\/wp-json\/wp\/v2\/comments?post=55025"}],"version-history":[{"count":2,"href":"https:\/\/irlanyahomes.com\/de\/wp-json\/wp\/v2\/pages\/55025\/revisions"}],"predecessor-version":[{"id":59067,"href":"https:\/\/irlanyahomes.com\/de\/wp-json\/wp\/v2\/pages\/55025\/revisions\/59067"}],"up":[{"embeddable":true,"href":"https:\/\/irlanyahomes.com\/de\/wp-json\/wp\/v2\/pages\/1721"}],"wp:featuredmedia":[{"embeddable":true,"href":"https:\/\/irlanyahomes.com\/de\/wp-json\/wp\/v2\/media\/59035"}],"wp:attachment":[{"href":"https:\/\/irlanyahomes.com\/de\/wp-json\/wp\/v2\/media?parent=55025"}],"curies":[{"name":"wp","href":"https:\/\/api.w.org\/{rel}","templated":true}]}}