{"id":23255,"date":"2021-05-17T16:21:15","date_gmt":"2021-05-17T13:21:15","guid":{"rendered":"https:\/\/irlanyahomes.com\/?page_id=23255"},"modified":"2021-11-22T10:11:04","modified_gmt":"2021-11-22T07:11:04","slug":"inspection-trip","status":"publish","type":"page","link":"https:\/\/irlanyahomes.com\/de\/services\/inspection-trip\/","title":{"rendered":"Inspektionsreise"},"content":{"rendered":"<p>[vc_row content_placement=&#8221;middle&#8221;][vc_column width=&#8221;1\/3&#8243;][vc_single_image image=&#8221;23288&#8243; img_size=&#8221;full&#8221; onclick=&#8221;link_image&#8221;][\/vc_column][vc_column width=&#8221;2\/3&#8243;][vc_column_text]Der Kauf von Immobilien ist eine ernsthafte Entscheidung, insbesondere wenn Sie sich f\u00fcr den Kauf von Immobilien im Ausland entscheiden. In der Regel hat der K\u00e4ufer nur eine begrenzte Zeit und es gibt eine gro\u00dfe Auswahl an Immobilien. Es ist nat\u00fcrlich hilfreich, die Apartments online anhand von Katalogen, Brosch\u00fcren, Fotos und Videoclips anzuzeigen. Moderne Technologie erm\u00f6glicht es uns, qualitativ hochwertige visuelle Informationen anzubieten, aber es ist nicht immer so, dass dies die wahren Bedingungen zeigt. Daher k\u00f6nnen wir eine Inspektionsreise anbieten.[\/vc_column_text][\/vc_column][\/vc_row][vc_row][vc_column][vc_column_text]Bei einer Besichtigung der Immobilie haben Sie die M\u00f6glichkeit, sich mit dem Ort vertraut zu machen und die verschiedenen Variationen der vorgeschlagenen Immobilien kennenzulernen. Sie erhalten auch mehr Wissen \u00fcber die Stadt, die Lage der Immobilie und das Gef\u00fchl, wie das Leben ist, den Sinn f\u00fcr den Rhythmus im Alltag in dem Teil der T\u00fcrkei, den Sie bevorzugen.<\/p>\n<p>Irlanya Homes bietet Ihnen diese Dienstleistungen an:<\/p>\n<ul>\n<li>Wir treffen uns am Flughafen und fahren zum Hotel<\/li>\n<li>Aufenthalt in einem Hotel in der Stadt oder in einem Apartment f\u00fcr 3-4 Tage<\/li>\n<li>Besuchen Sie die Unterkunft<\/li>\n<li>Beratung beim Immobilienkauf<\/li>\n<li>Beratung auf dem Immobilienmarkt in Alanya<\/li>\n<li>Transfer zum Flughafen<\/li>\n<\/ul>\n<p>W\u00e4hrend Ihres Besuchs werden Sie von einem lizenzierten Immobilienspezialisten unserer Organisation begleitet, der alle Ihre Fragen beantwortet und Sie beim Kauf von Immobilien und Immobiliendienstleistungen nach dem Kauf ber\u00e4t.<\/p>\n<p>Solche Reisen werden Ihnen helfen, eine objektive Meinung \u00fcber die Immobilie zu erstellen und welche Qualit\u00e4t und welchen Stil Sie in der T\u00fcrkei bevorzugen.<\/p>\n<p>Wenn Sie eine Immobilie bei unserer Firma IRLANYA HOMES kaufen, \u00fcbernimmt die Firma alle Kosten f\u00fcr den K\u00e4ufer, einschlie\u00dflich Flug, Transport und Unterkunft.<\/p>\n<p><strong>Mach deinen eigenen Weg<\/strong><\/p>\n<p>Wenn Sie Ihre eigenen Vorkehrungen f\u00fcr eine Reise in die T\u00fcrkei treffen, vereinbaren wir gerne Termine f\u00fcr Sie vor Ihrer Abreise. Dies soll sicherstellen, dass wir Ihre genauen Anforderungen verstehen, damit wir Ihr pers\u00f6nliches Immobilienportfolio vor Ihrer Ankunft am von Ihnen gew\u00e4hlten Ziel vorbereiten k\u00f6nnen. Einer unserer Kollegen sorgt daf\u00fcr, dass Sie genau sehen, wonach Sie suchen.<\/p>\n<p>Alternativ k\u00f6nnen Sie sich gerne an unser B\u00fcro in Alanya wenden. Unsere Mitarbeiter arrangieren f\u00fcr Sie gerne alle zum Verkauf stehenden Immobilien in Alanya, Oba, Tosmur, Kestel, Mahmutlar, Kargicak, Demirtas, Tepe, Bektas und anderen.[\/vc_column_text][\/vc_column][\/vc_row]<\/p>\n","protected":false},"excerpt":{"rendered":"<p>[vc_row content_placement=&#8221;middle&#8221;][vc_column width=&#8221;1\/3&#8243;][vc_single_image image=&#8221;23288&#8243; img_size=&#8221;full&#8221; onclick=&#8221;link_image&#8221;][\/vc_column][vc_column width=&#8221;2\/3&#8243;][vc_column_text]Der Kauf von Immobilien ist eine ernsthafte Entscheidung, insbesondere wenn Sie sich f\u00fcr den Kauf von Immobilien im Ausland entscheiden. In der Regel hat der K\u00e4ufer nur eine begrenzte Zeit und es gibt eine gro\u00dfe Auswahl an Immobilien. Es ist nat\u00fcrlich hilfreich, die Apartments online anhand von Katalogen, Brosch\u00fcren, [&hellip;]<\/p>\n","protected":false},"author":1,"featured_media":0,"parent":2708,"menu_order":0,"comment_status":"closed","ping_status":"closed","template":"page_right-sidebar-with-top-title.php","meta":{"footnotes":""},"_links":{"self":[{"href":"https:\/\/irlanyahomes.com\/de\/wp-json\/wp\/v2\/pages\/23255"}],"collection":[{"href":"https:\/\/irlanyahomes.com\/de\/wp-json\/wp\/v2\/pages"}],"about":[{"href":"https:\/\/irlanyahomes.com\/de\/wp-json\/wp\/v2\/types\/page"}],"author":[{"embeddable":true,"href":"https:\/\/irlanyahomes.com\/de\/wp-json\/wp\/v2\/users\/1"}],"replies":[{"embeddable":true,"href":"https:\/\/irlanyahomes.com\/de\/wp-json\/wp\/v2\/comments?post=23255"}],"version-history":[{"count":4,"href":"https:\/\/irlanyahomes.com\/de\/wp-json\/wp\/v2\/pages\/23255\/revisions"}],"predecessor-version":[{"id":28455,"href":"https:\/\/irlanyahomes.com\/de\/wp-json\/wp\/v2\/pages\/23255\/revisions\/28455"}],"up":[{"embeddable":true,"href":"https:\/\/irlanyahomes.com\/de\/wp-json\/wp\/v2\/pages\/2708"}],"wp:attachment":[{"href":"https:\/\/irlanyahomes.com\/de\/wp-json\/wp\/v2\/media?parent=23255"}],"curies":[{"name":"wp","href":"https:\/\/api.w.org\/{rel}","templated":true}]}}