{"id":2323,"date":"2017-10-06T17:38:13","date_gmt":"2017-10-06T17:38:13","guid":{"rendered":"https:\/\/myhometheme.net\/default\/?page_id=2323"},"modified":"2022-09-26T16:51:25","modified_gmt":"2022-09-26T13:51:25","slug":"tapu-title-deed","status":"publish","type":"page","link":"https:\/\/irlanyahomes.com\/de\/blog\/tapu-title-deed\/","title":{"rendered":"Tapu (Eigentumsurkunde)"},"content":{"rendered":"<p>[vc_row][vc_column width=&#8221;1\/3&#8243;][vc_single_image image=&#8221;3485&#8243; img_size=&#8221;medium&#8221; onclick=&#8221;link_image&#8221;][\/vc_column][vc_column width=&#8221;2\/3&#8243;]<div class=\"mh-heading-wrapper--left \">\r\n\t\r\n        <div class=\"mh-heading-wrapper\">\r\n            <h4            class=\"mh-heading  mh-heading--bottom-separator   \"\r\n            style=\"font-weight:700;\">\r\n\t\t\tTapu (Eigentumsurkunde)        <\/h4>\r\n\r\n\t\t    <\/div>\r\n\r\n\t<\/div>[vc_column_text]Das Dokument, das den Besitz von Immobilien in der T\u00fcrkei best\u00e4tigt, hei\u00dft Tapu.<br \/>\nDiese Bescheinigung wird vom Katasteramt der Stadt ausgestellt. Die Tatsache des Eigentums an Immobilien durch eine nat\u00fcrliche oder juristische Person wird in das Registerbuch eingetragen.<\/p>\n<p>Pink Tapu wird f\u00fcr Immobilien ausgegeben, bei denen es sich um Wohn-, Gewerbe- oder andere Bauarten handelt.[\/vc_column_text][\/vc_column][\/vc_row][vc_row][vc_column][vc_column_text]Tapu enth\u00e4lt folgende Informationen:<\/p>\n<ul>\n<li>Adresse und Nummer des Grundst\u00fccks, auf dem sich die Immobilie befindet<\/li>\n<li>Foto des Besitzers<\/li>\n<li>Besitzerinformation<\/li>\n<li>Kaufdatum durch den Eigent\u00fcmer<\/li>\n<li>Informationen zur Registrierung eines Grundst\u00fccks im Katasteramt<\/li>\n<li>Art der Immobilie (Grundst\u00fcck, Geb\u00e4ude usw.)<\/li>\n<li>Immobilienstatus (separates Objekt, Teil des Objekts, gemeinsame Nutzung)<\/li>\n<li>Seriennummer und Registrierungsdaten TAPU<\/li>\n<li>Landfl\u00e4che (proportional zur Gr\u00f6\u00dfe des erworbenen Wohnraums)<\/li>\n<li>Wert der erworbenen Immobilie<\/li>\n<li>die Unterschrift der befugten Person und das Siegel der Katasterabteilung usw.<\/li>\n<\/ul>\n<p>Passt auf:<br \/>\nBlaues Tapu wird f\u00fcr unbewegliches Verm\u00f6gen ausgegeben, das Land, Felder, G\u00e4rten und andere unbebaute Gebiete darstellt.[\/vc_column_text][\/vc_column][\/vc_row][vc_row][vc_column][vc_column_text]Beim Kauf einer Wohnung oder Villa in der T\u00fcrkei ben\u00f6tigt der K\u00e4ufer nur einen ausl\u00e4ndischen Reisepass, um Dokumente f\u00fcr die Erlangung einer Eigentumsbescheinigung f\u00fcr Immobilien zu erstellen (in der T\u00fcrkei hei\u00dft dieses Dokument TAPU). der Pass. Alle anderen Dokumente werden lokal in der T\u00fcrkei verarbeitet.[\/vc_column_text][\/vc_column][\/vc_row]<\/p>\n","protected":false},"excerpt":{"rendered":"<p>[vc_row][vc_column width=&#8221;1\/3&#8243;][vc_single_image image=&#8221;3485&#8243; img_size=&#8221;medium&#8221; onclick=&#8221;link_image&#8221;][\/vc_column][vc_column width=&#8221;2\/3&#8243;][vc_column_text]Das Dokument, das den Besitz von Immobilien in der T\u00fcrkei best\u00e4tigt, hei\u00dft Tapu. Diese Bescheinigung wird vom Katasteramt der Stadt ausgestellt. Die Tatsache des Eigentums an Immobilien durch eine nat\u00fcrliche oder juristische Person wird in das Registerbuch eingetragen. Pink Tapu wird f\u00fcr Immobilien ausgegeben, bei denen es sich um Wohn-, [&hellip;]<\/p>\n","protected":false},"author":1,"featured_media":3485,"parent":1721,"menu_order":0,"comment_status":"closed","ping_status":"closed","template":"","meta":{"footnotes":""},"_links":{"self":[{"href":"https:\/\/irlanyahomes.com\/de\/wp-json\/wp\/v2\/pages\/2323"}],"collection":[{"href":"https:\/\/irlanyahomes.com\/de\/wp-json\/wp\/v2\/pages"}],"about":[{"href":"https:\/\/irlanyahomes.com\/de\/wp-json\/wp\/v2\/types\/page"}],"author":[{"embeddable":true,"href":"https:\/\/irlanyahomes.com\/de\/wp-json\/wp\/v2\/users\/1"}],"replies":[{"embeddable":true,"href":"https:\/\/irlanyahomes.com\/de\/wp-json\/wp\/v2\/comments?post=2323"}],"version-history":[{"count":4,"href":"https:\/\/irlanyahomes.com\/de\/wp-json\/wp\/v2\/pages\/2323\/revisions"}],"predecessor-version":[{"id":28457,"href":"https:\/\/irlanyahomes.com\/de\/wp-json\/wp\/v2\/pages\/2323\/revisions\/28457"}],"up":[{"embeddable":true,"href":"https:\/\/irlanyahomes.com\/de\/wp-json\/wp\/v2\/pages\/1721"}],"wp:featuredmedia":[{"embeddable":true,"href":"https:\/\/irlanyahomes.com\/de\/wp-json\/wp\/v2\/media\/3485"}],"wp:attachment":[{"href":"https:\/\/irlanyahomes.com\/de\/wp-json\/wp\/v2\/media?parent=2323"}],"curies":[{"name":"wp","href":"https:\/\/api.w.org\/{rel}","templated":true}]}}