{"id":20021,"date":"2021-04-07T09:17:11","date_gmt":"2021-04-07T09:17:11","guid":{"rendered":"https:\/\/irlanyahomes.com\/?page_id=20021"},"modified":"2021-11-16T17:31:17","modified_gmt":"2021-11-16T14:31:17","slug":"our-team","status":"publish","type":"page","link":"https:\/\/irlanyahomes.com\/de\/our-team\/","title":{"rendered":"Unser Team"},"content":{"rendered":"<p>[vc_row][vc_column]<div class=\"mh-heading-wrapper--left \">\r\n\t\r\n        <div class=\"mh-heading-wrapper\">\r\n            <h3            class=\"mh-heading  mh-heading--bottom-separator   \"\r\n            style=\"font-weight:700;\">\r\n\t\t\tSIE K\u00d6NNEN SICH MIT UNS SICHER F\u00dcHLEN!        <\/h3>\r\n\r\n\t\t    <\/div>\r\n\r\n\t<\/div>[vc_column_text]<strong>Irlanya Homes ist Ihr perfekter Partner f\u00fcr den Immobilienkauf in der T\u00fcrkei. Unser professionelles und engagiertes Team verf\u00fcgt \u00fcber langj\u00e4hrige Erfahrung im Immobiliengesch\u00e4ft. Sie beantworten gerne alle Ihre Fragen zu unserem Immobilienportfolio. Sie sprechen auch eine Vielzahl von internationalen Sprachen flie\u00dfend, darunter T\u00fcrkisch, Englisch, Deutsch, Russisch &#8230; etc<\/strong><\/p>\n<p>Bitte wenden Sie sich jederzeit an einen unserer Mitarbeiter.[\/vc_column_text][\/vc_column][\/vc_row][vc_row full_width=&#8221;stretch_row&#8221; css=&#8221;.vc_custom_1494609476686{background-color: #f4f4f4 !important;}&#8221;][vc_column css=&#8221;.vc_custom_1494333765775{padding-top: 39px !important;padding-bottom: 24px !important;}&#8221;]<div class=\"mh-heading-wrapper--left \">\r\n\t\r\n        <div class=\"mh-heading-wrapper\">\r\n            <h3            class=\"mh-heading  mh-heading--bottom-separator   \"\r\n            style=\"font-weight:700;\">\r\n\t\t\tTriff das Team!        <\/h3>\r\n\r\n\t\t    <\/div>\r\n\r\n\t<\/div>\t<div class=\"owl-carousel owl-carousel--visible-4 \">\n\n\t\t\n\t\t\t<div class=\"mh-agent mh-agent--white\">\n\t\t\t\t<div\n\t\t\t\t   class=\"mh-agent__thumbnail\"\n\t\t\t\t   title=\"Mehmet Aslan\">\n\t\t\t\t\t\t\t<img\r\n\t\t\t\t\t\t\tdata-srcset=\"https:\/\/irlanyahomes.com\/wp-content\/uploads\/2021\/05\/admin-ajax-100x100.jpg 100w, https:\/\/irlanyahomes.com\/wp-content\/uploads\/2021\/05\/admin-ajax-150x150.jpg 150w, https:\/\/irlanyahomes.com\/wp-content\/uploads\/2021\/05\/admin-ajax-200x200.jpg 200w, https:\/\/irlanyahomes.com\/wp-content\/uploads\/2021\/05\/admin-ajax.jpg 250w\"\r\n\t\t\t\tclass=\"lazyload \"\r\n\t\t\t\tdata-sizes=\"auto\"\r\n\t\t\t\t\t\talt=\"Mehmet Aslan\"\r\n\t\t>\r\n\t\t\t\t\t\t<\/div>\n\n\t\t\t\t<div class=\"mh-agent__content\">\n\t\t\t\t\t<h3 class=\"mh-agent__heading\">Mehmet Aslan<\/h3>\n\n\t\t\t\t\t\n\t\t\t\t\t\t\t\t\t\t\t<div class=\"mh-agent__additional-fields\">\n\t\t\t\t\t\t\t\t\t\t\t\t\t\t\t\t\t\t\t\t\t\t\t<div class=\"mh-agent__additional-fields__item organization\">\n                                    <strong>CEO &amp; Vorsitzender<\/strong>\t\t\t\t\t\t\t\t<\/div>\n\t\t\t\t\t\t\t\t\t\t\t\t\t\t\t\t\t\t\t\t\t\t\t<div class=\"mh-agent__additional-fields__item sort-order\">\n                                        \t\t\t\t\t\t\t\t\t<strong>\n    \t\t\t\t\t\t\t\t\t\tSort Order:\n    \t\t\t\t\t\t\t\t\t<\/strong>\n    \t\t\t\t\t\t\t\t\t1\t\t\t\t\t\t\t\t<\/div>\n\t\t\t\t\t\t\t\t\t\t\t\t\t<\/div>\n\t\t\t\t\t\n\t\t\t\t\t<div class=\"mh-agent-contact\">\n\t\t\t\t\t\t\t\t\t\t\t\t\t\t\t\t\t\t\t\t\t<div class=\"mh-agent-contact__element\">\n\t\t\t\t\t\t\t\t\t<a href=\"mailto:mehmeta@irlanyahomes.com\">\n\t\t\t\t\t\t\t\t\t\t<i class=\"flaticon-mail-2\"><\/i>\n\t\t\t\t\t\t\t\t\t\tmehmeta@irlanyahomes.com\t\t\t\t\t\t\t\t\t<\/a>\n\t\t\t\t\t\t\t\t<\/div>\n\t\t\t\t\t\t\t\t\t\t\t\t\t\n\t\t\t\t\t\t\t\t\t\t\t\t\t\t\t\t\t\t\t\t\t<div class=\"mh-agent-contact__element\">\n\t\t\t\t\t\t\t\t\t<a href=\"tel:+905354645360\">\n\t\t\t\t\t\t\t\t\t\t<i class=\"flaticon-phone\"><\/i>\n\t\t\t\t\t\t\t\t\t\t+90 535 464 53 60\t\t\t\t\t\t\t\t\t<\/a>\n\t\t\t\t\t\t\t\t<\/div>\n\t\t\t\t\t\t\t\t\t\t\t\t\t\t\t\t\t\t<\/div>\n\n\t\t\t\t\t\t\t\t\t\t\t<div class=\"mh-agent__social-wrapper\">\n\t\t\t\t\t\t\t<div class=\"mh-agent__social\">\n\t\t\t\t\t\t\t\t    <a href=\"https:\/\/facebook.com\/irlanya.homes\"\r\n       target=\"_blank\">\r\n        <i class=\"fa fa-facebook\"><\/i>\r\n    <\/a>\r\n    <a href=\"https:\/\/twitter.com\/irlanyahomes\"\r\n       target=\"_blank\">\r\n        <i class=\"fa fa-twitter\"><\/i>\r\n    <\/a>\r\n    <a href=\"https:\/\/instagram.com\/irlanyahomes\"\r\n       target=\"_blank\">\r\n        <i class=\"fa fa-instagram\"><\/i>\r\n    <\/a>\r\n    <a href=\"https:\/\/linkedin.com\"\r\n       target=\"_blank\">\r\n        <i class=\"fa fa-linkedin\"><\/i>\r\n    <\/a>\r\n\t\t\t\t\t\t\t<\/div>\n\t\t\t\t\t\t<\/div>\n\t\t\t\t\t\n\t\t\t\t\t\t\t\t\t<\/div>\n\t\t\t<\/div>\n\n\t\t\n\t\t\t<div class=\"mh-agent mh-agent--white\">\n\t\t\t\t<div\n\t\t\t\t   class=\"mh-agent__thumbnail\"\n\t\t\t\t   title=\"Osman Demir\">\n\t\t\t\t\t\t\t<img\r\n\t\t\t\t\t\t\tdata-srcset=\"https:\/\/irlanyahomes.com\/wp-content\/uploads\/2021\/05\/176615800_10158346725472675_3915745561937470785_n-100x100.jpg 100w, https:\/\/irlanyahomes.com\/wp-content\/uploads\/2021\/05\/176615800_10158346725472675_3915745561937470785_n-300x300.jpg 300w, https:\/\/irlanyahomes.com\/wp-content\/uploads\/2021\/05\/176615800_10158346725472675_3915745561937470785_n-1021x1024.jpg 1021w, https:\/\/irlanyahomes.com\/wp-content\/uploads\/2021\/05\/176615800_10158346725472675_3915745561937470785_n-150x150.jpg 150w, https:\/\/irlanyahomes.com\/wp-content\/uploads\/2021\/05\/176615800_10158346725472675_3915745561937470785_n-768x770.jpg 768w, https:\/\/irlanyahomes.com\/wp-content\/uploads\/2021\/05\/176615800_10158346725472675_3915745561937470785_n-400x400.jpg 400w, https:\/\/irlanyahomes.com\/wp-content\/uploads\/2021\/05\/176615800_10158346725472675_3915745561937470785_n-200x200.jpg 200w, https:\/\/irlanyahomes.com\/wp-content\/uploads\/2021\/05\/176615800_10158346725472675_3915745561937470785_n.jpg 1459w\"\r\n\t\t\t\tclass=\"lazyload \"\r\n\t\t\t\tdata-sizes=\"auto\"\r\n\t\t\t\t\t\talt=\"Osman Demir\"\r\n\t\t>\r\n\t\t\t\t\t\t<\/div>\n\n\t\t\t\t<div class=\"mh-agent__content\">\n\t\t\t\t\t<h3 class=\"mh-agent__heading\">Osman Demir<\/h3>\n\n\t\t\t\t\t\n\t\t\t\t\t\t\t\t\t\t\t<div class=\"mh-agent__additional-fields\">\n\t\t\t\t\t\t\t\t\t\t\t\t\t\t\t\t\t\t\t\t\t\t\t<div class=\"mh-agent__additional-fields__item organization\">\n                                    <strong>Hauptgesch\u00e4ftsf\u00fchrer<\/strong>\t\t\t\t\t\t\t\t<\/div>\n\t\t\t\t\t\t\t\t\t\t\t\t\t\t\t\t\t\t\t\t\t\t\t<div class=\"mh-agent__additional-fields__item sort-order\">\n                                        \t\t\t\t\t\t\t\t\t<strong>\n    \t\t\t\t\t\t\t\t\t\tSort Order:\n    \t\t\t\t\t\t\t\t\t<\/strong>\n    \t\t\t\t\t\t\t\t\t2\t\t\t\t\t\t\t\t<\/div>\n\t\t\t\t\t\t\t\t\t\t\t\t\t<\/div>\n\t\t\t\t\t\n\t\t\t\t\t<div class=\"mh-agent-contact\">\n\t\t\t\t\t\t\t\t\t\t\t\t\t\t\t\t\t\t\t\t\t<div class=\"mh-agent-contact__element\">\n\t\t\t\t\t\t\t\t\t<a href=\"mailto:info@irlanyahomes.com\">\n\t\t\t\t\t\t\t\t\t\t<i class=\"flaticon-mail-2\"><\/i>\n\t\t\t\t\t\t\t\t\t\tinfo@irlanyahomes.com\t\t\t\t\t\t\t\t\t<\/a>\n\t\t\t\t\t\t\t\t<\/div>\n\t\t\t\t\t\t\t\t\t\t\t\t\t\n\t\t\t\t\t\t\t\t\t\t\t\t\t\t\t\t\t\t\t\t\t<div class=\"mh-agent-contact__element\">\n\t\t\t\t\t\t\t\t\t<a href=\"tel:+905444121993\">\n\t\t\t\t\t\t\t\t\t\t<i class=\"flaticon-phone\"><\/i>\n\t\t\t\t\t\t\t\t\t\t+90 544 412 1993\t\t\t\t\t\t\t\t\t<\/a>\n\t\t\t\t\t\t\t\t<\/div>\n\t\t\t\t\t\t\t\t\t\t\t\t\t\t\t\t\t\t<\/div>\n\n\t\t\t\t\t\t\t\t\t\t\t<div class=\"mh-agent__social-wrapper\">\n\t\t\t\t\t\t\t<div class=\"mh-agent__social\">\n\t\t\t\t\t\t\t\t    <a href=\"https:\/\/www.facebook.com\/buyapartmentalanya\"\r\n       target=\"_blank\">\r\n        <i class=\"fa fa-facebook\"><\/i>\r\n    <\/a>\r\n    <a href=\"https:\/\/twitter.com\/alanyaproperty\"\r\n       target=\"_blank\">\r\n        <i class=\"fa fa-twitter\"><\/i>\r\n    <\/a>\r\n    <a href=\"https:\/\/www.instagram.com\/irlanyahomes\/\"\r\n       target=\"_blank\">\r\n        <i class=\"fa fa-instagram\"><\/i>\r\n    <\/a>\r\n\t\t\t\t\t\t\t<\/div>\n\t\t\t\t\t\t<\/div>\n\t\t\t\t\t\n\t\t\t\t\t\t\t\t\t<\/div>\n\t\t\t<\/div>\n\n\t\t\n\t\t\t<div class=\"mh-agent mh-agent--white\">\n\t\t\t\t<div\n\t\t\t\t   class=\"mh-agent__thumbnail\"\n\t\t\t\t   title=\"Liza \u00d6zdurak\">\n\t\t\t\t\t\t\t<img\r\n\t\t\t\t\t\t\tdata-srcset=\"https:\/\/irlanyahomes.com\/wp-content\/uploads\/2021\/05\/WhatsApp-Image-2021-05-19-at-14.37.50-100x100.jpeg 100w, https:\/\/irlanyahomes.com\/wp-content\/uploads\/2021\/05\/WhatsApp-Image-2021-05-19-at-14.37.50-150x150.jpeg 150w, https:\/\/irlanyahomes.com\/wp-content\/uploads\/2021\/05\/WhatsApp-Image-2021-05-19-at-14.37.50-400x400.jpeg 400w, https:\/\/irlanyahomes.com\/wp-content\/uploads\/2021\/05\/WhatsApp-Image-2021-05-19-at-14.37.50-200x200.jpeg 200w\"\r\n\t\t\t\tclass=\"lazyload \"\r\n\t\t\t\tdata-sizes=\"auto\"\r\n\t\t\t\t\t\talt=\"Liza \u00d6zdurak\"\r\n\t\t>\r\n\t\t\t\t\t\t<\/div>\n\n\t\t\t\t<div class=\"mh-agent__content\">\n\t\t\t\t\t<h3 class=\"mh-agent__heading\">Liza \u00d6zdurak<\/h3>\n\n\t\t\t\t\t\n\t\t\t\t\t\t\t\t\t\t\t<div class=\"mh-agent__additional-fields\">\n\t\t\t\t\t\t\t\t\t\t\t\t\t\t\t\t\t\t\t\t\t\t\t<div class=\"mh-agent__additional-fields__item organization\">\n                                    <strong>Direktionsassistent<\/strong>\t\t\t\t\t\t\t\t<\/div>\n\t\t\t\t\t\t\t\t\t\t\t\t\t\t\t\t\t\t\t\t\t\t\t<div class=\"mh-agent__additional-fields__item sort-order\">\n                                        \t\t\t\t\t\t\t\t\t<strong>\n    \t\t\t\t\t\t\t\t\t\tSort Order:\n    \t\t\t\t\t\t\t\t\t<\/strong>\n    \t\t\t\t\t\t\t\t\t3\t\t\t\t\t\t\t\t<\/div>\n\t\t\t\t\t\t\t\t\t\t\t\t\t<\/div>\n\t\t\t\t\t\n\t\t\t\t\t<div class=\"mh-agent-contact\">\n\t\t\t\t\t\t\t\t\t\t\t\t\t\t\t\t\t\t\t\t\t<div class=\"mh-agent-contact__element\">\n\t\t\t\t\t\t\t\t\t<a href=\"mailto:liza@irlanyahomes.com\">\n\t\t\t\t\t\t\t\t\t\t<i class=\"flaticon-mail-2\"><\/i>\n\t\t\t\t\t\t\t\t\t\tliza@irlanyahomes.com\t\t\t\t\t\t\t\t\t<\/a>\n\t\t\t\t\t\t\t\t<\/div>\n\t\t\t\t\t\t\t\t\t\t\t\t\t\n\t\t\t\t\t\t\t\t\t\t\t\t\t\t\t\t\t\t\t\t\t<div class=\"mh-agent-contact__element\">\n\t\t\t\t\t\t\t\t\t<a href=\"tel:+905319664428\">\n\t\t\t\t\t\t\t\t\t\t<i class=\"flaticon-phone\"><\/i>\n\t\t\t\t\t\t\t\t\t\t+90 531 966 44 28\t\t\t\t\t\t\t\t\t<\/a>\n\t\t\t\t\t\t\t\t<\/div>\n\t\t\t\t\t\t\t\t\t\t\t\t\t\t\t\t\t\t<\/div>\n\n\t\t\t\t\t\t\t\t\t\t\t<div class=\"mh-agent__social-wrapper\">\n\t\t\t\t\t\t\t<div class=\"mh-agent__social\">\n\t\t\t\t\t\t\t\t    <a href=\"https:\/\/www.facebook.com\/irlanyahomes\"\r\n       target=\"_blank\">\r\n        <i class=\"fa fa-facebook\"><\/i>\r\n    <\/a>\r\n    <a href=\"https:\/\/www.instagram.com\/irlanyahomes\/\"\r\n       target=\"_blank\">\r\n        <i class=\"fa fa-instagram\"><\/i>\r\n    <\/a>\r\n\t\t\t\t\t\t\t<\/div>\n\t\t\t\t\t\t<\/div>\n\t\t\t\t\t\n\t\t\t\t\t\t\t\t\t<\/div>\n\t\t\t<\/div>\n\n\t\t\n\t\t\t<div class=\"mh-agent mh-agent--white\">\n\t\t\t\t<div\n\t\t\t\t   class=\"mh-agent__thumbnail\"\n\t\t\t\t   title=\"Artem Azizov\">\n\t\t\t\t\t\t\t<img\r\n\t\t\t\t\t\t\tdata-srcset=\"https:\/\/irlanyahomes.com\/wp-content\/uploads\/2022\/05\/artem-azizov-100x100.jpg 100w, https:\/\/irlanyahomes.com\/wp-content\/uploads\/2022\/05\/artem-azizov-150x150.jpg 150w, https:\/\/irlanyahomes.com\/wp-content\/uploads\/2022\/05\/artem-azizov-400x400.jpg 400w, https:\/\/irlanyahomes.com\/wp-content\/uploads\/2022\/05\/artem-azizov-200x200.jpg 200w\"\r\n\t\t\t\tclass=\"lazyload \"\r\n\t\t\t\tdata-sizes=\"auto\"\r\n\t\t\t\t\t\talt=\"Artem Azizov\"\r\n\t\t>\r\n\t\t\t\t\t\t<\/div>\n\n\t\t\t\t<div class=\"mh-agent__content\">\n\t\t\t\t\t<h3 class=\"mh-agent__heading\">Artem Azizov<\/h3>\n\n\t\t\t\t\t\n\t\t\t\t\t\t\t\t\t\t\t<div class=\"mh-agent__additional-fields\">\n\t\t\t\t\t\t\t\t\t\t\t\t\t\t\t\t\t\t\t\t\t\t\t<div class=\"mh-agent__additional-fields__item organization\">\n                                    <strong>(English) CEO 8 FOUNDER | YBC (YOUR BUSINESS CONCIERGE) Partner of Irlanya Homes<\/strong>\t\t\t\t\t\t\t\t<\/div>\n\t\t\t\t\t\t\t\t\t\t\t\t\t\t\t\t\t\t\t\t\t\t\t<div class=\"mh-agent__additional-fields__item sort-order\">\n                                        \t\t\t\t\t\t\t\t\t<strong>\n    \t\t\t\t\t\t\t\t\t\tSort Order:\n    \t\t\t\t\t\t\t\t\t<\/strong>\n    \t\t\t\t\t\t\t\t\t12\t\t\t\t\t\t\t\t<\/div>\n\t\t\t\t\t\t\t\t\t\t\t\t\t<\/div>\n\t\t\t\t\t\n\t\t\t\t\t<div class=\"mh-agent-contact\">\n\t\t\t\t\t\t\t\t\t\t\t\t\t\t\t\t\t\t\t\t\t<div class=\"mh-agent-contact__element\">\n\t\t\t\t\t\t\t\t\t<a href=\"mailto:aar@live.ru\">\n\t\t\t\t\t\t\t\t\t\t<i class=\"flaticon-mail-2\"><\/i>\n\t\t\t\t\t\t\t\t\t\taar@live.ru\t\t\t\t\t\t\t\t\t<\/a>\n\t\t\t\t\t\t\t\t<\/div>\n\t\t\t\t\t\t\t\t\t\t\t\t\t\n\t\t\t\t\t\t\t\t\t\t\t\t\t\t\t\t\t\t\t\t\t<div class=\"mh-agent-contact__element\">\n\t\t\t\t\t\t\t\t\t<a href=\"tel:+79162972969\">\n\t\t\t\t\t\t\t\t\t\t<i class=\"flaticon-phone\"><\/i>\n\t\t\t\t\t\t\t\t\t\t+7 916 297-29-69\t\t\t\t\t\t\t\t\t<\/a>\n\t\t\t\t\t\t\t\t<\/div>\n\t\t\t\t\t\t\t\t\t\t\t\t\t\t\t\t\t\t<\/div>\n\n\t\t\t\t\t\n\t\t\t\t\t\t\t\t\t<\/div>\n\t\t\t<\/div>\n\n\t\t\n\t<\/div>\n\n[\/vc_column][\/vc_row][vc_row full_width=&#8221;stretch_row&#8221; css=&#8221;.vc_custom_1608986988736{background-color: #f4f4f4 !important;}&#8221;][vc_column css=&#8221;.vc_custom_1494333727302{padding-top: 39px !important;padding-bottom: 24px !important;}&#8221;]<div class=\" \">\r\n\t\r\n        <div class=\"mh-heading-wrapper\">\r\n            <h4            class=\"mh-heading  mh-heading--bottom-separator    vc_custom_1637072443624\"\r\n            style=\"font-weight:700;\">\r\n\t\t\tUnsere Referenzen        <\/h4>\r\n\r\n\t\t    <\/div>\r\n\r\n\t<\/div>\t<div class=\"owl-carousel mh-clients owl-carousel--visible-4  \">\r\n\t\t\t\t\t<div class=\"item\">\r\n\t\t\t\t<div class=\"mh-client\">\r\n\t\t\t\t\t\t\t\t\t\t<a href=\"https:\/\/irlanyahomes.com\/ba\/properties\/apartments\/avsallar\/new-project-in-avsallar-alanya-directly-from-builder\/\" title=\"Moonlight Residence Avsallar\"\r\n\t\t\t\t\t   target=\"_blank\">\r\n\t\t\t\t\t\t<img loading=\"lazy\" decoding=\"async\" width=\"1253\" height=\"214\" src=\"https:\/\/irlanyahomes.com\/wp-content\/uploads\/2017\/02\/MOONLLIGHT-LOGO.png\" class=\"attachment-full size-full wp-post-image\" alt=\"\" srcset=\"https:\/\/irlanyahomes.com\/wp-content\/uploads\/2017\/02\/MOONLLIGHT-LOGO.png 1253w, https:\/\/irlanyahomes.com\/wp-content\/uploads\/2017\/02\/MOONLLIGHT-LOGO-300x51.png 300w, https:\/\/irlanyahomes.com\/wp-content\/uploads\/2017\/02\/MOONLLIGHT-LOGO-1024x175.png 1024w, https:\/\/irlanyahomes.com\/wp-content\/uploads\/2017\/02\/MOONLLIGHT-LOGO-768x131.png 768w\" sizes=\"(max-width: 1253px) 100vw, 1253px\" \/>\t\t\t\t\t<\/a>\r\n\t\t\t\t\t\t\t\t<\/div>\r\n\t\t\t<\/div>\r\n\t\t\t\t\t<div class=\"item\">\r\n\t\t\t\t<div class=\"mh-client\">\r\n\t\t\t\t\t\t\t\t\t\t<a href=\"https:\/\/www.irlanyahomes.com\" title=\"Mfy Grup\"\r\n\t\t\t\t\t   target=\"_blank\">\r\n\t\t\t\t\t\t<img loading=\"lazy\" decoding=\"async\" width=\"1253\" height=\"214\" src=\"https:\/\/irlanyahomes.com\/wp-content\/uploads\/2017\/02\/MFY.png\" class=\"attachment-full size-full wp-post-image\" alt=\"\" srcset=\"https:\/\/irlanyahomes.com\/wp-content\/uploads\/2017\/02\/MFY.png 1253w, https:\/\/irlanyahomes.com\/wp-content\/uploads\/2017\/02\/MFY-300x51.png 300w, https:\/\/irlanyahomes.com\/wp-content\/uploads\/2017\/02\/MFY-1024x175.png 1024w, https:\/\/irlanyahomes.com\/wp-content\/uploads\/2017\/02\/MFY-768x131.png 768w\" sizes=\"(max-width: 1253px) 100vw, 1253px\" \/>\t\t\t\t\t<\/a>\r\n\t\t\t\t\t\t\t\t<\/div>\r\n\t\t\t<\/div>\r\n\t\t\t\t\t<div class=\"item\">\r\n\t\t\t\t<div class=\"mh-client\">\r\n\t\t\t\t\t\t\t\t\t\t<a href=\"https:\/\/irlanyahomes.com\/properties\/apartments\/avsallar\/new-project-in-avsallar-alanya-from-builder\/\" title=\"Enza Home\"\r\n\t\t\t\t\t   target=\"_blank\">\r\n\t\t\t\t\t\t<img loading=\"lazy\" decoding=\"async\" width=\"1252\" height=\"213\" src=\"https:\/\/irlanyahomes.com\/wp-content\/uploads\/2017\/02\/MFY-LOGO.png\" class=\"attachment-full size-full wp-post-image\" alt=\"\" srcset=\"https:\/\/irlanyahomes.com\/wp-content\/uploads\/2017\/02\/MFY-LOGO.png 1252w, https:\/\/irlanyahomes.com\/wp-content\/uploads\/2017\/02\/MFY-LOGO-300x51.png 300w, https:\/\/irlanyahomes.com\/wp-content\/uploads\/2017\/02\/MFY-LOGO-1024x174.png 1024w, https:\/\/irlanyahomes.com\/wp-content\/uploads\/2017\/02\/MFY-LOGO-768x131.png 768w\" sizes=\"(max-width: 1252px) 100vw, 1252px\" \/>\t\t\t\t\t<\/a>\r\n\t\t\t\t\t\t\t\t<\/div>\r\n\t\t\t<\/div>\r\n\t\t\t\t\t<div class=\"item\">\r\n\t\t\t\t<div class=\"mh-client\">\r\n\t\t\t\t\t\t\t\t\t\t<a href=\"http:\/\/www.leartes.net\" title=\"Leartes.NET\"\r\n\t\t\t\t\t   target=\"_blank\">\r\n\t\t\t\t\t\t<img loading=\"lazy\" decoding=\"async\" width=\"324\" height=\"56\" src=\"https:\/\/irlanyahomes.com\/wp-content\/uploads\/2017\/02\/logo-leartes_net.png\" class=\"attachment-full size-full wp-post-image\" alt=\"\" srcset=\"https:\/\/irlanyahomes.com\/wp-content\/uploads\/2017\/02\/logo-leartes_net.png 324w, https:\/\/irlanyahomes.com\/wp-content\/uploads\/2017\/02\/logo-leartes_net-300x52.png 300w\" sizes=\"(max-width: 324px) 100vw, 324px\" \/>\t\t\t\t\t<\/a>\r\n\t\t\t\t\t\t\t\t<\/div>\r\n\t\t\t<\/div>\r\n\t\t\t<\/div>\r\n[\/vc_column][\/vc_row]<\/p>\n","protected":false},"excerpt":{"rendered":"<p>[vc_row][vc_column][vc_column_text]Irlanya Homes ist Ihr perfekter Partner f\u00fcr den Immobilienkauf in der T\u00fcrkei. Unser professionelles und engagiertes Team verf\u00fcgt \u00fcber langj\u00e4hrige Erfahrung im Immobiliengesch\u00e4ft. Sie beantworten gerne alle Ihre Fragen zu unserem Immobilienportfolio. Sie sprechen auch eine Vielzahl von internationalen Sprachen flie\u00dfend, darunter T\u00fcrkisch, Englisch, Deutsch, Russisch &#8230; etc Bitte wenden Sie sich jederzeit an einen [&hellip;]<\/p>\n","protected":false},"author":1,"featured_media":0,"parent":0,"menu_order":0,"comment_status":"closed","ping_status":"closed","template":"page_full-width-with-top-title.php","meta":{"footnotes":""},"_links":{"self":[{"href":"https:\/\/irlanyahomes.com\/de\/wp-json\/wp\/v2\/pages\/20021"}],"collection":[{"href":"https:\/\/irlanyahomes.com\/de\/wp-json\/wp\/v2\/pages"}],"about":[{"href":"https:\/\/irlanyahomes.com\/de\/wp-json\/wp\/v2\/types\/page"}],"author":[{"embeddable":true,"href":"https:\/\/irlanyahomes.com\/de\/wp-json\/wp\/v2\/users\/1"}],"replies":[{"embeddable":true,"href":"https:\/\/irlanyahomes.com\/de\/wp-json\/wp\/v2\/comments?post=20021"}],"version-history":[{"count":4,"href":"https:\/\/irlanyahomes.com\/de\/wp-json\/wp\/v2\/pages\/20021\/revisions"}],"predecessor-version":[{"id":28404,"href":"https:\/\/irlanyahomes.com\/de\/wp-json\/wp\/v2\/pages\/20021\/revisions\/28404"}],"wp:attachment":[{"href":"https:\/\/irlanyahomes.com\/de\/wp-json\/wp\/v2\/media?parent=20021"}],"curies":[{"name":"wp","href":"https:\/\/api.w.org\/{rel}","templated":true}]}}