{"id":2710,"date":"2018-06-16T12:58:17","date_gmt":"2018-06-16T09:58:17","guid":{"rendered":"https:\/\/myhometheme.net\/market\/?page_id=2710"},"modified":"2021-11-22T10:12:45","modified_gmt":"2021-11-22T07:12:45","slug":"property-management","status":"publish","type":"page","link":"https:\/\/irlanyahomes.com\/ba\/services\/property-management\/","title":{"rendered":"Upravljanje nekretninama"},"content":{"rendered":"<p>[vc_row][vc_column width=&#8221;1\/3&#8243;][vc_single_image image=&#8221;3340&#8243; img_size=&#8221;large&#8221; onclick=&#8221;link_image&#8221;][\/vc_column][vc_column width=&#8221;2\/3&#8243;][vc_column_text]Odabir kompetentnog i obrazovanog menad\u017eera za va\u0161u nekretninu u Turskoj je veoma va\u017ean faktor kada tra\u017eite nekoga ko \u0107e paziti na stanje va\u0161e ku\u0107e\/stana.[\/vc_column_text][\/vc_column][\/vc_row][vc_row][vc_column][vc_column_text]Na\u0161 iskusni tim nudi svim vlasnicima nekretnina izuzetno visok nivo odgovornosti, odgovornosti i znanja u ovom sektoru.<\/p>\n<p>Irlanya Homes svojim klijentima nudi individualno upravljanje imovinom u Alanji sa ciljem smanjenja tro\u0161kova njenog odr\u017eavanja i pove\u0107anja profita od njenog kori\u0161\u0107enja.<\/p>\n<p>Paket usluga upravljanja imovinom uklju\u010duje (dozvoljena su pode\u0161avanja):<\/p>\n<p>mjese\u010dno pra\u0107enje stanja va\u0161e imovine osiguravaju\u0107i va\u0161 mir<br \/>\npla\u0107anje struje, vode, telefona, komunalija<br \/>\npla\u0107anje godi\u0161njeg poreza na imovinu<br \/>\norganizacija aerodromskog transfera za va\u0161e iznajmljiva\u010de<br \/>\norganizacija temeljnog \u010di\u0161\u0107enja Va\u0161e imovine<br \/>\npomo\u0107 u popravci va\u0161e imovine<br \/>\nPronala\u017eenje i provjera iznajmljiva\u010da va\u0161e nekretnine<\/p>\n<p><strong>Prilikom kupovine nekretnine sa Irlanya Homes, prva 3 mjeseca upravljanja imovinom su besplatna !!!!<\/strong>[\/vc_column_text][\/vc_column][\/vc_row]<\/p>\n","protected":false},"excerpt":{"rendered":"<p>[vc_row][vc_column width=&#8221;1\/3&#8243;][vc_single_image image=&#8221;3340&#8243; img_size=&#8221;large&#8221; onclick=&#8221;link_image&#8221;][\/vc_column][vc_column width=&#8221;2\/3&#8243;][vc_column_text]Odabir kompetentnog i obrazovanog menad\u017eera za va\u0161u nekretninu u Turskoj je veoma va\u017ean faktor kada tra\u017eite nekoga ko \u0107e paziti na stanje va\u0161e ku\u0107e\/stana.[\/vc_column_text][\/vc_column][\/vc_row][vc_row][vc_column][vc_column_text]Na\u0161 iskusni tim nudi svim vlasnicima nekretnina izuzetno visok nivo odgovornosti, odgovornosti i znanja u ovom sektoru. Irlanya Homes svojim klijentima nudi individualno upravljanje imovinom u Alanji [&hellip;]<\/p>\n","protected":false},"author":1,"featured_media":0,"parent":2708,"menu_order":0,"comment_status":"closed","ping_status":"closed","template":"page_right-sidebar-with-top-title.php","meta":{"footnotes":""},"_links":{"self":[{"href":"https:\/\/irlanyahomes.com\/ba\/wp-json\/wp\/v2\/pages\/2710"}],"collection":[{"href":"https:\/\/irlanyahomes.com\/ba\/wp-json\/wp\/v2\/pages"}],"about":[{"href":"https:\/\/irlanyahomes.com\/ba\/wp-json\/wp\/v2\/types\/page"}],"author":[{"embeddable":true,"href":"https:\/\/irlanyahomes.com\/ba\/wp-json\/wp\/v2\/users\/1"}],"replies":[{"embeddable":true,"href":"https:\/\/irlanyahomes.com\/ba\/wp-json\/wp\/v2\/comments?post=2710"}],"version-history":[{"count":4,"href":"https:\/\/irlanyahomes.com\/ba\/wp-json\/wp\/v2\/pages\/2710\/revisions"}],"predecessor-version":[{"id":28456,"href":"https:\/\/irlanyahomes.com\/ba\/wp-json\/wp\/v2\/pages\/2710\/revisions\/28456"}],"up":[{"embeddable":true,"href":"https:\/\/irlanyahomes.com\/ba\/wp-json\/wp\/v2\/pages\/2708"}],"wp:attachment":[{"href":"https:\/\/irlanyahomes.com\/ba\/wp-json\/wp\/v2\/media?parent=2710"}],"curies":[{"name":"wp","href":"https:\/\/api.w.org\/{rel}","templated":true}]}}