{"id":2708,"date":"2018-06-16T12:55:31","date_gmt":"2018-06-16T12:55:31","guid":{"rendered":"https:\/\/myhometheme.net\/market\/?page_id=2708"},"modified":"2021-11-22T16:48:00","modified_gmt":"2021-11-22T13:48:00","slug":"services","status":"publish","type":"page","link":"https:\/\/irlanyahomes.com\/ba\/services\/","title":{"rendered":"Usluge"},"content":{"rendered":"<p>[vc_row full_width=&#8221;stretch_row&#8221; css=&#8221;.vc_custom_1579420767104{margin-bottom: 24px !important;}&#8221;][vc_column][vc_column_text]U skladu sa na\u0161om politikom visokog kvaliteta formiranom kroz na\u0161u misiju, viziju i osnovne vrednosti, tako\u0111e verujemo u ogroman zna\u010daj zadovoljstva kupaca koje stvaraju na\u0161i proizvodi i usluge.<\/p>\n<p>Kako bismo vam pru\u017eili najbolju mogu\u0107u uslugu, mi u &#8220;Irlanya Homes\u00a0&#8221; smo oja\u010dali na\u0161u posve\u0107enost zadovoljstvu kupaca kroz sveukupne strategije i napore usmjerene na pobolj\u0161anje procesa odnosa s klijentima.<\/p>\n<p>Irlanya Homes osloba\u0111a vas od brige dok poku\u0161avate da kupite ili prodate nekretninu u inostranstvu jer znate da bi to moglo biti velika briga, kao i da predstavlja zna\u010dajnu investiciju ve\u0107inu vremena. Pru\u017eanje efikasne usluge klijentima zna\u010di razumijevanje Turske, njenih ljudi, njenog jezika i sposobnost rada u okviru njenog sistema. To zna\u010di znati kako razli\u010dite vlasti rade, kako stvari obaviti legitimno, brzo i efikasno. To zna\u010di imati tim pouzdanih profesionalaca koji \u0107e se obratiti za bilo koju od specijaliziranih usluga koje mogu biti potrebne u bilo kojem trenutku.<\/p>\n<p>Va\u0161a nekretnina u Turskoj predstavlja zna\u010dajnu investiciju \u2013 izvor u\u017eivanja i trajnog u\u017eitka za va\u0161u porodicu i prijatelje, a pritom ostaje zna\u010dajna imovina. Ako niste stalno nastanjeni, onda \u0107e vam poslovi vezani za posjedovanje, vo\u0111enje i odr\u017eavanje drugog doma oduzeti mnogo va\u0161eg dragocjenog vremena.[\/vc_column_text]<div class=\"mh-heading-wrapper--left \">\r\n\t\r\n        <div class=\"mh-heading-wrapper\">\r\n            <h4            class=\"mh-heading  mh-heading--bottom-separator   \"\r\n            style=\"font-weight:700;\">\r\n\t\t\tNa\u0161a usluga za vas!        <\/h4>\r\n\r\n\t\t    <\/div>\r\n\r\n\t<\/div>[vc_column_text]Nudimo posebnu vrstu usluge.<br \/>\nSa nama ste u sigurnim rukama. U\u017eivajte u svom dragocjenom vremenu. \u0160ta god da vam treba mi \u0107emo biti tu za vas.[\/vc_column_text][\/vc_column][\/vc_row][vc_row][vc_column width=&#8221;1\/3&#8243;]\n<div id=\"interactive-banner-1-wrap-9389\" class=\"ult-banner-block ult-adjust-bottom-margin ult-bb-box ult-banner-block-custom-height banner-style01 \"   style=\"height:240px;\">\n\t<img decoding=\"async\" src=\"https:\/\/irlanyahomes.com\/wp-content\/uploads\/2020\/12\/tapu.jpg\" alt=\"null\">\n\t<h2  data-ultimate-target='#interactive-banner-1-wrap-9389 .bb-top-title '  data-responsive-json-new='{\"font-size\":\"\",\"line-height\":\"\"}'  class=\"title-left bb-top-title ult-responsive\" style=\"font-weight:normal;background:#242424;color:#ffffff;\">Tapu (vlasni\u010dki list)<\/h2>\n\t<div class=\"mask opaque-background\" style=\"background:#dd9933;\">\n\t\t<div  data-ultimate-target='#interactive-banner-1-wrap-9389 .bb-description'  data-responsive-json-new='{\"font-size\":\"\",\"line-height\":\"\"}'  class=\"bb-description ult-responsive\" style=\"font-weight:normal;color:#ffffff;\">Legal registration or Tapu as it is called in Turkish is an official registration of an acquisition of real estate and it is the only proof that you are the owner of the property that you are buying.<\/div>\n\t<\/div><a class=\"bb-link\" href=\"\/services\/tapu-title-deed\/\" title=\"Tapu (Title deed)\" ><\/a>\n<\/div>[\/vc_column][vc_column width=&#8221;1\/3&#8243;]\n<div id=\"interactive-banner-1-wrap-9112\" class=\"ult-banner-block ult-adjust-bottom-margin ult-bb-box ult-banner-block-custom-height banner-style01 \"   style=\"height:240px;\">\n\t<img decoding=\"async\" src=\"https:\/\/irlanyahomes.com\/wp-content\/uploads\/2021\/05\/after-sales-service-handshake.jpg\" alt=\"null\">\n\t<h2  data-ultimate-target='#interactive-banner-1-wrap-9112 .bb-top-title '  data-responsive-json-new='{\"font-size\":\"\",\"line-height\":\"\"}'  class=\"title-left bb-top-title ult-responsive\" style=\"font-weight:normal;background:#242424;color:#ffffff;\">Nakon \u0161to ste kupili svoj dom u Turskoj<\/h2>\n\t<div class=\"mask opaque-background\" style=\"background:#dd9933;\">\n\t\t<div  data-ultimate-target='#interactive-banner-1-wrap-9112 .bb-description'  data-responsive-json-new='{\"font-size\":\"\",\"line-height\":\"\"}'  class=\"bb-description ult-responsive\" style=\"font-weight:normal;color:#ffffff;\">At ``Irlanya Homes`` We believe that customer service is not just part of our business, but service is our job.<\/div>\n\t<\/div><a class=\"bb-link\" href=\"\/services\/after-sales-service\/\" title=\"After you bought your home in Turkey\" ><\/a>\n<\/div>[\/vc_column][vc_column width=&#8221;1\/3&#8243;]\n<div id=\"interactive-banner-1-wrap-1946\" class=\"ult-banner-block ult-adjust-bottom-margin ult-bb-box ult-banner-block-custom-height banner-style01 \"   style=\"height:240px;\">\n\t<img decoding=\"async\" src=\"https:\/\/irlanyahomes.com\/wp-content\/uploads\/2020\/12\/mobler.jpg\" alt=\"null\">\n\t<h2  data-ultimate-target='#interactive-banner-1-wrap-1946 .bb-top-title '  data-responsive-json-new='{\"font-size\":\"\",\"line-height\":\"\"}'  class=\"title-left bb-top-title ult-responsive\" style=\"font-weight:normal;background:#242424;color:#ffffff;\">Namje\u0161taj i enterijer<\/h2>\n\t<div class=\"mask opaque-background\" style=\"background:#dd9933;\">\n\t\t<div  data-ultimate-target='#interactive-banner-1-wrap-1946 .bb-description'  data-responsive-json-new='{\"font-size\":\"\",\"line-height\":\"\"}'  class=\"bb-description ult-responsive\" style=\"font-weight:normal;color:#ffffff;\">``Irlanya Homes`` helps with the purchase of furniture and home furnishings. Our after sale team will take you to selected stores that offer good quality and service at no extra cost.<\/div>\n\t<\/div><a class=\"bb-link\" href=\"\/services\/furniture-and-interior\/\" title=\"Furniture and Interior\" ><\/a>\n<\/div>[\/vc_column][\/vc_row][vc_row][vc_column width=&#8221;1\/3&#8243;]\n<div id=\"interactive-banner-1-wrap-9989\" class=\"ult-banner-block ult-adjust-bottom-margin ult-bb-box ult-banner-block-custom-height banner-style01 \"   style=\"height:240px;\">\n\t<img decoding=\"async\" src=\"https:\/\/irlanyahomes.com\/wp-content\/uploads\/2021\/05\/inspection-trip.jpg\" alt=\"null\">\n\t<h2  data-ultimate-target='#interactive-banner-1-wrap-9989 .bb-top-title '  data-responsive-json-new='{\"font-size\":\"\",\"line-height\":\"\"}'  class=\"title-left bb-top-title ult-responsive\" style=\"font-weight:normal;background:#242424;color:#ffffff;\">Inspekcija Putovanje<\/h2>\n\t<div class=\"mask opaque-background\" style=\"background:#dd9933;\">\n\t\t<div  data-ultimate-target='#interactive-banner-1-wrap-9989 .bb-description'  data-responsive-json-new='{\"font-size\":\"\",\"line-height\":\"\"}'  class=\"bb-description ult-responsive\" style=\"font-weight:normal;color:#ffffff;\">Inspection tour of the property is giving you an opportunity to become acquainted with the place and see the different variations of the proposed properties.<\/div>\n\t<\/div><a class=\"bb-link\" href=\"\/services\/inspection-trip\/\" title=\"Inspection Trip\" ><\/a>\n<\/div>[\/vc_column][vc_column width=&#8221;1\/3&#8243;]\n<div id=\"interactive-banner-1-wrap-6877\" class=\"ult-banner-block ult-adjust-bottom-margin ult-bb-box ult-banner-block-custom-height banner-style01 \"   style=\"height:240px;\">\n\t<img decoding=\"async\" src=\"https:\/\/irlanyahomes.com\/wp-content\/uploads\/2020\/12\/service_after_sale.jpg\" alt=\"null\">\n\t<h2  data-ultimate-target='#interactive-banner-1-wrap-6877 .bb-top-title '  data-responsive-json-new='{\"font-size\":\"\",\"line-height\":\"\"}'  class=\"title-left bb-top-title ult-responsive\" style=\"font-weight:normal;background:#242424;color:#ffffff;\">Upravljanje nekretninama<\/h2>\n\t<div class=\"mask opaque-background\" style=\"background:#dd9933;\">\n\t\t<div  data-ultimate-target='#interactive-banner-1-wrap-6877 .bb-description'  data-responsive-json-new='{\"font-size\":\"\",\"line-height\":\"\"}'  class=\"bb-description ult-responsive\" style=\"font-weight:normal;color:#ffffff;\">Choosing a competent manager of your property in Turkey is an important factor influencing the further condition of your house \/ apartment.<\/div>\n\t<\/div><a class=\"bb-link\" href=\"\/services\/property-management\/\" title=\"Property management\" ><\/a>\n<\/div>[\/vc_column][vc_column width=&#8221;1\/3&#8243;]\n<div id=\"interactive-banner-1-wrap-9377\" class=\"ult-banner-block ult-adjust-bottom-margin ult-bb-box ult-banner-block-custom-height banner-style01 \"   style=\"height:240px;\">\n\t<img decoding=\"async\" src=\"https:\/\/irlanyahomes.com\/wp-content\/uploads\/2021\/05\/consulting.jpg\" alt=\"null\">\n\t<h2  data-ultimate-target='#interactive-banner-1-wrap-9377 .bb-top-title '  data-responsive-json-new='{\"font-size\":\"\",\"line-height\":\"\"}'  class=\"title-left bb-top-title ult-responsive\" style=\"font-weight:normal;background:#242424;color:#ffffff;\">Konsalting<\/h2>\n\t<div class=\"mask opaque-background\" style=\"background:#dd9933;\">\n\t\t<div  data-ultimate-target='#interactive-banner-1-wrap-9377 .bb-description'  data-responsive-json-new='{\"font-size\":\"\",\"line-height\":\"\"}'  class=\"bb-description ult-responsive\" style=\"font-weight:normal;color:#ffffff;\">We will bring profitable real estate projects to life in partnership with our clients<\/div>\n\t<\/div><a class=\"bb-link\" href=\"\/services\/consulting\/\" title=\"Consulting\" ><\/a>\n<\/div>[\/vc_column][\/vc_row][vc_row][vc_column][vc_empty_space][\/vc_column][\/vc_row]<\/p>\n","protected":false},"excerpt":{"rendered":"<p>[vc_row full_width=&#8221;stretch_row&#8221; css=&#8221;.vc_custom_1579420767104{margin-bottom: 24px !important;}&#8221;][vc_column][vc_column_text]U skladu sa na\u0161om politikom visokog kvaliteta formiranom kroz na\u0161u misiju, viziju i osnovne vrednosti, tako\u0111e verujemo u ogroman zna\u010daj zadovoljstva kupaca koje stvaraju na\u0161i proizvodi i usluge. Kako bismo vam pru\u017eili najbolju mogu\u0107u uslugu, mi u &#8220;Irlanya Homes\u00a0&#8221; smo oja\u010dali na\u0161u posve\u0107enost zadovoljstvu kupaca kroz sveukupne strategije i napore usmjerene [&hellip;]<\/p>\n","protected":false},"author":1,"featured_media":0,"parent":0,"menu_order":0,"comment_status":"closed","ping_status":"closed","template":"page_full-width-with-top-title.php","meta":{"footnotes":""},"_links":{"self":[{"href":"https:\/\/irlanyahomes.com\/ba\/wp-json\/wp\/v2\/pages\/2708"}],"collection":[{"href":"https:\/\/irlanyahomes.com\/ba\/wp-json\/wp\/v2\/pages"}],"about":[{"href":"https:\/\/irlanyahomes.com\/ba\/wp-json\/wp\/v2\/types\/page"}],"author":[{"embeddable":true,"href":"https:\/\/irlanyahomes.com\/ba\/wp-json\/wp\/v2\/users\/1"}],"replies":[{"embeddable":true,"href":"https:\/\/irlanyahomes.com\/ba\/wp-json\/wp\/v2\/comments?post=2708"}],"version-history":[{"count":4,"href":"https:\/\/irlanyahomes.com\/ba\/wp-json\/wp\/v2\/pages\/2708\/revisions"}],"predecessor-version":[{"id":28488,"href":"https:\/\/irlanyahomes.com\/ba\/wp-json\/wp\/v2\/pages\/2708\/revisions\/28488"}],"wp:attachment":[{"href":"https:\/\/irlanyahomes.com\/ba\/wp-json\/wp\/v2\/media?parent=2708"}],"curies":[{"name":"wp","href":"https:\/\/api.w.org\/{rel}","templated":true}]}}