{"id":23263,"date":"2021-05-17T19:26:47","date_gmt":"2021-05-17T16:26:47","guid":{"rendered":"https:\/\/irlanyahomes.com\/?page_id=23263"},"modified":"2021-11-22T10:09:34","modified_gmt":"2021-11-22T07:09:34","slug":"furniture-interior","status":"publish","type":"page","link":"https:\/\/irlanyahomes.com\/ba\/services\/furniture-interior\/","title":{"rendered":"Namje\u0161taj &#038; Interijer"},"content":{"rendered":"<p>[vc_row content_placement=&#8221;middle&#8221;][vc_column width=&#8221;1\/3&#8243;][vc_single_image image=&#8221;23313&#8243; img_size=&#8221;full&#8221; onclick=&#8221;link_image&#8221;][\/vc_column][vc_column width=&#8221;2\/3&#8243;][vc_column_text]<strong>Opremanje i enterijer Va\u0161e nekretnine u Alanji. Sada ste kupili svoju nekretninu iz snova u Alanji i sada \u017eelite da po\u010dnete da unosite svoje li\u010dne detalje u svoj novi dom.<\/strong>[\/vc_column_text][\/vc_column][\/vc_row][vc_row][vc_column][vc_column_text]Na\u0161 profesionalni i pouzdan tim pomo\u0107i \u0107e Vam da se brzo i bez napora uselite u Va\u0161 novi stan ili vilu. Radimo sa nekoliko prodavnica name\u0161taja, bele tehnike i mekog name\u0161taja u Alanji, tako da svako mo\u017ee da prona\u0111e ne\u0161to \u0161to odgovara njegovom jedinstvenom stilu i bud\u017eetu. Zatim nadgledamo isporuku ovoga na vrijeme iu okviru bud\u017eeta.[\/vc_column_text][\/vc_column][\/vc_row]<\/p>\n","protected":false},"excerpt":{"rendered":"<p>[vc_row content_placement=&#8221;middle&#8221;][vc_column width=&#8221;1\/3&#8243;][vc_single_image image=&#8221;23313&#8243; img_size=&#8221;full&#8221; onclick=&#8221;link_image&#8221;][\/vc_column][vc_column width=&#8221;2\/3&#8243;][vc_column_text]Opremanje i enterijer Va\u0161e nekretnine u Alanji. Sada ste kupili svoju nekretninu iz snova u Alanji i sada \u017eelite da po\u010dnete da unosite svoje li\u010dne detalje u svoj novi dom.[\/vc_column_text][\/vc_column][\/vc_row][vc_row][vc_column][vc_column_text]Na\u0161 profesionalni i pouzdan tim pomo\u0107i \u0107e Vam da se brzo i bez napora uselite u Va\u0161 novi stan ili [&hellip;]<\/p>\n","protected":false},"author":1,"featured_media":0,"parent":2708,"menu_order":0,"comment_status":"closed","ping_status":"closed","template":"page_right-sidebar-with-top-title.php","meta":{"footnotes":""},"_links":{"self":[{"href":"https:\/\/irlanyahomes.com\/ba\/wp-json\/wp\/v2\/pages\/23263"}],"collection":[{"href":"https:\/\/irlanyahomes.com\/ba\/wp-json\/wp\/v2\/pages"}],"about":[{"href":"https:\/\/irlanyahomes.com\/ba\/wp-json\/wp\/v2\/types\/page"}],"author":[{"embeddable":true,"href":"https:\/\/irlanyahomes.com\/ba\/wp-json\/wp\/v2\/users\/1"}],"replies":[{"embeddable":true,"href":"https:\/\/irlanyahomes.com\/ba\/wp-json\/wp\/v2\/comments?post=23263"}],"version-history":[{"count":4,"href":"https:\/\/irlanyahomes.com\/ba\/wp-json\/wp\/v2\/pages\/23263\/revisions"}],"predecessor-version":[{"id":28454,"href":"https:\/\/irlanyahomes.com\/ba\/wp-json\/wp\/v2\/pages\/23263\/revisions\/28454"}],"up":[{"embeddable":true,"href":"https:\/\/irlanyahomes.com\/ba\/wp-json\/wp\/v2\/pages\/2708"}],"wp:attachment":[{"href":"https:\/\/irlanyahomes.com\/ba\/wp-json\/wp\/v2\/media?parent=23263"}],"curies":[{"name":"wp","href":"https:\/\/api.w.org\/{rel}","templated":true}]}}