{"id":23255,"date":"2021-05-17T16:21:15","date_gmt":"2021-05-17T13:21:15","guid":{"rendered":"https:\/\/irlanyahomes.com\/?page_id=23255"},"modified":"2021-11-22T10:11:04","modified_gmt":"2021-11-22T07:11:04","slug":"inspection-trip","status":"publish","type":"page","link":"https:\/\/irlanyahomes.com\/ba\/services\/inspection-trip\/","title":{"rendered":"Inspekcija Putovanje"},"content":{"rendered":"<p>[vc_row content_placement=&#8221;middle&#8221;][vc_column width=&#8221;1\/3&#8243;][vc_single_image image=&#8221;23288&#8243; img_size=&#8221;full&#8221; onclick=&#8221;link_image&#8221;][\/vc_column][vc_column width=&#8221;2\/3&#8243;][vc_column_text]Kupovina nekretnine je va\u017ena odluka, posebno ako se odlu\u010dite za kupovinu nekretnine u inostranstvu. Obi\u010dno kupac mo\u017ee imati ograni\u010deno vrijeme i postoji veliki izbor nekretnina na raspolaganju. Naravno, pomo\u0107i \u0107e vam i online pregled stanova iz kataloga, bro\u0161ura, fotografija i video klipova. Moderna tehnologija nam omogu\u0107ava da vam ponudimo vizuelne informacije visokog kvaliteta, ali vam ne nudimo pogled na licu mesta, pa nije uvek istinit i informativan utisak; stoga Vam mo\u017eemo ponuditi inspekcijski izlet.[\/vc_column_text][\/vc_column][\/vc_row][vc_row][vc_column][vc_column_text]Inspekcijski obilazak nudi vam priliku da se upoznate sa mjestom i vidite razli\u010dite lokacije predlo\u017eenih nekretnina. Tako\u0111er \u0107ete dobiti vi\u0161e informacija o gradu, lokaciji nekretnine i da steknete utisak o tome kako se ovdje \u017eivi i podru\u010djima koja preferirate.<\/p>\n<p>Irlanya Homes Vam nudi ove usluge:<\/p>\n<p>Sastanak na aerodromu i transfer do hotela<br \/>\nBoravak u hotelu u gradu ili apartmanu 3-4 dana<br \/>\nPosjetite nekretninu<br \/>\nSavjeti za kupovinu nekretnine<br \/>\nSavjetovanje o tr\u017ei\u0161tu nekretnina u Alanji<br \/>\nTransfer do aerodroma<\/p>\n<p>Tokom va\u0161e posjete bi\u0107ete u pratnji stru\u010dnog licenciranog stru\u010dnjaka za nekretnine na\u0161e organizacije koji \u0107e odgovoriti na sva va\u0161a pitanja, dati savjete u procesu kupovine nekretnine i besprijekornu postprodajnu uslugu.<\/p>\n<p>Takva putovanja \u0107e vam pomo\u0107i da stvorite objektivno mi\u0161ljenje o nekretnini i tome koji nivo kvaliteta i stila preferirate u Turskoj.<\/p>\n<p>Ukoliko kupite nekretninu kod na\u0161e kompanije IRLANYA HOMES kompanija \u0107e u potpunosti pokriti sve tro\u0161kove za kupca, uklju\u010duju\u0107i let, prijevoz i smje\u0161taj.<\/p>\n<p>Kre\u0107i svoj put<\/p>\n<p>Ako se sami dogovarate za putovanje u Tursku, rado \u0107emo vam dogovoriti termine prije va\u0161eg polaska. Ovo je da bismo osigurali da razumijemo va\u0161e to\u010dne zahtjeve kako bismo pripremili va\u0161 portfelj li\u010dnih nekretnina prije va\u0161eg dolaska na odabrano odredi\u0161te. Jedan od na\u0161ih kolega \u0107e se pobrinuti da vidite upravo ono \u0161to tra\u017eite.<\/p>\n<p>Alternativno, mo\u017eete kontaktirati na\u0161u kancelariju u Alanji i na\u0161e osoblje \u0107e vam rado dogovoriti da vidite bilo koju nekretninu za prodaju u Alanji, Obi, Tosmuru, Kestelu, Mahmutlaru, Kargicaku, Demirta\u0161u, Tepeu, Bekta\u0161u i jo\u0161 mnogo toga.[\/vc_column_text][\/vc_column][\/vc_row]<\/p>\n","protected":false},"excerpt":{"rendered":"<p>[vc_row content_placement=&#8221;middle&#8221;][vc_column width=&#8221;1\/3&#8243;][vc_single_image image=&#8221;23288&#8243; img_size=&#8221;full&#8221; onclick=&#8221;link_image&#8221;][\/vc_column][vc_column width=&#8221;2\/3&#8243;][vc_column_text]Kupovina nekretnine je va\u017ena odluka, posebno ako se odlu\u010dite za kupovinu nekretnine u inostranstvu. Obi\u010dno kupac mo\u017ee imati ograni\u010deno vrijeme i postoji veliki izbor nekretnina na raspolaganju. Naravno, pomo\u0107i \u0107e vam i online pregled stanova iz kataloga, bro\u0161ura, fotografija i video klipova. Moderna tehnologija nam omogu\u0107ava da vam ponudimo [&hellip;]<\/p>\n","protected":false},"author":1,"featured_media":0,"parent":2708,"menu_order":0,"comment_status":"closed","ping_status":"closed","template":"page_right-sidebar-with-top-title.php","meta":{"footnotes":""},"_links":{"self":[{"href":"https:\/\/irlanyahomes.com\/ba\/wp-json\/wp\/v2\/pages\/23255"}],"collection":[{"href":"https:\/\/irlanyahomes.com\/ba\/wp-json\/wp\/v2\/pages"}],"about":[{"href":"https:\/\/irlanyahomes.com\/ba\/wp-json\/wp\/v2\/types\/page"}],"author":[{"embeddable":true,"href":"https:\/\/irlanyahomes.com\/ba\/wp-json\/wp\/v2\/users\/1"}],"replies":[{"embeddable":true,"href":"https:\/\/irlanyahomes.com\/ba\/wp-json\/wp\/v2\/comments?post=23255"}],"version-history":[{"count":4,"href":"https:\/\/irlanyahomes.com\/ba\/wp-json\/wp\/v2\/pages\/23255\/revisions"}],"predecessor-version":[{"id":28455,"href":"https:\/\/irlanyahomes.com\/ba\/wp-json\/wp\/v2\/pages\/23255\/revisions\/28455"}],"up":[{"embeddable":true,"href":"https:\/\/irlanyahomes.com\/ba\/wp-json\/wp\/v2\/pages\/2708"}],"wp:attachment":[{"href":"https:\/\/irlanyahomes.com\/ba\/wp-json\/wp\/v2\/media?parent=23255"}],"curies":[{"name":"wp","href":"https:\/\/api.w.org\/{rel}","templated":true}]}}