{"id":2323,"date":"2017-10-06T17:38:13","date_gmt":"2017-10-06T17:38:13","guid":{"rendered":"https:\/\/myhometheme.net\/default\/?page_id=2323"},"modified":"2022-09-26T16:51:25","modified_gmt":"2022-09-26T13:51:25","slug":"tapu-title-deed","status":"publish","type":"page","link":"https:\/\/irlanyahomes.com\/ba\/blog\/tapu-title-deed\/","title":{"rendered":"Tapu (vlasni\u010dki list)"},"content":{"rendered":"<p>[vc_row][vc_column width=&#8221;1\/3&#8243;][vc_single_image image=&#8221;3485&#8243; img_size=&#8221;medium&#8221; onclick=&#8221;link_image&#8221;][\/vc_column][vc_column width=&#8221;2\/3&#8243;]<div class=\"mh-heading-wrapper--left \">\r\n\t\r\n        <div class=\"mh-heading-wrapper\">\r\n            <h4            class=\"mh-heading  mh-heading--bottom-separator   \"\r\n            style=\"font-weight:700;\">\r\n\t\t\tTapu (vlasni\u010dki list)        <\/h4>\r\n\r\n\t\t    <\/div>\r\n\r\n\t<\/div>[vc_column_text]Dokument koji potvr\u0111uje vlasni\u0161tvo nad imovinom u Turskoj naziva se Tapu.<br \/>\nOvu potvrdu izdaje katastarski ured grada. U mati\u010dnu knjigu upisuje se dokaz o vlasni\u0161tvu fizi\u010dkog ili pravnog lica na nepokretnosti.<\/p>\n<p>Pink tapu se izdaje za nekretninu, koja je stambeni, poslovni objekat ili drugu vrstu gra\u0111evine.[\/vc_column_text][\/vc_column][\/vc_row][vc_row][vc_column][vc_column_text]Tapu sadr\u017ei sljede\u0107e informacije:<\/p>\n<p>Adresa i broj parcele na kojoj se nekretnina nalazi<br \/>\nVlasni\u010dka fotografija<br \/>\nPodaci o vlasniku<br \/>\nDatum kupovine od strane vlasnika<br \/>\nInformacija o upisu zemlji\u0161ne parcele u Katastarsku kancelariju<br \/>\nVrsta nekretnine (zemlji\u0161te, zgrada i sl.)<br \/>\nStatus nekretnine (poseban objekat, dio objekta, zajedni\u010dko kori\u0161tenje)<br \/>\nSerijski broj i registracioni podaci TAPU<br \/>\npovr\u0161ina zemlji\u0161ta (proporcionalna veli\u010dini kupljenog stambenog prostora)<br \/>\nVrijednost kupljene nekretnine<br \/>\nPotpis ovla\u0161\u0107enog lica i pe\u010dat katastarskog odeljenja itd.<\/p>\n<p>Stavke na koje treba obratiti pa\u017enju:<br \/>\nPlavi tapu se izdaje za nepokretnu imovinu koja predstavlja zemlji\u0161te, njive, ba\u0161te i druge neizgra\u0111ene povr\u0161ine.[\/vc_column_text][\/vc_column][\/vc_row][vc_row][vc_column][vc_column_text]Prilikom kupovine stana ili vile u Turskoj, da bi sa\u010dinio dokumente za dobijanje potvrde o vlasni\u0161tvu nad nekretninom (u Turskoj se ovaj dokument naziva TAPU), kupac treba samo da ima strani paso\u0161. paso\u0161. Svi ostali dokumenti se obra\u0111uju lokalno u Turskoj.[\/vc_column_text][\/vc_column][\/vc_row]<\/p>\n","protected":false},"excerpt":{"rendered":"<p>[vc_row][vc_column width=&#8221;1\/3&#8243;][vc_single_image image=&#8221;3485&#8243; img_size=&#8221;medium&#8221; onclick=&#8221;link_image&#8221;][\/vc_column][vc_column width=&#8221;2\/3&#8243;][vc_column_text]Dokument koji potvr\u0111uje vlasni\u0161tvo nad imovinom u Turskoj naziva se Tapu. Ovu potvrdu izdaje katastarski ured grada. U mati\u010dnu knjigu upisuje se dokaz o vlasni\u0161tvu fizi\u010dkog ili pravnog lica na nepokretnosti. Pink tapu se izdaje za nekretninu, koja je stambeni, poslovni objekat ili drugu vrstu gra\u0111evine.[\/vc_column_text][\/vc_column][\/vc_row][vc_row][vc_column][vc_column_text]Tapu sadr\u017ei sljede\u0107e informacije: Adresa [&hellip;]<\/p>\n","protected":false},"author":1,"featured_media":3485,"parent":1721,"menu_order":0,"comment_status":"closed","ping_status":"closed","template":"","meta":{"footnotes":""},"_links":{"self":[{"href":"https:\/\/irlanyahomes.com\/ba\/wp-json\/wp\/v2\/pages\/2323"}],"collection":[{"href":"https:\/\/irlanyahomes.com\/ba\/wp-json\/wp\/v2\/pages"}],"about":[{"href":"https:\/\/irlanyahomes.com\/ba\/wp-json\/wp\/v2\/types\/page"}],"author":[{"embeddable":true,"href":"https:\/\/irlanyahomes.com\/ba\/wp-json\/wp\/v2\/users\/1"}],"replies":[{"embeddable":true,"href":"https:\/\/irlanyahomes.com\/ba\/wp-json\/wp\/v2\/comments?post=2323"}],"version-history":[{"count":4,"href":"https:\/\/irlanyahomes.com\/ba\/wp-json\/wp\/v2\/pages\/2323\/revisions"}],"predecessor-version":[{"id":28457,"href":"https:\/\/irlanyahomes.com\/ba\/wp-json\/wp\/v2\/pages\/2323\/revisions\/28457"}],"up":[{"embeddable":true,"href":"https:\/\/irlanyahomes.com\/ba\/wp-json\/wp\/v2\/pages\/1721"}],"wp:featuredmedia":[{"embeddable":true,"href":"https:\/\/irlanyahomes.com\/ba\/wp-json\/wp\/v2\/media\/3485"}],"wp:attachment":[{"href":"https:\/\/irlanyahomes.com\/ba\/wp-json\/wp\/v2\/media?parent=2323"}],"curies":[{"name":"wp","href":"https:\/\/api.w.org\/{rel}","templated":true}]}}