{"id":20180,"date":"2021-04-24T11:52:02","date_gmt":"2021-04-24T08:52:02","guid":{"rendered":"https:\/\/irlanyahomes.com\/?page_id=20180"},"modified":"2021-11-22T10:07:58","modified_gmt":"2021-11-22T07:07:58","slug":"consulting","status":"publish","type":"page","link":"https:\/\/irlanyahomes.com\/ba\/services\/consulting\/","title":{"rendered":"Konsalting"},"content":{"rendered":"<p>[vc_row][vc_column][vc_column_text]<strong>Poma\u017eemo da profitabilni projekti nekretnina za\u017eive za na\u0161e klijente.<\/strong>[\/vc_column_text][\/vc_column][\/vc_row][vc_row][vc_column][vc_column_text]Veliko iskustvo na turskom tr\u017ei\u0161tu, poznavanje istorije tr\u017ei\u0161ta nekretnina, redovno pra\u0107enje tr\u017ei\u0161ta omogu\u0107avaju Irlanya Homes da implementira jedinstvene projekte nekretnina u Alanji. Jednostavno: razvijamo prilago\u0111enu strategiju, razgovaramo o bud\u017eetu i rasporedu za implementaciju va\u0161eg jedinstvenog projekta.<\/p>\n<p>Lista usluga koje pru\u017eaju iskusni i stru\u010dni konsultanti kompanije uklju\u010duje:<\/p>\n<p>Analiza parcele na podru\u010dju Alanje<br \/>\nPotpuna analiza tr\u017ei\u0161ta<br \/>\nAnaliza najbolje upotrebe za stranicu<br \/>\nRazvoj koncepta \u201cod nule\u201d od prvog do zavr\u0161enog projekta<br \/>\nPreporuke o konceptu i infrastrukturnom sadr\u017eaju projekata<br \/>\nAnaliza konkurencije<br \/>\nEkonomska analiza projekata<br \/>\nAnaliza ulaganja i detaljna priprema projekata, stru\u010dna pomo\u0107 oko investicione dokumentacije[\/vc_column_text][\/vc_column][\/vc_row]<\/p>\n","protected":false},"excerpt":{"rendered":"<p>[vc_row][vc_column][vc_column_text]Poma\u017eemo da profitabilni projekti nekretnina za\u017eive za na\u0161e klijente.[\/vc_column_text][\/vc_column][\/vc_row][vc_row][vc_column][vc_column_text]Veliko iskustvo na turskom tr\u017ei\u0161tu, poznavanje istorije tr\u017ei\u0161ta nekretnina, redovno pra\u0107enje tr\u017ei\u0161ta omogu\u0107avaju Irlanya Homes da implementira jedinstvene projekte nekretnina u Alanji. Jednostavno: razvijamo prilago\u0111enu strategiju, razgovaramo o bud\u017eetu i rasporedu za implementaciju va\u0161eg jedinstvenog projekta. Lista usluga koje pru\u017eaju iskusni i stru\u010dni konsultanti kompanije uklju\u010duje: Analiza [&hellip;]<\/p>\n","protected":false},"author":14,"featured_media":0,"parent":2708,"menu_order":0,"comment_status":"closed","ping_status":"closed","template":"page_right-sidebar-with-top-title.php","meta":{"footnotes":""},"_links":{"self":[{"href":"https:\/\/irlanyahomes.com\/ba\/wp-json\/wp\/v2\/pages\/20180"}],"collection":[{"href":"https:\/\/irlanyahomes.com\/ba\/wp-json\/wp\/v2\/pages"}],"about":[{"href":"https:\/\/irlanyahomes.com\/ba\/wp-json\/wp\/v2\/types\/page"}],"author":[{"embeddable":true,"href":"https:\/\/irlanyahomes.com\/ba\/wp-json\/wp\/v2\/users\/14"}],"replies":[{"embeddable":true,"href":"https:\/\/irlanyahomes.com\/ba\/wp-json\/wp\/v2\/comments?post=20180"}],"version-history":[{"count":5,"href":"https:\/\/irlanyahomes.com\/ba\/wp-json\/wp\/v2\/pages\/20180\/revisions"}],"predecessor-version":[{"id":28453,"href":"https:\/\/irlanyahomes.com\/ba\/wp-json\/wp\/v2\/pages\/20180\/revisions\/28453"}],"up":[{"embeddable":true,"href":"https:\/\/irlanyahomes.com\/ba\/wp-json\/wp\/v2\/pages\/2708"}],"wp:attachment":[{"href":"https:\/\/irlanyahomes.com\/ba\/wp-json\/wp\/v2\/media?parent=20180"}],"curies":[{"name":"wp","href":"https:\/\/api.w.org\/{rel}","templated":true}]}}