{"id":1365,"date":"2017-03-03T09:04:57","date_gmt":"2017-03-03T06:04:57","guid":{"rendered":"http:\/\/localhost\/newhome\/?page_id=1365"},"modified":"2021-11-22T10:05:57","modified_gmt":"2021-11-22T07:05:57","slug":"after-sales-service","status":"publish","type":"page","link":"https:\/\/irlanyahomes.com\/ba\/services\/after-sales-service\/","title":{"rendered":"Uslugu nakon prodaje"},"content":{"rendered":"<p>[vc_row content_placement=&#8221;middle&#8221;][vc_column width=&#8221;1\/3&#8243;][vc_single_image image=&#8221;23270&#8243; img_size=&#8221;large&#8221; onclick=&#8221;link_image&#8221;][\/vc_column][vc_column width=&#8221;2\/3&#8243;][vc_column_text]<strong>Pa, sada ste postali vlasnik nekretnina na podru\u010dju Alanje.<\/strong><br \/>\n<strong>Sada razmi\u0161ljate o tome kako svoj novi dom u\u010diniti doma\u0107im i ugodnim.<\/strong>[\/vc_column_text][\/vc_column][\/vc_row][vc_row][vc_column][vc_column_text]Nakon kupovine nekretnine u Alanji, pojavljuju se novi zadaci kao \u0161to su isplata ra\u010duna za vodu i struju na svoje ime, kupovina mekog namje\u0161taja i ku\u0107anskih aparata, te drugi uobi\u010dajeni ku\u0107ni problemi koje stranac ne mo\u017ee samostalno i efikasno rije\u0161iti bez pomo\u0107i lokalnog stanovni\u0161tva. Ovdje je potrebna stru\u010dna pomo\u0107!<\/p>\n<p>Slu\u017eba za postprodajne usluge kompanije rado \u0107e vam pomo\u0107i u bilo kojem zadatku:<\/p>\n<p>Prevoz stvari iz Turske ili inostranstva<br \/>\nPomo\u0107 pri sklapanju ugovora o pretplati za pru\u017eanje usluga vodosnabdijevanja, snabdijevanja energijom, internet zemlji\u0161ta i mobilne telefonije<br \/>\n\u010ci\u0161\u0107enje<br \/>\nDizajnersko renoviranje<br \/>\nKupovina namje\u0161taja i ku\u0107anskih aparata<\/p>\n<p>Na\u0161 stru\u010dni i obrazovan tim uvijek po\u0161tuje \u017eelje na\u0161ih kupaca i uvijek se brine da sve bude ura\u0111eno najkvalitetnije, ekonomi\u010dno, bez gre\u0161aka i na vrijeme.[\/vc_column_text][\/vc_column][\/vc_row]<\/p>\n","protected":false},"excerpt":{"rendered":"<p>[vc_row content_placement=&#8221;middle&#8221;][vc_column width=&#8221;1\/3&#8243;][vc_single_image image=&#8221;23270&#8243; img_size=&#8221;large&#8221; onclick=&#8221;link_image&#8221;][\/vc_column][vc_column width=&#8221;2\/3&#8243;][vc_column_text]Pa, sada ste postali vlasnik nekretnina na podru\u010dju Alanje. Sada razmi\u0161ljate o tome kako svoj novi dom u\u010diniti doma\u0107im i ugodnim.[\/vc_column_text][\/vc_column][\/vc_row][vc_row][vc_column][vc_column_text]Nakon kupovine nekretnine u Alanji, pojavljuju se novi zadaci kao \u0161to su isplata ra\u010duna za vodu i struju na svoje ime, kupovina mekog namje\u0161taja i ku\u0107anskih aparata, te drugi [&hellip;]<\/p>\n","protected":false},"author":1,"featured_media":0,"parent":2708,"menu_order":0,"comment_status":"closed","ping_status":"closed","template":"page_right-sidebar-with-top-title.php","meta":{"footnotes":""},"_links":{"self":[{"href":"https:\/\/irlanyahomes.com\/ba\/wp-json\/wp\/v2\/pages\/1365"}],"collection":[{"href":"https:\/\/irlanyahomes.com\/ba\/wp-json\/wp\/v2\/pages"}],"about":[{"href":"https:\/\/irlanyahomes.com\/ba\/wp-json\/wp\/v2\/types\/page"}],"author":[{"embeddable":true,"href":"https:\/\/irlanyahomes.com\/ba\/wp-json\/wp\/v2\/users\/1"}],"replies":[{"embeddable":true,"href":"https:\/\/irlanyahomes.com\/ba\/wp-json\/wp\/v2\/comments?post=1365"}],"version-history":[{"count":4,"href":"https:\/\/irlanyahomes.com\/ba\/wp-json\/wp\/v2\/pages\/1365\/revisions"}],"predecessor-version":[{"id":28452,"href":"https:\/\/irlanyahomes.com\/ba\/wp-json\/wp\/v2\/pages\/1365\/revisions\/28452"}],"up":[{"embeddable":true,"href":"https:\/\/irlanyahomes.com\/ba\/wp-json\/wp\/v2\/pages\/2708"}],"wp:attachment":[{"href":"https:\/\/irlanyahomes.com\/ba\/wp-json\/wp\/v2\/media?parent=1365"}],"curies":[{"name":"wp","href":"https:\/\/api.w.org\/{rel}","templated":true}]}}